{"id":378,"date":"2018-04-12T17:29:33","date_gmt":"2018-04-12T14:29:33","guid":{"rendered":"https:\/\/www.intmega.com\/urunler\/uncategorized\/recirculating-loop-system\/"},"modified":"2018-05-28T16:48:10","modified_gmt":"2018-05-28T13:48:10","slug":"recirculating-loop-system","status":"publish","type":"product","link":"https:\/\/www.intmega.com\/en\/products\/nir-spectrometers-and-acousto-optic-systems\/fiber-coupled-acousto-optic-devices\/recirculating-loop-system\/","title":{"rendered":"Recirculating Loop System"},"content":{"rendered":"<div class=\"wpb-content-wrapper\"><p>[vc_row][vc_column][vc_column_text]To simulate and test long distance fiber optic communication lines, Brimrose has developed a fiber-coupled AO modulation system. The recirculating loop system consists of two fiber-coupled AO modulators\/switches and a corresponding RF driver.<\/p>\n<p>One of the AO modulators\/switches is placed outside the loop to define the loading time and the second AOM is placed inside the loop to define the recirculating time or distance of the pulse transmission.[\/vc_column_text][\/vc_column][\/vc_row][vc_section full_width=&#8221;stretch_row_content&#8221; css=&#8221;.vc_custom_1527515287044{margin-top: 20px !important;}&#8221;][vc_row row_content_width=&#8221;grid&#8221; css=&#8221;.vc_custom_1525372743927{margin-top: 30px !important;}&#8221;][vc_column width=&#8221;1\/2&#8243;][vc_column_text]<strong>KEY FEATURES<\/strong><\/p>\n<ul>\n<li>Low Insertion Loss<\/li>\n<li>No O-rings<\/li>\n<li>Rack-mount Enclosure<\/li>\n<li>High Extinction Ratio<\/li>\n<li>No Frequency Shift<\/li>\n<li>Inside Loop Recirculating Switch<\/li>\n<li>Outside Loop Loading Switch<\/li>\n<li>Custom Configurations Available<\/li>\n<\/ul>\n<p>[\/vc_column_text][\/vc_column][vc_column width=&#8221;1\/2&#8243;][vc_column_text]<strong>APPLICATIONS<\/strong><\/p>\n<ul>\n<li>Simulating and Testing of Long Distance Fiber Optic Communication Lines<\/li>\n<li>OEM Designs<\/li>\n<\/ul>\n<p>[\/vc_column_text][\/vc_column][\/vc_row][\/vc_section][vc_section full_width=&#8221;stretch_row_content&#8221;][vc_row equal_height=&#8221;yes&#8221; row_content_width=&#8221;grid&#8221; css=&#8221;.vc_custom_1526994225891{padding-bottom: 20px !important;}&#8221;][vc_column width=&#8221;1\/2&#8243;][\/vc_column][vc_column width=&#8221;1\/2&#8243;]<div class=\"mkdf-info-list\">\n    <div class=\"mkdf-info-list-inner\">\n        \n        <div class=\"mkdf-info-list-items\">\n                    <\/div>\n\n        <a itemprop=\"url\" href=\"\/en\/contact-us\/\" target=\"_self\"  class=\"mkdf-btn mkdf-btn-medium mkdf-btn-solid mkdf-btn-solid-dark mkdf-btn-icon mkdf-info-list-button\"  >    <span class=\"mkdf-btn-text\">Reach to Us<\/span>    <span class=\"mkdf-btn-icon-holder\">        <span class=\"mkdf-btn-icon-normal\" ><i class=\"mkdf-icon-ion-icon ion-chevron-right \" ><\/i><\/span>        <span class=\"mkdf-btn-icon-flip\" ><i class=\"mkdf-icon-ion-icon ion-chevron-right \" ><\/i><\/span>    <\/span><\/a>    <\/div>\n<\/div>[\/vc_column][\/vc_row][\/vc_section][vc_section full_width=&#8221;stretch_row_content&#8221; css=&#8221;.vc_custom_1526994188310{padding-bottom: 60px !important;background-color: #f3f3f3 !important;}&#8221;][vc_row row_content_width=&#8221;grid&#8221;][vc_column][vc_custom_heading text=&#8221;Brimrose Fiber Coupled Acousto-Optic Devices&#8221; font_container=&#8221;tag:h2|text_align:left|color:%23515151&#8243; use_theme_fonts=&#8221;yes&#8221;][\/vc_column][\/vc_row][vc_row row_content_width=&#8221;grid&#8221; css=&#8221;.vc_custom_1526992110487{margin-top: 20px !important;}&#8221;][vc_column][vc_column_text]<strong>ADVANTAGES<\/strong><\/p>\n<ul>\n<li>Frequency Ranges : as low as 40 MHz to 1GHz<\/li>\n<li>Low Insertion Losses (~2-3 dB)<\/li>\n<li>Fast Switching Speed &lt; 10 nsec<\/li>\n<li>High Extinction Ratio &gt;50 dB or better upon request<\/li>\n<li>Optical Power Handling &#8211; up to 5W CW<\/li>\n<li>SM &#8211; PM Fibers \u2013 FC\/APC Connectors<\/li>\n<\/ul>\n<p>[\/vc_column_text][\/vc_column][\/vc_row][\/vc_section]<\/p>\n<\/div>","protected":false},"excerpt":{"rendered":"<p>[vc_row][vc_column][vc_column_text]To simulate and test long distance fiber optic communication lines, Brimrose has developed a fiber-coupled AO modulation system. The recirculating loop system consists of two fiber-coupled AO modulators\/switches and a corresponding RF driver. One of the AO modulators\/switches is placed [&hellip;]<\/p>\n","protected":false},"featured_media":1104,"template":"","meta":{"_monsterinsights_skip_tracking":false,"_monsterinsights_sitenote_active":false,"_monsterinsights_sitenote_note":"","_monsterinsights_sitenote_category":0},"product_brand":[],"product_cat":[52,33],"product_tag":[],"class_list":{"0":"post-378","1":"product","2":"type-product","3":"status-publish","4":"has-post-thumbnail","6":"product_cat-fiber-coupled-acousto-optic-devices","7":"product_cat-nir-spectrometers-and-acousto-optic-systems","9":"first","10":"instock","11":"shipping-taxable","12":"product-type-simple"},"yoast_head":"<!-- This site is optimized with the Yoast SEO plugin v27.3 - https:\/\/yoast.com\/product\/yoast-seo-wordpress\/ -->\n<title>Recirculating Loop System - iNTMEGA<\/title>\n<meta name=\"robots\" content=\"index, follow, max-snippet:-1, max-image-preview:large, max-video-preview:-1\" \/>\n<link rel=\"canonical\" href=\"https:\/\/www.intmega.com\/en\/products\/nir-spectrometers-and-acousto-optic-systems\/fiber-coupled-acousto-optic-devices\/recirculating-loop-system\/\" \/>\n<meta property=\"og:locale\" content=\"en_US\" \/>\n<meta property=\"og:type\" content=\"article\" \/>\n<meta property=\"og:title\" content=\"Recirculating Loop System - iNTMEGA\" \/>\n<meta property=\"og:description\" content=\"[vc_row][vc_column][vc_column_text]To simulate and test long distance fiber optic communication lines, Brimrose has developed a fiber-coupled AO modulation system. The recirculating loop system consists of two fiber-coupled AO modulators\/switches and a corresponding RF driver. One of the AO modulators\/switches is placed [&hellip;]\" \/>\n<meta property=\"og:url\" content=\"https:\/\/www.intmega.com\/en\/products\/nir-spectrometers-and-acousto-optic-systems\/fiber-coupled-acousto-optic-devices\/recirculating-loop-system\/\" \/>\n<meta property=\"og:site_name\" content=\"iNTMEGA\" \/>\n<meta property=\"article:modified_time\" content=\"2018-05-28T13:48:10+00:00\" \/>\n<meta property=\"og:image\" content=\"https:\/\/www.intmega.com\/wp-content\/uploads\/2018\/04\/sirkulasyonlu-dongu-sistemi-brimrose-intmega.jpg\" \/>\n\t<meta property=\"og:image:width\" content=\"300\" \/>\n\t<meta property=\"og:image:height\" content=\"300\" \/>\n\t<meta property=\"og:image:type\" content=\"image\/jpeg\" \/>\n<meta name=\"twitter:card\" content=\"summary_large_image\" \/>\n<meta name=\"twitter:site\" content=\"@intmega1993\" \/>\n<meta name=\"twitter:label1\" content=\"Est. reading time\" \/>\n\t<meta name=\"twitter:data1\" content=\"2 minutes\" \/>\n<script type=\"application\/ld+json\" class=\"yoast-schema-graph\">{\"@context\":\"https:\\\/\\\/schema.org\",\"@graph\":[{\"@type\":\"WebPage\",\"@id\":\"https:\\\/\\\/www.intmega.com\\\/en\\\/products\\\/nir-spectrometers-and-acousto-optic-systems\\\/fiber-coupled-acousto-optic-devices\\\/recirculating-loop-system\\\/\",\"url\":\"https:\\\/\\\/www.intmega.com\\\/en\\\/products\\\/nir-spectrometers-and-acousto-optic-systems\\\/fiber-coupled-acousto-optic-devices\\\/recirculating-loop-system\\\/\",\"name\":\"Recirculating Loop System - iNTMEGA\",\"isPartOf\":{\"@id\":\"https:\\\/\\\/www.intmega.com\\\/en\\\/#website\"},\"primaryImageOfPage\":{\"@id\":\"https:\\\/\\\/www.intmega.com\\\/en\\\/products\\\/nir-spectrometers-and-acousto-optic-systems\\\/fiber-coupled-acousto-optic-devices\\\/recirculating-loop-system\\\/#primaryimage\"},\"image\":{\"@id\":\"https:\\\/\\\/www.intmega.com\\\/en\\\/products\\\/nir-spectrometers-and-acousto-optic-systems\\\/fiber-coupled-acousto-optic-devices\\\/recirculating-loop-system\\\/#primaryimage\"},\"thumbnailUrl\":\"https:\\\/\\\/www.intmega.com\\\/wp-content\\\/uploads\\\/2018\\\/04\\\/sirkulasyonlu-dongu-sistemi-brimrose-intmega.jpg\",\"datePublished\":\"2018-04-12T14:29:33+00:00\",\"dateModified\":\"2018-05-28T13:48:10+00:00\",\"breadcrumb\":{\"@id\":\"https:\\\/\\\/www.intmega.com\\\/en\\\/products\\\/nir-spectrometers-and-acousto-optic-systems\\\/fiber-coupled-acousto-optic-devices\\\/recirculating-loop-system\\\/#breadcrumb\"},\"inLanguage\":\"en-US\",\"potentialAction\":[{\"@type\":\"ReadAction\",\"target\":[\"https:\\\/\\\/www.intmega.com\\\/en\\\/products\\\/nir-spectrometers-and-acousto-optic-systems\\\/fiber-coupled-acousto-optic-devices\\\/recirculating-loop-system\\\/\"]}]},{\"@type\":\"ImageObject\",\"inLanguage\":\"en-US\",\"@id\":\"https:\\\/\\\/www.intmega.com\\\/en\\\/products\\\/nir-spectrometers-and-acousto-optic-systems\\\/fiber-coupled-acousto-optic-devices\\\/recirculating-loop-system\\\/#primaryimage\",\"url\":\"https:\\\/\\\/www.intmega.com\\\/wp-content\\\/uploads\\\/2018\\\/04\\\/sirkulasyonlu-dongu-sistemi-brimrose-intmega.jpg\",\"contentUrl\":\"https:\\\/\\\/www.intmega.com\\\/wp-content\\\/uploads\\\/2018\\\/04\\\/sirkulasyonlu-dongu-sistemi-brimrose-intmega.jpg\",\"width\":300,\"height\":300},{\"@type\":\"BreadcrumbList\",\"@id\":\"https:\\\/\\\/www.intmega.com\\\/en\\\/products\\\/nir-spectrometers-and-acousto-optic-systems\\\/fiber-coupled-acousto-optic-devices\\\/recirculating-loop-system\\\/#breadcrumb\",\"itemListElement\":[{\"@type\":\"ListItem\",\"position\":1,\"name\":\"Ana sayfa\",\"item\":\"https:\\\/\\\/www.intmega.com\\\/en\\\/\"},{\"@type\":\"ListItem\",\"position\":2,\"name\":\"Products\",\"item\":\"https:\\\/\\\/www.intmega.com\\\/en\\\/products\\\/\"},{\"@type\":\"ListItem\",\"position\":3,\"name\":\"Recirculating Loop System\"}]},{\"@type\":\"WebSite\",\"@id\":\"https:\\\/\\\/www.intmega.com\\\/en\\\/#website\",\"url\":\"https:\\\/\\\/www.intmega.com\\\/en\\\/\",\"name\":\"iNTMEGA\",\"description\":\"Partik\u00fcl Say\u0131m Cihazlar\u0131\",\"publisher\":{\"@id\":\"https:\\\/\\\/www.intmega.com\\\/en\\\/#organization\"},\"potentialAction\":[{\"@type\":\"SearchAction\",\"target\":{\"@type\":\"EntryPoint\",\"urlTemplate\":\"https:\\\/\\\/www.intmega.com\\\/en\\\/?s={search_term_string}\"},\"query-input\":{\"@type\":\"PropertyValueSpecification\",\"valueRequired\":true,\"valueName\":\"search_term_string\"}}],\"inLanguage\":\"en-US\"},{\"@type\":\"Organization\",\"@id\":\"https:\\\/\\\/www.intmega.com\\\/en\\\/#organization\",\"name\":\"iNTMEGA\",\"url\":\"https:\\\/\\\/www.intmega.com\\\/en\\\/\",\"logo\":{\"@type\":\"ImageObject\",\"inLanguage\":\"en-US\",\"@id\":\"https:\\\/\\\/www.intmega.com\\\/en\\\/#\\\/schema\\\/logo\\\/image\\\/\",\"url\":\"https:\\\/\\\/www.intmega.com\\\/wp-content\\\/uploads\\\/2018\\\/05\\\/intmega-logo1.png\",\"contentUrl\":\"https:\\\/\\\/www.intmega.com\\\/wp-content\\\/uploads\\\/2018\\\/05\\\/intmega-logo1.png\",\"width\":377,\"height\":90,\"caption\":\"iNTMEGA\"},\"image\":{\"@id\":\"https:\\\/\\\/www.intmega.com\\\/en\\\/#\\\/schema\\\/logo\\\/image\\\/\"},\"sameAs\":[\"https:\\\/\\\/x.com\\\/intmega1993\",\"https:\\\/\\\/www.instagram.com\\\/intmega\\\/\",\"https:\\\/\\\/www.linkedin.com\\\/company\\\/intmega\\\/\",\"https:\\\/\\\/www.youtube.com\\\/channel\\\/UCpkJ10Pg0qMM7DWfZ2RGlPw?view_as=subscriber\"]}]}<\/script>\n<!-- \/ Yoast SEO plugin. -->","yoast_head_json":{"title":"Recirculating Loop System - iNTMEGA","robots":{"index":"index","follow":"follow","max-snippet":"max-snippet:-1","max-image-preview":"max-image-preview:large","max-video-preview":"max-video-preview:-1"},"canonical":"https:\/\/www.intmega.com\/en\/products\/nir-spectrometers-and-acousto-optic-systems\/fiber-coupled-acousto-optic-devices\/recirculating-loop-system\/","og_locale":"en_US","og_type":"article","og_title":"Recirculating Loop System - iNTMEGA","og_description":"[vc_row][vc_column][vc_column_text]To simulate and test long distance fiber optic communication lines, Brimrose has developed a fiber-coupled AO modulation system. The recirculating loop system consists of two fiber-coupled AO modulators\/switches and a corresponding RF driver. One of the AO modulators\/switches is placed [&hellip;]","og_url":"https:\/\/www.intmega.com\/en\/products\/nir-spectrometers-and-acousto-optic-systems\/fiber-coupled-acousto-optic-devices\/recirculating-loop-system\/","og_site_name":"iNTMEGA","article_modified_time":"2018-05-28T13:48:10+00:00","og_image":[{"width":300,"height":300,"url":"https:\/\/www.intmega.com\/wp-content\/uploads\/2018\/04\/sirkulasyonlu-dongu-sistemi-brimrose-intmega.jpg","type":"image\/jpeg"}],"twitter_card":"summary_large_image","twitter_site":"@intmega1993","twitter_misc":{"Est. reading time":"2 minutes"},"schema":{"@context":"https:\/\/schema.org","@graph":[{"@type":"WebPage","@id":"https:\/\/www.intmega.com\/en\/products\/nir-spectrometers-and-acousto-optic-systems\/fiber-coupled-acousto-optic-devices\/recirculating-loop-system\/","url":"https:\/\/www.intmega.com\/en\/products\/nir-spectrometers-and-acousto-optic-systems\/fiber-coupled-acousto-optic-devices\/recirculating-loop-system\/","name":"Recirculating Loop System - iNTMEGA","isPartOf":{"@id":"https:\/\/www.intmega.com\/en\/#website"},"primaryImageOfPage":{"@id":"https:\/\/www.intmega.com\/en\/products\/nir-spectrometers-and-acousto-optic-systems\/fiber-coupled-acousto-optic-devices\/recirculating-loop-system\/#primaryimage"},"image":{"@id":"https:\/\/www.intmega.com\/en\/products\/nir-spectrometers-and-acousto-optic-systems\/fiber-coupled-acousto-optic-devices\/recirculating-loop-system\/#primaryimage"},"thumbnailUrl":"https:\/\/www.intmega.com\/wp-content\/uploads\/2018\/04\/sirkulasyonlu-dongu-sistemi-brimrose-intmega.jpg","datePublished":"2018-04-12T14:29:33+00:00","dateModified":"2018-05-28T13:48:10+00:00","breadcrumb":{"@id":"https:\/\/www.intmega.com\/en\/products\/nir-spectrometers-and-acousto-optic-systems\/fiber-coupled-acousto-optic-devices\/recirculating-loop-system\/#breadcrumb"},"inLanguage":"en-US","potentialAction":[{"@type":"ReadAction","target":["https:\/\/www.intmega.com\/en\/products\/nir-spectrometers-and-acousto-optic-systems\/fiber-coupled-acousto-optic-devices\/recirculating-loop-system\/"]}]},{"@type":"ImageObject","inLanguage":"en-US","@id":"https:\/\/www.intmega.com\/en\/products\/nir-spectrometers-and-acousto-optic-systems\/fiber-coupled-acousto-optic-devices\/recirculating-loop-system\/#primaryimage","url":"https:\/\/www.intmega.com\/wp-content\/uploads\/2018\/04\/sirkulasyonlu-dongu-sistemi-brimrose-intmega.jpg","contentUrl":"https:\/\/www.intmega.com\/wp-content\/uploads\/2018\/04\/sirkulasyonlu-dongu-sistemi-brimrose-intmega.jpg","width":300,"height":300},{"@type":"BreadcrumbList","@id":"https:\/\/www.intmega.com\/en\/products\/nir-spectrometers-and-acousto-optic-systems\/fiber-coupled-acousto-optic-devices\/recirculating-loop-system\/#breadcrumb","itemListElement":[{"@type":"ListItem","position":1,"name":"Ana sayfa","item":"https:\/\/www.intmega.com\/en\/"},{"@type":"ListItem","position":2,"name":"Products","item":"https:\/\/www.intmega.com\/en\/products\/"},{"@type":"ListItem","position":3,"name":"Recirculating Loop System"}]},{"@type":"WebSite","@id":"https:\/\/www.intmega.com\/en\/#website","url":"https:\/\/www.intmega.com\/en\/","name":"iNTMEGA","description":"Partik\u00fcl Say\u0131m Cihazlar\u0131","publisher":{"@id":"https:\/\/www.intmega.com\/en\/#organization"},"potentialAction":[{"@type":"SearchAction","target":{"@type":"EntryPoint","urlTemplate":"https:\/\/www.intmega.com\/en\/?s={search_term_string}"},"query-input":{"@type":"PropertyValueSpecification","valueRequired":true,"valueName":"search_term_string"}}],"inLanguage":"en-US"},{"@type":"Organization","@id":"https:\/\/www.intmega.com\/en\/#organization","name":"iNTMEGA","url":"https:\/\/www.intmega.com\/en\/","logo":{"@type":"ImageObject","inLanguage":"en-US","@id":"https:\/\/www.intmega.com\/en\/#\/schema\/logo\/image\/","url":"https:\/\/www.intmega.com\/wp-content\/uploads\/2018\/05\/intmega-logo1.png","contentUrl":"https:\/\/www.intmega.com\/wp-content\/uploads\/2018\/05\/intmega-logo1.png","width":377,"height":90,"caption":"iNTMEGA"},"image":{"@id":"https:\/\/www.intmega.com\/en\/#\/schema\/logo\/image\/"},"sameAs":["https:\/\/x.com\/intmega1993","https:\/\/www.instagram.com\/intmega\/","https:\/\/www.linkedin.com\/company\/intmega\/","https:\/\/www.youtube.com\/channel\/UCpkJ10Pg0qMM7DWfZ2RGlPw?view_as=subscriber"]}]}},"_links":{"self":[{"href":"https:\/\/www.intmega.com\/en\/wp-json\/wp\/v2\/product\/378","targetHints":{"allow":["GET"]}}],"collection":[{"href":"https:\/\/www.intmega.com\/en\/wp-json\/wp\/v2\/product"}],"about":[{"href":"https:\/\/www.intmega.com\/en\/wp-json\/wp\/v2\/types\/product"}],"wp:featuredmedia":[{"embeddable":true,"href":"https:\/\/www.intmega.com\/en\/wp-json\/wp\/v2\/media\/1104"}],"wp:attachment":[{"href":"https:\/\/www.intmega.com\/en\/wp-json\/wp\/v2\/media?parent=378"}],"wp:term":[{"taxonomy":"product_brand","embeddable":true,"href":"https:\/\/www.intmega.com\/en\/wp-json\/wp\/v2\/product_brand?post=378"},{"taxonomy":"product_cat","embeddable":true,"href":"https:\/\/www.intmega.com\/en\/wp-json\/wp\/v2\/product_cat?post=378"},{"taxonomy":"product_tag","embeddable":true,"href":"https:\/\/www.intmega.com\/en\/wp-json\/wp\/v2\/product_tag?post=378"}],"curies":[{"name":"wp","href":"https:\/\/api.w.org\/{rel}","templated":true}]}}