{"id":372,"date":"2018-04-12T17:25:39","date_gmt":"2018-04-12T14:25:39","guid":{"rendered":"https:\/\/www.intmega.com\/urunler\/uncategorized\/free-space-acousto-optic-frequency-shifters\/"},"modified":"2018-05-22T17:06:50","modified_gmt":"2018-05-22T14:06:50","slug":"free-space-acousto-optic-frequency-shifters","status":"publish","type":"product","link":"https:\/\/www.intmega.com\/en\/products\/nir-spectrometers-and-acousto-optic-systems\/free-space-acousto-optic-devices\/free-space-acousto-optic-frequency-shifters\/","title":{"rendered":"Free Space Acousto-Optic Frequency Shifters"},"content":{"rendered":"<div class=\"wpb-content-wrapper\"><p>[vc_row][vc_column][vc_column_text]The Brimrose Free Space Acousto-Optic Frequency Shifter (AOFS) with RF driver is used to modify the frequency of the optical beam. Due to a Doppler shift, the frequency of the diffracted first order optical beam in the AO modulator or AO frequency shifter is shifted in frequency (wavelength) by the acoustic carrier frequency (wavelength).<\/p>\n<p>If the incident acoustic wave is introduced in the direction of the incident optical wave, the laser frequency shifts towards the higher side. If the incident acoustic wave is introduced in the opposite direction of the incident optical wave, the laser shifts toward the lower frequency side.[\/vc_column_text][\/vc_column][\/vc_row][vc_section full_width=&#8221;stretch_row_content&#8221;][vc_row row_content_width=&#8221;grid&#8221; css=&#8221;.vc_custom_1525369086097{margin-top: 30px !important;}&#8221;][vc_column width=&#8221;1\/2&#8243;][vc_column_text]<\/p>\n<p><strong>KEY FEATURES<\/strong><\/p>\n<ul>\n<li>Compact Integrated Design<\/li>\n<li>Wide Spectral Wavelength Range<\/li>\n<li>Low Drive Power<\/li>\n<li>Fast Switching Speed<\/li>\n<li>High Diffraction Efficiency<\/li>\n<li>Good Temperature Stability<\/li>\n<li>Custom Configurations Available<\/li>\n<\/ul>\n<p>[\/vc_column_text][\/vc_column][vc_column width=&#8221;1\/2&#8243;][vc_column_text]<strong>APPLICATIONS<\/strong><\/p>\n<ul>\n<li><strong> Industrial:<\/strong><\/li>\n<\/ul>\n<p>\u2013 Vibrometry<\/p>\n<p>\u2013 Process Control<\/p>\n<p>\u2013 Pulse Picking or Power Control<\/p>\n<p>\u2013 Atom Cooling<\/p>\n<ul>\n<li><strong> Scientific:<\/strong><\/li>\n<\/ul>\n<p>\u2013 Optical Heterodyning<\/p>\n<p>\u2013 Interferometric System<\/p>\n<p>\u2013 Laser Doppler Velocimetry<\/p>\n<ul>\n<li><strong> OEM Designs<\/strong><\/li>\n<\/ul>\n<p>[\/vc_column_text][\/vc_column][\/vc_row][\/vc_section][vc_section full_width=&#8221;stretch_row_content&#8221; css=&#8221;.vc_custom_1526998002496{margin-top: 20px !important;}&#8221;][vc_row equal_height=&#8221;yes&#8221; row_content_width=&#8221;grid&#8221; css=&#8221;.vc_custom_1526994225891{padding-bottom: 20px !important;}&#8221;][vc_column width=&#8221;1\/2&#8243;][\/vc_column][vc_column width=&#8221;1\/2&#8243;]<div class=\"mkdf-info-list\">\n    <div class=\"mkdf-info-list-inner\">\n        \n        <div class=\"mkdf-info-list-items\">\n                    <\/div>\n\n        <a itemprop=\"url\" href=\"\/en\/contact\" target=\"_self\"  class=\"mkdf-btn mkdf-btn-medium mkdf-btn-solid mkdf-btn-solid-dark mkdf-btn-icon mkdf-info-list-button\"  >    <span class=\"mkdf-btn-text\">Reach to Us<\/span>    <span class=\"mkdf-btn-icon-holder\">        <span class=\"mkdf-btn-icon-normal\" ><i class=\"mkdf-icon-ion-icon ion-chevron-right \" ><\/i><\/span>        <span class=\"mkdf-btn-icon-flip\" ><i class=\"mkdf-icon-ion-icon ion-chevron-right \" ><\/i><\/span>    <\/span><\/a>    <\/div>\n<\/div>[\/vc_column][\/vc_row][\/vc_section][vc_section full_width=&#8221;stretch_row_content&#8221; css=&#8221;.vc_custom_1526994188310{padding-bottom: 60px !important;background-color: #f3f3f3 !important;}&#8221;][vc_row row_content_width=&#8221;grid&#8221;][vc_column][vc_custom_heading text=&#8221;Brimrose Free Space Acousto-Optic Devices&#8221; font_container=&#8221;tag:h2|text_align:left|color:%23515151&#8243; use_theme_fonts=&#8221;yes&#8221;][\/vc_column][\/vc_row][vc_row row_content_width=&#8221;grid&#8221; css=&#8221;.vc_custom_1526992110487{margin-top: 20px !important;}&#8221;][vc_column][vc_column_text]<strong>ADVANTAGES<\/strong><\/p>\n<ul>\n<li>MHz to 3 GHz Frequency Shift Ranges<\/li>\n<li>High Modulation Bandwidth up to 400 MHz<\/li>\n<li>Fast Modulation Speed &lt;5 nsec Rise Time<\/li>\n<li>High Diffraction Efficiency<\/li>\n<li>UV to LWIR Wavelength Ranges<\/li>\n<li>High Optical Damage Threshold<\/li>\n<\/ul>\n<p>[\/vc_column_text][\/vc_column][\/vc_row][\/vc_section]<\/p>\n<\/div>","protected":false},"excerpt":{"rendered":"<p>[vc_row][vc_column][vc_column_text]The Brimrose Free Space Acousto-Optic Frequency Shifter (AOFS) with RF driver is used to modify the frequency of the optical beam. Due to a Doppler shift, the frequency of the diffracted first order optical beam in the AO modulator or [&hellip;]<\/p>\n","protected":false},"featured_media":803,"template":"","meta":{"_monsterinsights_skip_tracking":false,"_monsterinsights_sitenote_active":false,"_monsterinsights_sitenote_note":"","_monsterinsights_sitenote_category":0},"product_brand":[],"product_cat":[54,33],"product_tag":[],"class_list":{"0":"post-372","1":"product","2":"type-product","3":"status-publish","4":"has-post-thumbnail","6":"product_cat-free-space-acousto-optic-devices","7":"product_cat-nir-spectrometers-and-acousto-optic-systems","9":"first","10":"instock","11":"shipping-taxable","12":"product-type-simple"},"yoast_head":"<!-- This site is optimized with the Yoast SEO plugin v27.3 - https:\/\/yoast.com\/product\/yoast-seo-wordpress\/ -->\n<title>Free Space Acousto-Optic Frequency Shifters - iNTMEGA<\/title>\n<meta name=\"robots\" content=\"index, follow, max-snippet:-1, max-image-preview:large, max-video-preview:-1\" \/>\n<link rel=\"canonical\" href=\"https:\/\/www.intmega.com\/en\/products\/nir-spectrometers-and-acousto-optic-systems\/free-space-acousto-optic-devices\/free-space-acousto-optic-frequency-shifters\/\" \/>\n<meta property=\"og:locale\" content=\"en_US\" \/>\n<meta property=\"og:type\" content=\"article\" \/>\n<meta property=\"og:title\" content=\"Free Space Acousto-Optic Frequency Shifters - iNTMEGA\" \/>\n<meta property=\"og:description\" content=\"[vc_row][vc_column][vc_column_text]The Brimrose Free Space Acousto-Optic Frequency Shifter (AOFS) with RF driver is used to modify the frequency of the optical beam. Due to a Doppler shift, the frequency of the diffracted first order optical beam in the AO modulator or [&hellip;]\" \/>\n<meta property=\"og:url\" content=\"https:\/\/www.intmega.com\/en\/products\/nir-spectrometers-and-acousto-optic-systems\/free-space-acousto-optic-devices\/free-space-acousto-optic-frequency-shifters\/\" \/>\n<meta property=\"og:site_name\" content=\"iNTMEGA\" \/>\n<meta property=\"article:modified_time\" content=\"2018-05-22T14:06:50+00:00\" \/>\n<meta property=\"og:image\" content=\"https:\/\/www.intmega.com\/wp-content\/uploads\/2018\/04\/akusto-optik-frekans-ceviriciler-brimrose-intmega.jpg\" \/>\n\t<meta property=\"og:image:width\" content=\"300\" \/>\n\t<meta property=\"og:image:height\" content=\"300\" \/>\n\t<meta property=\"og:image:type\" content=\"image\/jpeg\" \/>\n<meta name=\"twitter:card\" content=\"summary_large_image\" \/>\n<meta name=\"twitter:site\" content=\"@intmega1993\" \/>\n<meta name=\"twitter:label1\" content=\"Est. reading time\" \/>\n\t<meta name=\"twitter:data1\" content=\"2 minutes\" \/>\n<script type=\"application\/ld+json\" class=\"yoast-schema-graph\">{\"@context\":\"https:\\\/\\\/schema.org\",\"@graph\":[{\"@type\":\"WebPage\",\"@id\":\"https:\\\/\\\/www.intmega.com\\\/en\\\/products\\\/nir-spectrometers-and-acousto-optic-systems\\\/free-space-acousto-optic-devices\\\/free-space-acousto-optic-frequency-shifters\\\/\",\"url\":\"https:\\\/\\\/www.intmega.com\\\/en\\\/products\\\/nir-spectrometers-and-acousto-optic-systems\\\/free-space-acousto-optic-devices\\\/free-space-acousto-optic-frequency-shifters\\\/\",\"name\":\"Free Space Acousto-Optic Frequency Shifters - iNTMEGA\",\"isPartOf\":{\"@id\":\"https:\\\/\\\/www.intmega.com\\\/en\\\/#website\"},\"primaryImageOfPage\":{\"@id\":\"https:\\\/\\\/www.intmega.com\\\/en\\\/products\\\/nir-spectrometers-and-acousto-optic-systems\\\/free-space-acousto-optic-devices\\\/free-space-acousto-optic-frequency-shifters\\\/#primaryimage\"},\"image\":{\"@id\":\"https:\\\/\\\/www.intmega.com\\\/en\\\/products\\\/nir-spectrometers-and-acousto-optic-systems\\\/free-space-acousto-optic-devices\\\/free-space-acousto-optic-frequency-shifters\\\/#primaryimage\"},\"thumbnailUrl\":\"https:\\\/\\\/www.intmega.com\\\/wp-content\\\/uploads\\\/2018\\\/04\\\/akusto-optik-frekans-ceviriciler-brimrose-intmega.jpg\",\"datePublished\":\"2018-04-12T14:25:39+00:00\",\"dateModified\":\"2018-05-22T14:06:50+00:00\",\"breadcrumb\":{\"@id\":\"https:\\\/\\\/www.intmega.com\\\/en\\\/products\\\/nir-spectrometers-and-acousto-optic-systems\\\/free-space-acousto-optic-devices\\\/free-space-acousto-optic-frequency-shifters\\\/#breadcrumb\"},\"inLanguage\":\"en-US\",\"potentialAction\":[{\"@type\":\"ReadAction\",\"target\":[\"https:\\\/\\\/www.intmega.com\\\/en\\\/products\\\/nir-spectrometers-and-acousto-optic-systems\\\/free-space-acousto-optic-devices\\\/free-space-acousto-optic-frequency-shifters\\\/\"]}]},{\"@type\":\"ImageObject\",\"inLanguage\":\"en-US\",\"@id\":\"https:\\\/\\\/www.intmega.com\\\/en\\\/products\\\/nir-spectrometers-and-acousto-optic-systems\\\/free-space-acousto-optic-devices\\\/free-space-acousto-optic-frequency-shifters\\\/#primaryimage\",\"url\":\"https:\\\/\\\/www.intmega.com\\\/wp-content\\\/uploads\\\/2018\\\/04\\\/akusto-optik-frekans-ceviriciler-brimrose-intmega.jpg\",\"contentUrl\":\"https:\\\/\\\/www.intmega.com\\\/wp-content\\\/uploads\\\/2018\\\/04\\\/akusto-optik-frekans-ceviriciler-brimrose-intmega.jpg\",\"width\":300,\"height\":300},{\"@type\":\"BreadcrumbList\",\"@id\":\"https:\\\/\\\/www.intmega.com\\\/en\\\/products\\\/nir-spectrometers-and-acousto-optic-systems\\\/free-space-acousto-optic-devices\\\/free-space-acousto-optic-frequency-shifters\\\/#breadcrumb\",\"itemListElement\":[{\"@type\":\"ListItem\",\"position\":1,\"name\":\"Ana sayfa\",\"item\":\"https:\\\/\\\/www.intmega.com\\\/en\\\/\"},{\"@type\":\"ListItem\",\"position\":2,\"name\":\"Products\",\"item\":\"https:\\\/\\\/www.intmega.com\\\/en\\\/products\\\/\"},{\"@type\":\"ListItem\",\"position\":3,\"name\":\"Free Space Acousto-Optic Frequency Shifters\"}]},{\"@type\":\"WebSite\",\"@id\":\"https:\\\/\\\/www.intmega.com\\\/en\\\/#website\",\"url\":\"https:\\\/\\\/www.intmega.com\\\/en\\\/\",\"name\":\"iNTMEGA\",\"description\":\"Partik\u00fcl Say\u0131m Cihazlar\u0131\",\"publisher\":{\"@id\":\"https:\\\/\\\/www.intmega.com\\\/en\\\/#organization\"},\"potentialAction\":[{\"@type\":\"SearchAction\",\"target\":{\"@type\":\"EntryPoint\",\"urlTemplate\":\"https:\\\/\\\/www.intmega.com\\\/en\\\/?s={search_term_string}\"},\"query-input\":{\"@type\":\"PropertyValueSpecification\",\"valueRequired\":true,\"valueName\":\"search_term_string\"}}],\"inLanguage\":\"en-US\"},{\"@type\":\"Organization\",\"@id\":\"https:\\\/\\\/www.intmega.com\\\/en\\\/#organization\",\"name\":\"iNTMEGA\",\"url\":\"https:\\\/\\\/www.intmega.com\\\/en\\\/\",\"logo\":{\"@type\":\"ImageObject\",\"inLanguage\":\"en-US\",\"@id\":\"https:\\\/\\\/www.intmega.com\\\/en\\\/#\\\/schema\\\/logo\\\/image\\\/\",\"url\":\"https:\\\/\\\/www.intmega.com\\\/wp-content\\\/uploads\\\/2018\\\/05\\\/intmega-logo1.png\",\"contentUrl\":\"https:\\\/\\\/www.intmega.com\\\/wp-content\\\/uploads\\\/2018\\\/05\\\/intmega-logo1.png\",\"width\":377,\"height\":90,\"caption\":\"iNTMEGA\"},\"image\":{\"@id\":\"https:\\\/\\\/www.intmega.com\\\/en\\\/#\\\/schema\\\/logo\\\/image\\\/\"},\"sameAs\":[\"https:\\\/\\\/x.com\\\/intmega1993\",\"https:\\\/\\\/www.instagram.com\\\/intmega\\\/\",\"https:\\\/\\\/www.linkedin.com\\\/company\\\/intmega\\\/\",\"https:\\\/\\\/www.youtube.com\\\/channel\\\/UCpkJ10Pg0qMM7DWfZ2RGlPw?view_as=subscriber\"]}]}<\/script>\n<!-- \/ Yoast SEO plugin. -->","yoast_head_json":{"title":"Free Space Acousto-Optic Frequency Shifters - iNTMEGA","robots":{"index":"index","follow":"follow","max-snippet":"max-snippet:-1","max-image-preview":"max-image-preview:large","max-video-preview":"max-video-preview:-1"},"canonical":"https:\/\/www.intmega.com\/en\/products\/nir-spectrometers-and-acousto-optic-systems\/free-space-acousto-optic-devices\/free-space-acousto-optic-frequency-shifters\/","og_locale":"en_US","og_type":"article","og_title":"Free Space Acousto-Optic Frequency Shifters - iNTMEGA","og_description":"[vc_row][vc_column][vc_column_text]The Brimrose Free Space Acousto-Optic Frequency Shifter (AOFS) with RF driver is used to modify the frequency of the optical beam. Due to a Doppler shift, the frequency of the diffracted first order optical beam in the AO modulator or [&hellip;]","og_url":"https:\/\/www.intmega.com\/en\/products\/nir-spectrometers-and-acousto-optic-systems\/free-space-acousto-optic-devices\/free-space-acousto-optic-frequency-shifters\/","og_site_name":"iNTMEGA","article_modified_time":"2018-05-22T14:06:50+00:00","og_image":[{"width":300,"height":300,"url":"https:\/\/www.intmega.com\/wp-content\/uploads\/2018\/04\/akusto-optik-frekans-ceviriciler-brimrose-intmega.jpg","type":"image\/jpeg"}],"twitter_card":"summary_large_image","twitter_site":"@intmega1993","twitter_misc":{"Est. reading time":"2 minutes"},"schema":{"@context":"https:\/\/schema.org","@graph":[{"@type":"WebPage","@id":"https:\/\/www.intmega.com\/en\/products\/nir-spectrometers-and-acousto-optic-systems\/free-space-acousto-optic-devices\/free-space-acousto-optic-frequency-shifters\/","url":"https:\/\/www.intmega.com\/en\/products\/nir-spectrometers-and-acousto-optic-systems\/free-space-acousto-optic-devices\/free-space-acousto-optic-frequency-shifters\/","name":"Free Space Acousto-Optic Frequency Shifters - iNTMEGA","isPartOf":{"@id":"https:\/\/www.intmega.com\/en\/#website"},"primaryImageOfPage":{"@id":"https:\/\/www.intmega.com\/en\/products\/nir-spectrometers-and-acousto-optic-systems\/free-space-acousto-optic-devices\/free-space-acousto-optic-frequency-shifters\/#primaryimage"},"image":{"@id":"https:\/\/www.intmega.com\/en\/products\/nir-spectrometers-and-acousto-optic-systems\/free-space-acousto-optic-devices\/free-space-acousto-optic-frequency-shifters\/#primaryimage"},"thumbnailUrl":"https:\/\/www.intmega.com\/wp-content\/uploads\/2018\/04\/akusto-optik-frekans-ceviriciler-brimrose-intmega.jpg","datePublished":"2018-04-12T14:25:39+00:00","dateModified":"2018-05-22T14:06:50+00:00","breadcrumb":{"@id":"https:\/\/www.intmega.com\/en\/products\/nir-spectrometers-and-acousto-optic-systems\/free-space-acousto-optic-devices\/free-space-acousto-optic-frequency-shifters\/#breadcrumb"},"inLanguage":"en-US","potentialAction":[{"@type":"ReadAction","target":["https:\/\/www.intmega.com\/en\/products\/nir-spectrometers-and-acousto-optic-systems\/free-space-acousto-optic-devices\/free-space-acousto-optic-frequency-shifters\/"]}]},{"@type":"ImageObject","inLanguage":"en-US","@id":"https:\/\/www.intmega.com\/en\/products\/nir-spectrometers-and-acousto-optic-systems\/free-space-acousto-optic-devices\/free-space-acousto-optic-frequency-shifters\/#primaryimage","url":"https:\/\/www.intmega.com\/wp-content\/uploads\/2018\/04\/akusto-optik-frekans-ceviriciler-brimrose-intmega.jpg","contentUrl":"https:\/\/www.intmega.com\/wp-content\/uploads\/2018\/04\/akusto-optik-frekans-ceviriciler-brimrose-intmega.jpg","width":300,"height":300},{"@type":"BreadcrumbList","@id":"https:\/\/www.intmega.com\/en\/products\/nir-spectrometers-and-acousto-optic-systems\/free-space-acousto-optic-devices\/free-space-acousto-optic-frequency-shifters\/#breadcrumb","itemListElement":[{"@type":"ListItem","position":1,"name":"Ana sayfa","item":"https:\/\/www.intmega.com\/en\/"},{"@type":"ListItem","position":2,"name":"Products","item":"https:\/\/www.intmega.com\/en\/products\/"},{"@type":"ListItem","position":3,"name":"Free Space Acousto-Optic Frequency Shifters"}]},{"@type":"WebSite","@id":"https:\/\/www.intmega.com\/en\/#website","url":"https:\/\/www.intmega.com\/en\/","name":"iNTMEGA","description":"Partik\u00fcl Say\u0131m Cihazlar\u0131","publisher":{"@id":"https:\/\/www.intmega.com\/en\/#organization"},"potentialAction":[{"@type":"SearchAction","target":{"@type":"EntryPoint","urlTemplate":"https:\/\/www.intmega.com\/en\/?s={search_term_string}"},"query-input":{"@type":"PropertyValueSpecification","valueRequired":true,"valueName":"search_term_string"}}],"inLanguage":"en-US"},{"@type":"Organization","@id":"https:\/\/www.intmega.com\/en\/#organization","name":"iNTMEGA","url":"https:\/\/www.intmega.com\/en\/","logo":{"@type":"ImageObject","inLanguage":"en-US","@id":"https:\/\/www.intmega.com\/en\/#\/schema\/logo\/image\/","url":"https:\/\/www.intmega.com\/wp-content\/uploads\/2018\/05\/intmega-logo1.png","contentUrl":"https:\/\/www.intmega.com\/wp-content\/uploads\/2018\/05\/intmega-logo1.png","width":377,"height":90,"caption":"iNTMEGA"},"image":{"@id":"https:\/\/www.intmega.com\/en\/#\/schema\/logo\/image\/"},"sameAs":["https:\/\/x.com\/intmega1993","https:\/\/www.instagram.com\/intmega\/","https:\/\/www.linkedin.com\/company\/intmega\/","https:\/\/www.youtube.com\/channel\/UCpkJ10Pg0qMM7DWfZ2RGlPw?view_as=subscriber"]}]}},"_links":{"self":[{"href":"https:\/\/www.intmega.com\/en\/wp-json\/wp\/v2\/product\/372","targetHints":{"allow":["GET"]}}],"collection":[{"href":"https:\/\/www.intmega.com\/en\/wp-json\/wp\/v2\/product"}],"about":[{"href":"https:\/\/www.intmega.com\/en\/wp-json\/wp\/v2\/types\/product"}],"wp:featuredmedia":[{"embeddable":true,"href":"https:\/\/www.intmega.com\/en\/wp-json\/wp\/v2\/media\/803"}],"wp:attachment":[{"href":"https:\/\/www.intmega.com\/en\/wp-json\/wp\/v2\/media?parent=372"}],"wp:term":[{"taxonomy":"product_brand","embeddable":true,"href":"https:\/\/www.intmega.com\/en\/wp-json\/wp\/v2\/product_brand?post=372"},{"taxonomy":"product_cat","embeddable":true,"href":"https:\/\/www.intmega.com\/en\/wp-json\/wp\/v2\/product_cat?post=372"},{"taxonomy":"product_tag","embeddable":true,"href":"https:\/\/www.intmega.com\/en\/wp-json\/wp\/v2\/product_tag?post=372"}],"curies":[{"name":"wp","href":"https:\/\/api.w.org\/{rel}","templated":true}]}}