{"id":365,"date":"2018-04-12T17:34:22","date_gmt":"2018-04-12T14:34:22","guid":{"rendered":"https:\/\/www.intmega.com\/urunler\/uncategorized\/hyperspectral-imagers\/"},"modified":"2018-05-22T17:12:09","modified_gmt":"2018-05-22T14:12:09","slug":"hyperspectral-imagers","status":"publish","type":"product","link":"https:\/\/www.intmega.com\/en\/products\/nir-spectrometers-and-acousto-optic-systems\/hyperspectral-imagers\/hyperspectral-imagers\/","title":{"rendered":"Hyperspectral Imagers"},"content":{"rendered":"<div class=\"wpb-content-wrapper\"><p>[vc_row][vc_column][vc_column_text]The Brimrose Hyperspectral Imagers (HSI) use a visible,\u00a0NIR, and SWIR cameras together with our acousto-optical tunable filter (AOTF) to produce hyperspectral imaging on any target area. The AOTF-HSI can be custom built to meet your requirements in a wide variety of applications.<\/p>\n<h5><strong>2.1 IS510 Spectrometer (Including Camera)<\/strong><\/h5>\n<p>AOTF Hyperspectral G\u00f6r\u00fcnt\u00fcleme Spektrometresi VA310&#8217;u komple bir g\u00f6r\u00fcnt\u00fcleme sistemi olan bir kamera ile birlikte i\u00e7erir.<\/p>\n<h5><strong>2.2 VA310 Imager Only<\/strong><\/h5>\n<p>VA310 HSG, herhangi bir m\u00fc\u015fterinin kameras\u0131yla birlikte entegre olabilen AOTF tabanl\u0131 teknolojidir.[\/vc_column_text][\/vc_column][\/vc_row][vc_section full_width=&#8221;stretch_row_content&#8221;][vc_row row_content_width=&#8221;grid&#8221; css=&#8221;.vc_custom_1525371887585{margin-top: 40px !important;}&#8221;][vc_column width=&#8221;1\/2&#8243;][vc_column_text]<strong>KEY FEATURES<\/strong><\/p>\n<ul>\n<li>Visible\/NIR\/SWIR<\/li>\n<li>Faster Data Cube: Due to AOTF Technology<\/li>\n<li>Solid State: No Moving Parts<\/li>\n<li>High Resolution<\/li>\n<li>Highest Density Material<\/li>\n<li>Smaller \/ Lighter<\/li>\n<li>No Reflection Issues<\/li>\n<li>No Cooling Requirements<\/li>\n<li>Includes data cube collection software &#8211; compatible with any image processing software<\/li>\n<li>Built for Purpose: Lightweight, portable, bench top, aviation, integrated to other systems<\/li>\n<\/ul>\n<p>[\/vc_column_text][\/vc_column][vc_column width=&#8221;1\/2&#8243;][vc_column_text]<strong>APPLICATIONS<\/strong><\/p>\n<ul>\n<li>Military<\/li>\n<\/ul>\n<p>&#8211;\u00a0 SWIR Concepts for Shadow UAV Platform<\/p>\n<p>&#8211; explosive material, chemical detection, target identification, and more<\/p>\n<ul>\n<li>Laboratory and Industry Applications<\/li>\n<li>Blending uniformity<\/li>\n<li>Emissions<\/li>\n<li>Agricultural\/food &#8211; particle counting seed<\/li>\n<li>Environmental Science<\/li>\n<\/ul>\n<p>&#8211; Waste classification<\/p>\n<ul>\n<li>Oil spill discovery location and directional prediction<\/li>\n<li>Remote sensing<\/li>\n<li>Biology and Biomedical Research<\/li>\n<\/ul>\n<p>&#8211; Including detection of cancer cells[\/vc_column_text][\/vc_column][\/vc_row][\/vc_section][vc_section full_width=&#8221;stretch_row_content&#8221; css=&#8221;.vc_custom_1526997132654{margin-top: 20px !important;}&#8221;][vc_row equal_height=&#8221;yes&#8221; row_content_width=&#8221;grid&#8221; css=&#8221;.vc_custom_1526994225891{padding-bottom: 20px !important;}&#8221;][vc_column width=&#8221;1\/2&#8243;][\/vc_column][vc_column width=&#8221;1\/2&#8243;]<div class=\"mkdf-info-list\">\n    <div class=\"mkdf-info-list-inner\">\n        \n        <div class=\"mkdf-info-list-items\">\n                    <\/div>\n\n        <a itemprop=\"url\" href=\"\/en\/contact-us\/\" target=\"_self\"  class=\"mkdf-btn mkdf-btn-medium mkdf-btn-solid mkdf-btn-solid-dark mkdf-btn-icon mkdf-info-list-button\"  >    <span class=\"mkdf-btn-text\">Reach to Us<\/span>    <span class=\"mkdf-btn-icon-holder\">        <span class=\"mkdf-btn-icon-normal\" ><i class=\"mkdf-icon-ion-icon ion-chevron-right \" ><\/i><\/span>        <span class=\"mkdf-btn-icon-flip\" ><i class=\"mkdf-icon-ion-icon ion-chevron-right \" ><\/i><\/span>    <\/span><\/a>    <\/div>\n<\/div>[\/vc_column][\/vc_row][\/vc_section]<\/p>\n<\/div>","protected":false},"excerpt":{"rendered":"<p>[vc_row][vc_column][vc_column_text]The Brimrose Hyperspectral Imagers (HSI) use a visible,\u00a0NIR, and SWIR cameras together with our acousto-optical tunable filter (AOTF) to produce hyperspectral imaging on any target area. The AOTF-HSI can be custom built to meet your requirements in a wide variety [&hellip;]<\/p>\n","protected":false},"featured_media":1067,"template":"","meta":{"_monsterinsights_skip_tracking":false,"_monsterinsights_sitenote_active":false,"_monsterinsights_sitenote_note":"","_monsterinsights_sitenote_category":0},"product_brand":[],"product_cat":[51,33],"product_tag":[],"class_list":{"0":"post-365","1":"product","2":"type-product","3":"status-publish","4":"has-post-thumbnail","6":"product_cat-hyperspectral-imagers","7":"product_cat-nir-spectrometers-and-acousto-optic-systems","9":"first","10":"instock","11":"shipping-taxable","12":"product-type-simple"},"yoast_head":"<!-- This site is optimized with the Yoast SEO plugin v27.3 - https:\/\/yoast.com\/product\/yoast-seo-wordpress\/ -->\n<title>Hyperspectral Imagers - iNTMEGA<\/title>\n<meta name=\"robots\" content=\"index, follow, max-snippet:-1, max-image-preview:large, max-video-preview:-1\" \/>\n<link rel=\"canonical\" href=\"https:\/\/www.intmega.com\/en\/products\/nir-spectrometers-and-acousto-optic-systems\/hyperspectral-imagers\/hyperspectral-imagers\/\" \/>\n<meta property=\"og:locale\" content=\"en_US\" \/>\n<meta property=\"og:type\" content=\"article\" \/>\n<meta property=\"og:title\" content=\"Hyperspectral Imagers - iNTMEGA\" \/>\n<meta property=\"og:description\" content=\"[vc_row][vc_column][vc_column_text]The Brimrose Hyperspectral Imagers (HSI) use a visible,\u00a0NIR, and SWIR cameras together with our acousto-optical tunable filter (AOTF) to produce hyperspectral imaging on any target area. The AOTF-HSI can be custom built to meet your requirements in a wide variety [&hellip;]\" \/>\n<meta property=\"og:url\" content=\"https:\/\/www.intmega.com\/en\/products\/nir-spectrometers-and-acousto-optic-systems\/hyperspectral-imagers\/hyperspectral-imagers\/\" \/>\n<meta property=\"og:site_name\" content=\"iNTMEGA\" \/>\n<meta property=\"article:modified_time\" content=\"2018-05-22T14:12:09+00:00\" \/>\n<meta property=\"og:image\" content=\"https:\/\/www.intmega.com\/wp-content\/uploads\/2018\/04\/hiperspektral-goruntuleyiciler-brimrose-intmega.jpg\" \/>\n\t<meta property=\"og:image:width\" content=\"330\" \/>\n\t<meta property=\"og:image:height\" content=\"330\" \/>\n\t<meta property=\"og:image:type\" content=\"image\/jpeg\" \/>\n<meta name=\"twitter:card\" content=\"summary_large_image\" \/>\n<meta name=\"twitter:site\" content=\"@intmega1993\" \/>\n<meta name=\"twitter:label1\" content=\"Est. reading time\" \/>\n\t<meta name=\"twitter:data1\" content=\"2 minutes\" \/>\n<script type=\"application\/ld+json\" class=\"yoast-schema-graph\">{\"@context\":\"https:\\\/\\\/schema.org\",\"@graph\":[{\"@type\":\"WebPage\",\"@id\":\"https:\\\/\\\/www.intmega.com\\\/en\\\/products\\\/nir-spectrometers-and-acousto-optic-systems\\\/hyperspectral-imagers\\\/hyperspectral-imagers\\\/\",\"url\":\"https:\\\/\\\/www.intmega.com\\\/en\\\/products\\\/nir-spectrometers-and-acousto-optic-systems\\\/hyperspectral-imagers\\\/hyperspectral-imagers\\\/\",\"name\":\"Hyperspectral Imagers - iNTMEGA\",\"isPartOf\":{\"@id\":\"https:\\\/\\\/www.intmega.com\\\/en\\\/#website\"},\"primaryImageOfPage\":{\"@id\":\"https:\\\/\\\/www.intmega.com\\\/en\\\/products\\\/nir-spectrometers-and-acousto-optic-systems\\\/hyperspectral-imagers\\\/hyperspectral-imagers\\\/#primaryimage\"},\"image\":{\"@id\":\"https:\\\/\\\/www.intmega.com\\\/en\\\/products\\\/nir-spectrometers-and-acousto-optic-systems\\\/hyperspectral-imagers\\\/hyperspectral-imagers\\\/#primaryimage\"},\"thumbnailUrl\":\"https:\\\/\\\/www.intmega.com\\\/wp-content\\\/uploads\\\/2018\\\/04\\\/hiperspektral-goruntuleyiciler-brimrose-intmega.jpg\",\"datePublished\":\"2018-04-12T14:34:22+00:00\",\"dateModified\":\"2018-05-22T14:12:09+00:00\",\"breadcrumb\":{\"@id\":\"https:\\\/\\\/www.intmega.com\\\/en\\\/products\\\/nir-spectrometers-and-acousto-optic-systems\\\/hyperspectral-imagers\\\/hyperspectral-imagers\\\/#breadcrumb\"},\"inLanguage\":\"en-US\",\"potentialAction\":[{\"@type\":\"ReadAction\",\"target\":[\"https:\\\/\\\/www.intmega.com\\\/en\\\/products\\\/nir-spectrometers-and-acousto-optic-systems\\\/hyperspectral-imagers\\\/hyperspectral-imagers\\\/\"]}]},{\"@type\":\"ImageObject\",\"inLanguage\":\"en-US\",\"@id\":\"https:\\\/\\\/www.intmega.com\\\/en\\\/products\\\/nir-spectrometers-and-acousto-optic-systems\\\/hyperspectral-imagers\\\/hyperspectral-imagers\\\/#primaryimage\",\"url\":\"https:\\\/\\\/www.intmega.com\\\/wp-content\\\/uploads\\\/2018\\\/04\\\/hiperspektral-goruntuleyiciler-brimrose-intmega.jpg\",\"contentUrl\":\"https:\\\/\\\/www.intmega.com\\\/wp-content\\\/uploads\\\/2018\\\/04\\\/hiperspektral-goruntuleyiciler-brimrose-intmega.jpg\",\"width\":330,\"height\":330},{\"@type\":\"BreadcrumbList\",\"@id\":\"https:\\\/\\\/www.intmega.com\\\/en\\\/products\\\/nir-spectrometers-and-acousto-optic-systems\\\/hyperspectral-imagers\\\/hyperspectral-imagers\\\/#breadcrumb\",\"itemListElement\":[{\"@type\":\"ListItem\",\"position\":1,\"name\":\"Ana sayfa\",\"item\":\"https:\\\/\\\/www.intmega.com\\\/en\\\/\"},{\"@type\":\"ListItem\",\"position\":2,\"name\":\"Products\",\"item\":\"https:\\\/\\\/www.intmega.com\\\/en\\\/products\\\/\"},{\"@type\":\"ListItem\",\"position\":3,\"name\":\"Hyperspectral Imagers\"}]},{\"@type\":\"WebSite\",\"@id\":\"https:\\\/\\\/www.intmega.com\\\/en\\\/#website\",\"url\":\"https:\\\/\\\/www.intmega.com\\\/en\\\/\",\"name\":\"iNTMEGA\",\"description\":\"Partik\u00fcl Say\u0131m Cihazlar\u0131\",\"publisher\":{\"@id\":\"https:\\\/\\\/www.intmega.com\\\/en\\\/#organization\"},\"potentialAction\":[{\"@type\":\"SearchAction\",\"target\":{\"@type\":\"EntryPoint\",\"urlTemplate\":\"https:\\\/\\\/www.intmega.com\\\/en\\\/?s={search_term_string}\"},\"query-input\":{\"@type\":\"PropertyValueSpecification\",\"valueRequired\":true,\"valueName\":\"search_term_string\"}}],\"inLanguage\":\"en-US\"},{\"@type\":\"Organization\",\"@id\":\"https:\\\/\\\/www.intmega.com\\\/en\\\/#organization\",\"name\":\"iNTMEGA\",\"url\":\"https:\\\/\\\/www.intmega.com\\\/en\\\/\",\"logo\":{\"@type\":\"ImageObject\",\"inLanguage\":\"en-US\",\"@id\":\"https:\\\/\\\/www.intmega.com\\\/en\\\/#\\\/schema\\\/logo\\\/image\\\/\",\"url\":\"https:\\\/\\\/www.intmega.com\\\/wp-content\\\/uploads\\\/2018\\\/05\\\/intmega-logo1.png\",\"contentUrl\":\"https:\\\/\\\/www.intmega.com\\\/wp-content\\\/uploads\\\/2018\\\/05\\\/intmega-logo1.png\",\"width\":377,\"height\":90,\"caption\":\"iNTMEGA\"},\"image\":{\"@id\":\"https:\\\/\\\/www.intmega.com\\\/en\\\/#\\\/schema\\\/logo\\\/image\\\/\"},\"sameAs\":[\"https:\\\/\\\/x.com\\\/intmega1993\",\"https:\\\/\\\/www.instagram.com\\\/intmega\\\/\",\"https:\\\/\\\/www.linkedin.com\\\/company\\\/intmega\\\/\",\"https:\\\/\\\/www.youtube.com\\\/channel\\\/UCpkJ10Pg0qMM7DWfZ2RGlPw?view_as=subscriber\"]}]}<\/script>\n<!-- \/ Yoast SEO plugin. -->","yoast_head_json":{"title":"Hyperspectral Imagers - iNTMEGA","robots":{"index":"index","follow":"follow","max-snippet":"max-snippet:-1","max-image-preview":"max-image-preview:large","max-video-preview":"max-video-preview:-1"},"canonical":"https:\/\/www.intmega.com\/en\/products\/nir-spectrometers-and-acousto-optic-systems\/hyperspectral-imagers\/hyperspectral-imagers\/","og_locale":"en_US","og_type":"article","og_title":"Hyperspectral Imagers - iNTMEGA","og_description":"[vc_row][vc_column][vc_column_text]The Brimrose Hyperspectral Imagers (HSI) use a visible,\u00a0NIR, and SWIR cameras together with our acousto-optical tunable filter (AOTF) to produce hyperspectral imaging on any target area. The AOTF-HSI can be custom built to meet your requirements in a wide variety [&hellip;]","og_url":"https:\/\/www.intmega.com\/en\/products\/nir-spectrometers-and-acousto-optic-systems\/hyperspectral-imagers\/hyperspectral-imagers\/","og_site_name":"iNTMEGA","article_modified_time":"2018-05-22T14:12:09+00:00","og_image":[{"width":330,"height":330,"url":"https:\/\/www.intmega.com\/wp-content\/uploads\/2018\/04\/hiperspektral-goruntuleyiciler-brimrose-intmega.jpg","type":"image\/jpeg"}],"twitter_card":"summary_large_image","twitter_site":"@intmega1993","twitter_misc":{"Est. reading time":"2 minutes"},"schema":{"@context":"https:\/\/schema.org","@graph":[{"@type":"WebPage","@id":"https:\/\/www.intmega.com\/en\/products\/nir-spectrometers-and-acousto-optic-systems\/hyperspectral-imagers\/hyperspectral-imagers\/","url":"https:\/\/www.intmega.com\/en\/products\/nir-spectrometers-and-acousto-optic-systems\/hyperspectral-imagers\/hyperspectral-imagers\/","name":"Hyperspectral Imagers - iNTMEGA","isPartOf":{"@id":"https:\/\/www.intmega.com\/en\/#website"},"primaryImageOfPage":{"@id":"https:\/\/www.intmega.com\/en\/products\/nir-spectrometers-and-acousto-optic-systems\/hyperspectral-imagers\/hyperspectral-imagers\/#primaryimage"},"image":{"@id":"https:\/\/www.intmega.com\/en\/products\/nir-spectrometers-and-acousto-optic-systems\/hyperspectral-imagers\/hyperspectral-imagers\/#primaryimage"},"thumbnailUrl":"https:\/\/www.intmega.com\/wp-content\/uploads\/2018\/04\/hiperspektral-goruntuleyiciler-brimrose-intmega.jpg","datePublished":"2018-04-12T14:34:22+00:00","dateModified":"2018-05-22T14:12:09+00:00","breadcrumb":{"@id":"https:\/\/www.intmega.com\/en\/products\/nir-spectrometers-and-acousto-optic-systems\/hyperspectral-imagers\/hyperspectral-imagers\/#breadcrumb"},"inLanguage":"en-US","potentialAction":[{"@type":"ReadAction","target":["https:\/\/www.intmega.com\/en\/products\/nir-spectrometers-and-acousto-optic-systems\/hyperspectral-imagers\/hyperspectral-imagers\/"]}]},{"@type":"ImageObject","inLanguage":"en-US","@id":"https:\/\/www.intmega.com\/en\/products\/nir-spectrometers-and-acousto-optic-systems\/hyperspectral-imagers\/hyperspectral-imagers\/#primaryimage","url":"https:\/\/www.intmega.com\/wp-content\/uploads\/2018\/04\/hiperspektral-goruntuleyiciler-brimrose-intmega.jpg","contentUrl":"https:\/\/www.intmega.com\/wp-content\/uploads\/2018\/04\/hiperspektral-goruntuleyiciler-brimrose-intmega.jpg","width":330,"height":330},{"@type":"BreadcrumbList","@id":"https:\/\/www.intmega.com\/en\/products\/nir-spectrometers-and-acousto-optic-systems\/hyperspectral-imagers\/hyperspectral-imagers\/#breadcrumb","itemListElement":[{"@type":"ListItem","position":1,"name":"Ana sayfa","item":"https:\/\/www.intmega.com\/en\/"},{"@type":"ListItem","position":2,"name":"Products","item":"https:\/\/www.intmega.com\/en\/products\/"},{"@type":"ListItem","position":3,"name":"Hyperspectral Imagers"}]},{"@type":"WebSite","@id":"https:\/\/www.intmega.com\/en\/#website","url":"https:\/\/www.intmega.com\/en\/","name":"iNTMEGA","description":"Partik\u00fcl Say\u0131m Cihazlar\u0131","publisher":{"@id":"https:\/\/www.intmega.com\/en\/#organization"},"potentialAction":[{"@type":"SearchAction","target":{"@type":"EntryPoint","urlTemplate":"https:\/\/www.intmega.com\/en\/?s={search_term_string}"},"query-input":{"@type":"PropertyValueSpecification","valueRequired":true,"valueName":"search_term_string"}}],"inLanguage":"en-US"},{"@type":"Organization","@id":"https:\/\/www.intmega.com\/en\/#organization","name":"iNTMEGA","url":"https:\/\/www.intmega.com\/en\/","logo":{"@type":"ImageObject","inLanguage":"en-US","@id":"https:\/\/www.intmega.com\/en\/#\/schema\/logo\/image\/","url":"https:\/\/www.intmega.com\/wp-content\/uploads\/2018\/05\/intmega-logo1.png","contentUrl":"https:\/\/www.intmega.com\/wp-content\/uploads\/2018\/05\/intmega-logo1.png","width":377,"height":90,"caption":"iNTMEGA"},"image":{"@id":"https:\/\/www.intmega.com\/en\/#\/schema\/logo\/image\/"},"sameAs":["https:\/\/x.com\/intmega1993","https:\/\/www.instagram.com\/intmega\/","https:\/\/www.linkedin.com\/company\/intmega\/","https:\/\/www.youtube.com\/channel\/UCpkJ10Pg0qMM7DWfZ2RGlPw?view_as=subscriber"]}]}},"_links":{"self":[{"href":"https:\/\/www.intmega.com\/en\/wp-json\/wp\/v2\/product\/365","targetHints":{"allow":["GET"]}}],"collection":[{"href":"https:\/\/www.intmega.com\/en\/wp-json\/wp\/v2\/product"}],"about":[{"href":"https:\/\/www.intmega.com\/en\/wp-json\/wp\/v2\/types\/product"}],"wp:featuredmedia":[{"embeddable":true,"href":"https:\/\/www.intmega.com\/en\/wp-json\/wp\/v2\/media\/1067"}],"wp:attachment":[{"href":"https:\/\/www.intmega.com\/en\/wp-json\/wp\/v2\/media?parent=365"}],"wp:term":[{"taxonomy":"product_brand","embeddable":true,"href":"https:\/\/www.intmega.com\/en\/wp-json\/wp\/v2\/product_brand?post=365"},{"taxonomy":"product_cat","embeddable":true,"href":"https:\/\/www.intmega.com\/en\/wp-json\/wp\/v2\/product_cat?post=365"},{"taxonomy":"product_tag","embeddable":true,"href":"https:\/\/www.intmega.com\/en\/wp-json\/wp\/v2\/product_tag?post=365"}],"curies":[{"name":"wp","href":"https:\/\/api.w.org\/{rel}","templated":true}]}}