{"id":358,"date":"2018-04-12T17:16:53","date_gmt":"2018-04-12T14:16:53","guid":{"rendered":"https:\/\/www.intmega.com\/urunler\/uncategorized\/luminar-3070-benchtop-analyzer\/"},"modified":"2018-05-28T16:27:34","modified_gmt":"2018-05-28T13:27:34","slug":"luminar-3070-benchtop-analyzer","status":"publish","type":"product","link":"https:\/\/www.intmega.com\/en\/products\/nir-spectrometers-and-acousto-optic-systems\/aotf-nir-spektrometers\/laboratory\/luminar-3070-benchtop-analyzer\/","title":{"rendered":"Luminar 3070  Benchtop Analyzer"},"content":{"rendered":"<div class=\"wpb-content-wrapper\"><p>[vc_row][vc_column][vc_column_text]The benchtop analyzer was designed for non-contact, non-destructive measurement of chemical and physical properties in a laboratory environment.<\/p>\n<p><strong>MODELS: APPLICATIONS<\/strong><\/p>\n<ul>\n<li><strong>920A: <\/strong>Transmission for liquids with integrated flow cell dynamic mode<\/li>\n<li><strong>920B: <\/strong>Transmission for single seeds or tablets<\/li>\n<li><strong>920D: <\/strong>Transmission for liquids with separate heated flow cells in dynamic mode<\/li>\n<li><strong>920E: <\/strong>Diffuse reflectance measurements with rotating cup<\/li>\n<\/ul>\n<p>[\/vc_column_text][\/vc_column][\/vc_row][vc_section full_width=&#8221;stretch_row_content&#8221; css=&#8221;.vc_custom_1527514050557{margin-top: 50px !important;padding-left: 15px !important;}&#8221;][vc_row row_content_width=&#8221;grid&#8221; css=&#8221;.vc_custom_1527514015613{margin-top: 50px !important;margin-bottom: 20px !important;}&#8221;][vc_column width=&#8221;1\/2&#8243;][\/vc_column][vc_column width=&#8221;1\/2&#8243;]<div class=\"mkdf-info-list\">\n    <div class=\"mkdf-info-list-inner\">\n        \n        <div class=\"mkdf-info-list-items\">\n                    <\/div>\n\n        <a itemprop=\"url\" href=\"\/en\/contact-us\/\" target=\"_self\"  class=\"mkdf-btn mkdf-btn-medium mkdf-btn-solid mkdf-btn-solid-dark mkdf-btn-icon mkdf-info-list-button\"  >    <span class=\"mkdf-btn-text\">Reach to Us<\/span>    <span class=\"mkdf-btn-icon-holder\">        <span class=\"mkdf-btn-icon-normal\" ><i class=\"mkdf-icon-ion-icon ion-chevron-right \" ><\/i><\/span>        <span class=\"mkdf-btn-icon-flip\" ><i class=\"mkdf-icon-ion-icon ion-chevron-right \" ><\/i><\/span>    <\/span><\/a>    <\/div>\n<\/div>[\/vc_column][\/vc_row][\/vc_section][vc_section full_width=&#8221;stretch_row_content&#8221; css=&#8221;.vc_custom_1526994188310{padding-bottom: 60px !important;background-color: #f3f3f3 !important;}&#8221;][vc_row row_content_width=&#8221;grid&#8221;][vc_column][vc_custom_heading text=&#8221;Brimrose AOTF-NIR Spektrometreler &#8221; font_container=&#8221;tag:h2|text_align:left|color:%23515151&#8243; use_theme_fonts=&#8221;yes&#8221;][\/vc_column][\/vc_row][vc_row row_content_width=&#8221;grid&#8221;][vc_column][vc_column_text]<strong>Reduce waste, reduce cost increase profitability<\/strong><\/p>\n<p><strong>Vibration resistant, in-line industrial process control<\/strong><\/p>\n<p>Brimrose designs and builds AOTF-NIR Spectrometers to meet customer individual needs and environmental constraints to improve production, quality, and consistency. Brimrose specialize in At-Line,\u00a0In-Line, and Multi-Purpose near infrared spectrometers that are adaptable and flexible to meet your ever-changing needs.[\/vc_column_text][\/vc_column][\/vc_row][vc_row row_content_width=&#8221;grid&#8221; css=&#8221;.vc_custom_1526992110487{margin-top: 20px !important;}&#8221;][vc_column][vc_column_text]<strong>ADVANTAGES<\/strong><\/p>\n<ul>\n<li>Fastest (up to 10 measurements \/ second)<\/li>\n<li>Customized for Purpose (ATEX \/ UL \/ IPxx)<\/li>\n<li>Immune to Ambient Light &amp; Vibration<\/li>\n<li>Solid State, No Moving Parts<\/li>\n<li>Real-Time Dual-Beam Reference (No Drifting)<\/li>\n<\/ul>\n<p>[\/vc_column_text][\/vc_column][\/vc_row][vc_row row_content_width=&#8221;grid&#8221; css=&#8221;.vc_custom_1526992143817{margin-top: 20px !important;}&#8221;][vc_column][vc_column_text]<strong>BY INDUSTRY<\/strong>[\/vc_column_text][\/vc_column][\/vc_row][vc_row row_content_width=&#8221;grid&#8221; css=&#8221;.vc_custom_1526992175292{margin-top: 7px !important;}&#8221;][vc_column][vc_row_inner][vc_column_inner width=&#8221;1\/2&#8243;][vc_column_text]<strong>Pharmaceutical<\/strong><\/p>\n<ul>\n<li>Classification<\/li>\n<li>Tablet Analysis<\/li>\n<li>Lyophilization<\/li>\n<li>Raw Materials Identification<\/li>\n<li>Excipient Bead Coating Control<\/li>\n<\/ul>\n<p>[\/vc_column_text][\/vc_column_inner][vc_column_inner width=&#8221;1\/2&#8243;][vc_column_text]<strong>Chemical \/ Polymer<\/strong><\/p>\n<ul>\n<li>Gas Analysis<\/li>\n<li>Paper \/ Pulp \/ Wood<\/li>\n<li>Identify Catalysts<\/li>\n<li>Liquids Measurement<\/li>\n<li>Solvent Recovery Monitoring<\/li>\n<\/ul>\n<p>[\/vc_column_text][\/vc_column_inner][\/vc_row_inner][vc_row_inner css=&#8221;.vc_custom_1526992767539{margin-top: 10px !important;}&#8221;][vc_column_inner width=&#8221;1\/2&#8243;][vc_column_text]<strong>Food \/ Agriculture<\/strong><\/p>\n<ul>\n<li>Olive &amp; Grape Growers \/ Milling<\/li>\n<li>Tobacco<\/li>\n<li>Dairy<\/li>\n<li>Fruits \/ Juices<\/li>\n<li>Seeds \/ Nuts<\/li>\n<\/ul>\n<p>[\/vc_column_text][\/vc_column_inner][vc_column_inner width=&#8221;1\/2&#8243; css=&#8221;.vc_custom_1526992688255{margin-top: 10px !important;}&#8221;][vc_column_text]<strong>Petrochemical \/ Oil \/ Gas<\/strong><\/p>\n<ul>\n<li>Gas Analysis<\/li>\n<li>Gas Blending<\/li>\n<li>Measure Compounds &amp; Constituents<\/li>\n<\/ul>\n<p>[\/vc_column_text][\/vc_column_inner][\/vc_row_inner][\/vc_column][\/vc_row][\/vc_section]<\/p>\n<\/div>","protected":false},"excerpt":{"rendered":"<p>[vc_row][vc_column][vc_column_text]The benchtop analyzer was designed for non-contact, non-destructive measurement of chemical and physical properties in a laboratory environment. MODELS: APPLICATIONS 920A: Transmission for liquids with integrated flow cell dynamic mode 920B: Transmission for single seeds or tablets 920D: Transmission for [&hellip;]<\/p>\n","protected":false},"featured_media":807,"template":"","meta":{"_monsterinsights_skip_tracking":false,"_monsterinsights_sitenote_active":false,"_monsterinsights_sitenote_note":"","_monsterinsights_sitenote_category":0},"product_brand":[],"product_cat":[49,55,33],"product_tag":[],"class_list":{"0":"post-358","1":"product","2":"type-product","3":"status-publish","4":"has-post-thumbnail","6":"product_cat-aotf-nir-spektrometers","7":"product_cat-laboratory","8":"product_cat-nir-spectrometers-and-acousto-optic-systems","10":"first","11":"instock","12":"shipping-taxable","13":"product-type-simple"},"yoast_head":"<!-- This site is optimized with the Yoast SEO plugin v27.3 - https:\/\/yoast.com\/product\/yoast-seo-wordpress\/ -->\n<title>Luminar 3070 Benchtop Analyzer - iNTMEGA<\/title>\n<meta name=\"robots\" content=\"index, follow, max-snippet:-1, max-image-preview:large, max-video-preview:-1\" \/>\n<link rel=\"canonical\" href=\"https:\/\/www.intmega.com\/en\/products\/nir-spectrometers-and-acousto-optic-systems\/aotf-nir-spektrometers\/laboratory\/luminar-3070-benchtop-analyzer\/\" \/>\n<meta property=\"og:locale\" content=\"en_US\" \/>\n<meta property=\"og:type\" content=\"article\" \/>\n<meta property=\"og:title\" content=\"Luminar 3070 Benchtop Analyzer - iNTMEGA\" \/>\n<meta property=\"og:description\" content=\"[vc_row][vc_column][vc_column_text]The benchtop analyzer was designed for non-contact, non-destructive measurement of chemical and physical properties in a laboratory environment. MODELS: APPLICATIONS 920A: Transmission for liquids with integrated flow cell dynamic mode 920B: Transmission for single seeds or tablets 920D: Transmission for [&hellip;]\" \/>\n<meta property=\"og:url\" content=\"https:\/\/www.intmega.com\/en\/products\/nir-spectrometers-and-acousto-optic-systems\/aotf-nir-spektrometers\/laboratory\/luminar-3070-benchtop-analyzer\/\" \/>\n<meta property=\"og:site_name\" content=\"iNTMEGA\" \/>\n<meta property=\"article:modified_time\" content=\"2018-05-28T13:27:34+00:00\" \/>\n<meta property=\"og:image\" content=\"https:\/\/www.intmega.com\/wp-content\/uploads\/2018\/04\/luminar-3070-tezgah-ustu-analizoru-brimrose-intmega.jpg\" \/>\n\t<meta property=\"og:image:width\" content=\"614\" \/>\n\t<meta property=\"og:image:height\" content=\"614\" \/>\n\t<meta property=\"og:image:type\" content=\"image\/jpeg\" \/>\n<meta name=\"twitter:card\" content=\"summary_large_image\" \/>\n<meta name=\"twitter:site\" content=\"@intmega1993\" \/>\n<meta name=\"twitter:label1\" content=\"Est. reading time\" \/>\n\t<meta name=\"twitter:data1\" content=\"2 minutes\" \/>\n<script type=\"application\/ld+json\" class=\"yoast-schema-graph\">{\"@context\":\"https:\\\/\\\/schema.org\",\"@graph\":[{\"@type\":\"WebPage\",\"@id\":\"https:\\\/\\\/www.intmega.com\\\/en\\\/products\\\/nir-spectrometers-and-acousto-optic-systems\\\/aotf-nir-spektrometers\\\/laboratory\\\/luminar-3070-benchtop-analyzer\\\/\",\"url\":\"https:\\\/\\\/www.intmega.com\\\/en\\\/products\\\/nir-spectrometers-and-acousto-optic-systems\\\/aotf-nir-spektrometers\\\/laboratory\\\/luminar-3070-benchtop-analyzer\\\/\",\"name\":\"Luminar 3070 Benchtop Analyzer - iNTMEGA\",\"isPartOf\":{\"@id\":\"https:\\\/\\\/www.intmega.com\\\/en\\\/#website\"},\"primaryImageOfPage\":{\"@id\":\"https:\\\/\\\/www.intmega.com\\\/en\\\/products\\\/nir-spectrometers-and-acousto-optic-systems\\\/aotf-nir-spektrometers\\\/laboratory\\\/luminar-3070-benchtop-analyzer\\\/#primaryimage\"},\"image\":{\"@id\":\"https:\\\/\\\/www.intmega.com\\\/en\\\/products\\\/nir-spectrometers-and-acousto-optic-systems\\\/aotf-nir-spektrometers\\\/laboratory\\\/luminar-3070-benchtop-analyzer\\\/#primaryimage\"},\"thumbnailUrl\":\"https:\\\/\\\/www.intmega.com\\\/wp-content\\\/uploads\\\/2018\\\/04\\\/luminar-3070-tezgah-ustu-analizoru-brimrose-intmega.jpg\",\"datePublished\":\"2018-04-12T14:16:53+00:00\",\"dateModified\":\"2018-05-28T13:27:34+00:00\",\"breadcrumb\":{\"@id\":\"https:\\\/\\\/www.intmega.com\\\/en\\\/products\\\/nir-spectrometers-and-acousto-optic-systems\\\/aotf-nir-spektrometers\\\/laboratory\\\/luminar-3070-benchtop-analyzer\\\/#breadcrumb\"},\"inLanguage\":\"en-US\",\"potentialAction\":[{\"@type\":\"ReadAction\",\"target\":[\"https:\\\/\\\/www.intmega.com\\\/en\\\/products\\\/nir-spectrometers-and-acousto-optic-systems\\\/aotf-nir-spektrometers\\\/laboratory\\\/luminar-3070-benchtop-analyzer\\\/\"]}]},{\"@type\":\"ImageObject\",\"inLanguage\":\"en-US\",\"@id\":\"https:\\\/\\\/www.intmega.com\\\/en\\\/products\\\/nir-spectrometers-and-acousto-optic-systems\\\/aotf-nir-spektrometers\\\/laboratory\\\/luminar-3070-benchtop-analyzer\\\/#primaryimage\",\"url\":\"https:\\\/\\\/www.intmega.com\\\/wp-content\\\/uploads\\\/2018\\\/04\\\/luminar-3070-tezgah-ustu-analizoru-brimrose-intmega.jpg\",\"contentUrl\":\"https:\\\/\\\/www.intmega.com\\\/wp-content\\\/uploads\\\/2018\\\/04\\\/luminar-3070-tezgah-ustu-analizoru-brimrose-intmega.jpg\",\"width\":614,\"height\":614},{\"@type\":\"BreadcrumbList\",\"@id\":\"https:\\\/\\\/www.intmega.com\\\/en\\\/products\\\/nir-spectrometers-and-acousto-optic-systems\\\/aotf-nir-spektrometers\\\/laboratory\\\/luminar-3070-benchtop-analyzer\\\/#breadcrumb\",\"itemListElement\":[{\"@type\":\"ListItem\",\"position\":1,\"name\":\"Ana sayfa\",\"item\":\"https:\\\/\\\/www.intmega.com\\\/en\\\/\"},{\"@type\":\"ListItem\",\"position\":2,\"name\":\"Products\",\"item\":\"https:\\\/\\\/www.intmega.com\\\/en\\\/products\\\/\"},{\"@type\":\"ListItem\",\"position\":3,\"name\":\"Luminar 3070 Benchtop Analyzer\"}]},{\"@type\":\"WebSite\",\"@id\":\"https:\\\/\\\/www.intmega.com\\\/en\\\/#website\",\"url\":\"https:\\\/\\\/www.intmega.com\\\/en\\\/\",\"name\":\"iNTMEGA\",\"description\":\"Partik\u00fcl Say\u0131m Cihazlar\u0131\",\"publisher\":{\"@id\":\"https:\\\/\\\/www.intmega.com\\\/en\\\/#organization\"},\"potentialAction\":[{\"@type\":\"SearchAction\",\"target\":{\"@type\":\"EntryPoint\",\"urlTemplate\":\"https:\\\/\\\/www.intmega.com\\\/en\\\/?s={search_term_string}\"},\"query-input\":{\"@type\":\"PropertyValueSpecification\",\"valueRequired\":true,\"valueName\":\"search_term_string\"}}],\"inLanguage\":\"en-US\"},{\"@type\":\"Organization\",\"@id\":\"https:\\\/\\\/www.intmega.com\\\/en\\\/#organization\",\"name\":\"iNTMEGA\",\"url\":\"https:\\\/\\\/www.intmega.com\\\/en\\\/\",\"logo\":{\"@type\":\"ImageObject\",\"inLanguage\":\"en-US\",\"@id\":\"https:\\\/\\\/www.intmega.com\\\/en\\\/#\\\/schema\\\/logo\\\/image\\\/\",\"url\":\"https:\\\/\\\/www.intmega.com\\\/wp-content\\\/uploads\\\/2018\\\/05\\\/intmega-logo1.png\",\"contentUrl\":\"https:\\\/\\\/www.intmega.com\\\/wp-content\\\/uploads\\\/2018\\\/05\\\/intmega-logo1.png\",\"width\":377,\"height\":90,\"caption\":\"iNTMEGA\"},\"image\":{\"@id\":\"https:\\\/\\\/www.intmega.com\\\/en\\\/#\\\/schema\\\/logo\\\/image\\\/\"},\"sameAs\":[\"https:\\\/\\\/x.com\\\/intmega1993\",\"https:\\\/\\\/www.instagram.com\\\/intmega\\\/\",\"https:\\\/\\\/www.linkedin.com\\\/company\\\/intmega\\\/\",\"https:\\\/\\\/www.youtube.com\\\/channel\\\/UCpkJ10Pg0qMM7DWfZ2RGlPw?view_as=subscriber\"]}]}<\/script>\n<!-- \/ Yoast SEO plugin. -->","yoast_head_json":{"title":"Luminar 3070 Benchtop Analyzer - iNTMEGA","robots":{"index":"index","follow":"follow","max-snippet":"max-snippet:-1","max-image-preview":"max-image-preview:large","max-video-preview":"max-video-preview:-1"},"canonical":"https:\/\/www.intmega.com\/en\/products\/nir-spectrometers-and-acousto-optic-systems\/aotf-nir-spektrometers\/laboratory\/luminar-3070-benchtop-analyzer\/","og_locale":"en_US","og_type":"article","og_title":"Luminar 3070 Benchtop Analyzer - iNTMEGA","og_description":"[vc_row][vc_column][vc_column_text]The benchtop analyzer was designed for non-contact, non-destructive measurement of chemical and physical properties in a laboratory environment. MODELS: APPLICATIONS 920A: Transmission for liquids with integrated flow cell dynamic mode 920B: Transmission for single seeds or tablets 920D: Transmission for [&hellip;]","og_url":"https:\/\/www.intmega.com\/en\/products\/nir-spectrometers-and-acousto-optic-systems\/aotf-nir-spektrometers\/laboratory\/luminar-3070-benchtop-analyzer\/","og_site_name":"iNTMEGA","article_modified_time":"2018-05-28T13:27:34+00:00","og_image":[{"width":614,"height":614,"url":"https:\/\/www.intmega.com\/wp-content\/uploads\/2018\/04\/luminar-3070-tezgah-ustu-analizoru-brimrose-intmega.jpg","type":"image\/jpeg"}],"twitter_card":"summary_large_image","twitter_site":"@intmega1993","twitter_misc":{"Est. reading time":"2 minutes"},"schema":{"@context":"https:\/\/schema.org","@graph":[{"@type":"WebPage","@id":"https:\/\/www.intmega.com\/en\/products\/nir-spectrometers-and-acousto-optic-systems\/aotf-nir-spektrometers\/laboratory\/luminar-3070-benchtop-analyzer\/","url":"https:\/\/www.intmega.com\/en\/products\/nir-spectrometers-and-acousto-optic-systems\/aotf-nir-spektrometers\/laboratory\/luminar-3070-benchtop-analyzer\/","name":"Luminar 3070 Benchtop Analyzer - iNTMEGA","isPartOf":{"@id":"https:\/\/www.intmega.com\/en\/#website"},"primaryImageOfPage":{"@id":"https:\/\/www.intmega.com\/en\/products\/nir-spectrometers-and-acousto-optic-systems\/aotf-nir-spektrometers\/laboratory\/luminar-3070-benchtop-analyzer\/#primaryimage"},"image":{"@id":"https:\/\/www.intmega.com\/en\/products\/nir-spectrometers-and-acousto-optic-systems\/aotf-nir-spektrometers\/laboratory\/luminar-3070-benchtop-analyzer\/#primaryimage"},"thumbnailUrl":"https:\/\/www.intmega.com\/wp-content\/uploads\/2018\/04\/luminar-3070-tezgah-ustu-analizoru-brimrose-intmega.jpg","datePublished":"2018-04-12T14:16:53+00:00","dateModified":"2018-05-28T13:27:34+00:00","breadcrumb":{"@id":"https:\/\/www.intmega.com\/en\/products\/nir-spectrometers-and-acousto-optic-systems\/aotf-nir-spektrometers\/laboratory\/luminar-3070-benchtop-analyzer\/#breadcrumb"},"inLanguage":"en-US","potentialAction":[{"@type":"ReadAction","target":["https:\/\/www.intmega.com\/en\/products\/nir-spectrometers-and-acousto-optic-systems\/aotf-nir-spektrometers\/laboratory\/luminar-3070-benchtop-analyzer\/"]}]},{"@type":"ImageObject","inLanguage":"en-US","@id":"https:\/\/www.intmega.com\/en\/products\/nir-spectrometers-and-acousto-optic-systems\/aotf-nir-spektrometers\/laboratory\/luminar-3070-benchtop-analyzer\/#primaryimage","url":"https:\/\/www.intmega.com\/wp-content\/uploads\/2018\/04\/luminar-3070-tezgah-ustu-analizoru-brimrose-intmega.jpg","contentUrl":"https:\/\/www.intmega.com\/wp-content\/uploads\/2018\/04\/luminar-3070-tezgah-ustu-analizoru-brimrose-intmega.jpg","width":614,"height":614},{"@type":"BreadcrumbList","@id":"https:\/\/www.intmega.com\/en\/products\/nir-spectrometers-and-acousto-optic-systems\/aotf-nir-spektrometers\/laboratory\/luminar-3070-benchtop-analyzer\/#breadcrumb","itemListElement":[{"@type":"ListItem","position":1,"name":"Ana sayfa","item":"https:\/\/www.intmega.com\/en\/"},{"@type":"ListItem","position":2,"name":"Products","item":"https:\/\/www.intmega.com\/en\/products\/"},{"@type":"ListItem","position":3,"name":"Luminar 3070 Benchtop Analyzer"}]},{"@type":"WebSite","@id":"https:\/\/www.intmega.com\/en\/#website","url":"https:\/\/www.intmega.com\/en\/","name":"iNTMEGA","description":"Partik\u00fcl Say\u0131m Cihazlar\u0131","publisher":{"@id":"https:\/\/www.intmega.com\/en\/#organization"},"potentialAction":[{"@type":"SearchAction","target":{"@type":"EntryPoint","urlTemplate":"https:\/\/www.intmega.com\/en\/?s={search_term_string}"},"query-input":{"@type":"PropertyValueSpecification","valueRequired":true,"valueName":"search_term_string"}}],"inLanguage":"en-US"},{"@type":"Organization","@id":"https:\/\/www.intmega.com\/en\/#organization","name":"iNTMEGA","url":"https:\/\/www.intmega.com\/en\/","logo":{"@type":"ImageObject","inLanguage":"en-US","@id":"https:\/\/www.intmega.com\/en\/#\/schema\/logo\/image\/","url":"https:\/\/www.intmega.com\/wp-content\/uploads\/2018\/05\/intmega-logo1.png","contentUrl":"https:\/\/www.intmega.com\/wp-content\/uploads\/2018\/05\/intmega-logo1.png","width":377,"height":90,"caption":"iNTMEGA"},"image":{"@id":"https:\/\/www.intmega.com\/en\/#\/schema\/logo\/image\/"},"sameAs":["https:\/\/x.com\/intmega1993","https:\/\/www.instagram.com\/intmega\/","https:\/\/www.linkedin.com\/company\/intmega\/","https:\/\/www.youtube.com\/channel\/UCpkJ10Pg0qMM7DWfZ2RGlPw?view_as=subscriber"]}]}},"_links":{"self":[{"href":"https:\/\/www.intmega.com\/en\/wp-json\/wp\/v2\/product\/358","targetHints":{"allow":["GET"]}}],"collection":[{"href":"https:\/\/www.intmega.com\/en\/wp-json\/wp\/v2\/product"}],"about":[{"href":"https:\/\/www.intmega.com\/en\/wp-json\/wp\/v2\/types\/product"}],"wp:featuredmedia":[{"embeddable":true,"href":"https:\/\/www.intmega.com\/en\/wp-json\/wp\/v2\/media\/807"}],"wp:attachment":[{"href":"https:\/\/www.intmega.com\/en\/wp-json\/wp\/v2\/media?parent=358"}],"wp:term":[{"taxonomy":"product_brand","embeddable":true,"href":"https:\/\/www.intmega.com\/en\/wp-json\/wp\/v2\/product_brand?post=358"},{"taxonomy":"product_cat","embeddable":true,"href":"https:\/\/www.intmega.com\/en\/wp-json\/wp\/v2\/product_cat?post=358"},{"taxonomy":"product_tag","embeddable":true,"href":"https:\/\/www.intmega.com\/en\/wp-json\/wp\/v2\/product_tag?post=358"}],"curies":[{"name":"wp","href":"https:\/\/api.w.org\/{rel}","templated":true}]}}