{"id":356,"date":"2018-04-12T17:12:02","date_gmt":"2018-04-12T14:12:02","guid":{"rendered":"https:\/\/www.intmega.com\/urunler\/uncategorized\/luminar-4030-4040-free-space-analyzers\/"},"modified":"2018-05-28T16:34:09","modified_gmt":"2018-05-28T13:34:09","slug":"luminar-4030-4040-free-space-analyzers","status":"publish","type":"product","link":"https:\/\/www.intmega.com\/en\/products\/nir-spectrometers-and-acousto-optic-systems\/aotf-nir-spektrometers\/in-line-process\/luminar-4030-4040-free-space-analyzers\/","title":{"rendered":"Luminar 4030\/4040  Free Space Analyzers"},"content":{"rendered":"<div class=\"wpb-content-wrapper\"><p>[vc_row][vc_column][vc_column_text]Most popular Process Analytical Technology (PAT) Analyzer. This spectrometer can be used as free space or with fiber. The 4040 model has dual cooling for higher temperature applications.<\/p>\n<p><strong>APPLICATIONS<\/strong><\/p>\n<ul>\n<li><strong>Blend Control: <\/strong>Real-time homogeneity monitoring and blending control process<\/li>\n<li><strong> Drying process:<\/strong> Direct placement on spray or fluid bed dryers<\/li>\n<li><strong>Pharmaceutical:<\/strong> 100% inspection of solids, gels, liquids and powders<\/li>\n<li><strong>Agricultural\/Food:<\/strong> In-line food analysis for fat, protein, bread crumb, moisture, starch, etc<\/li>\n<li><strong>Polymer:<\/strong> In-site measurement of pellets, films and coatings<\/li>\n<li><strong>Textile:<\/strong> Cotton\/polyester ratio accurately by the web<\/li>\n<li><strong>Pulp and paper:<\/strong> In-line thickness and coating analysis<\/li>\n<li><strong>Tobacco:<\/strong> Measurements of nicotine, sugars, potassium, etc.<\/li>\n<\/ul>\n<p>[\/vc_column_text][\/vc_column][\/vc_row][vc_section full_width=&#8221;stretch_row_content&#8221; css=&#8221;.vc_custom_1526477296013{margin-top: 30px !important;padding-left: 15px !important;}&#8221;][vc_row row_content_width=&#8221;grid&#8221; css=&#8221;.vc_custom_1527514446261{margin-top: 20px !important;margin-bottom: 20px !important;}&#8221;][vc_column width=&#8221;1\/2&#8243;][\/vc_column][vc_column width=&#8221;1\/2&#8243;]<div class=\"mkdf-info-list\">\n    <div class=\"mkdf-info-list-inner\">\n        \n        <div class=\"mkdf-info-list-items\">\n                    <\/div>\n\n        <a itemprop=\"url\" href=\"\/en\/contact-us\/\" target=\"_self\"  class=\"mkdf-btn mkdf-btn-medium mkdf-btn-solid mkdf-btn-solid-dark mkdf-btn-icon mkdf-info-list-button\"  >    <span class=\"mkdf-btn-text\">Reach to Us<\/span>    <span class=\"mkdf-btn-icon-holder\">        <span class=\"mkdf-btn-icon-normal\" ><i class=\"mkdf-icon-ion-icon ion-chevron-right \" ><\/i><\/span>        <span class=\"mkdf-btn-icon-flip\" ><i class=\"mkdf-icon-ion-icon ion-chevron-right \" ><\/i><\/span>    <\/span><\/a>    <\/div>\n<\/div>[\/vc_column][\/vc_row][\/vc_section][vc_section full_width=&#8221;stretch_row_content&#8221; css=&#8221;.vc_custom_1526994188310{padding-bottom: 60px !important;background-color: #f3f3f3 !important;}&#8221;][vc_row row_content_width=&#8221;grid&#8221;][vc_column][vc_custom_heading text=&#8221;Brimrose AOTF-NIR Spektrometreler &#8221; font_container=&#8221;tag:h2|text_align:left|color:%23515151&#8243; use_theme_fonts=&#8221;yes&#8221;][\/vc_column][\/vc_row][vc_row row_content_width=&#8221;grid&#8221;][vc_column][vc_column_text]<strong>Reduce waste, reduce cost increase profitability<\/strong><\/p>\n<p><strong>Vibration resistant, in-line industrial process control<\/strong><\/p>\n<p>Brimrose designs and builds AOTF-NIR Spectrometers to meet customer individual needs and environmental constraints to improve production, quality, and consistency. Brimrose specialize in At-Line,\u00a0In-Line, and Multi-Purpose near infrared spectrometers that are adaptable and flexible to meet your ever-changing needs.[\/vc_column_text][\/vc_column][\/vc_row][vc_row row_content_width=&#8221;grid&#8221; css=&#8221;.vc_custom_1526992110487{margin-top: 20px !important;}&#8221;][vc_column][vc_column_text]<strong>ADVANTAGES<\/strong><\/p>\n<ul>\n<li>Fastest (up to 10 measurements \/ second)<\/li>\n<li>Customized for Purpose (ATEX \/ UL \/ IPxx)<\/li>\n<li>Immune to Ambient Light &amp; Vibration<\/li>\n<li>Solid State, No Moving Parts<\/li>\n<li>Real-Time Dual-Beam Reference (No Drifting)<\/li>\n<\/ul>\n<p>[\/vc_column_text][\/vc_column][\/vc_row][vc_row row_content_width=&#8221;grid&#8221; css=&#8221;.vc_custom_1526992143817{margin-top: 20px !important;}&#8221;][vc_column][vc_column_text]<strong>BY INDUSTRY<\/strong>[\/vc_column_text][\/vc_column][\/vc_row][vc_row row_content_width=&#8221;grid&#8221; css=&#8221;.vc_custom_1526992175292{margin-top: 7px !important;}&#8221;][vc_column][vc_row_inner][vc_column_inner width=&#8221;1\/2&#8243;][vc_column_text]<strong>Pharmaceutical<\/strong><\/p>\n<ul>\n<li>Classification<\/li>\n<li>Tablet Analysis<\/li>\n<li>Lyophilization<\/li>\n<li>Raw Materials Identification<\/li>\n<li>Excipient Bead Coating Control<\/li>\n<\/ul>\n<p>[\/vc_column_text][\/vc_column_inner][vc_column_inner width=&#8221;1\/2&#8243;][vc_column_text]<strong>Chemical \/ Polymer<\/strong><\/p>\n<ul>\n<li>Gas Analysis<\/li>\n<li>Paper \/ Pulp \/ Wood<\/li>\n<li>Identify Catalysts<\/li>\n<li>Liquids Measurement<\/li>\n<li>Solvent Recovery Monitoring<\/li>\n<\/ul>\n<p>[\/vc_column_text][\/vc_column_inner][\/vc_row_inner][vc_row_inner css=&#8221;.vc_custom_1526992767539{margin-top: 10px !important;}&#8221;][vc_column_inner width=&#8221;1\/2&#8243;][vc_column_text]<strong>Food \/ Agriculture<\/strong><\/p>\n<ul>\n<li>Olive &amp; Grape Growers \/ Milling<\/li>\n<li>Tobacco<\/li>\n<li>Dairy<\/li>\n<li>Fruits \/ Juices<\/li>\n<li>Seeds \/ Nuts<\/li>\n<\/ul>\n<p>[\/vc_column_text][\/vc_column_inner][vc_column_inner width=&#8221;1\/2&#8243; css=&#8221;.vc_custom_1526992688255{margin-top: 10px !important;}&#8221;][vc_column_text]<strong>Petrochemical \/ Oil \/ Gas<\/strong><\/p>\n<ul>\n<li>Gas Analysis<\/li>\n<li>Gas Blending<\/li>\n<li>Measure Compounds &amp; Constituents<\/li>\n<\/ul>\n<p>[\/vc_column_text][\/vc_column_inner][\/vc_row_inner][\/vc_column][\/vc_row][\/vc_section]<\/p>\n<\/div>","protected":false},"excerpt":{"rendered":"<p>[vc_row][vc_column][vc_column_text]Most popular Process Analytical Technology (PAT) Analyzer. This spectrometer can be used as free space or with fiber. The 4040 model has dual cooling for higher temperature applications. APPLICATIONS Blend Control: Real-time homogeneity monitoring and blending control process Drying process: [&hellip;]<\/p>\n","protected":false},"featured_media":1079,"template":"","meta":{"_monsterinsights_skip_tracking":false,"_monsterinsights_sitenote_active":false,"_monsterinsights_sitenote_note":"","_monsterinsights_sitenote_category":0},"product_brand":[],"product_cat":[49,50,33],"product_tag":[],"class_list":{"0":"post-356","1":"product","2":"type-product","3":"status-publish","4":"has-post-thumbnail","6":"product_cat-aotf-nir-spektrometers","7":"product_cat-in-line-process","8":"product_cat-nir-spectrometers-and-acousto-optic-systems","10":"first","11":"instock","12":"shipping-taxable","13":"product-type-simple"},"yoast_head":"<!-- This site is optimized with the Yoast SEO plugin v27.3 - https:\/\/yoast.com\/product\/yoast-seo-wordpress\/ -->\n<title>Luminar 4030\/4040 Free Space Analyzers - iNTMEGA<\/title>\n<meta name=\"robots\" content=\"index, follow, max-snippet:-1, max-image-preview:large, max-video-preview:-1\" \/>\n<link rel=\"canonical\" href=\"https:\/\/www.intmega.com\/en\/products\/nir-spectrometers-and-acousto-optic-systems\/aotf-nir-spektrometers\/in-line-process\/luminar-4030-4040-free-space-analyzers\/\" \/>\n<meta property=\"og:locale\" content=\"en_US\" \/>\n<meta property=\"og:type\" content=\"article\" \/>\n<meta property=\"og:title\" content=\"Luminar 4030\/4040 Free Space Analyzers - iNTMEGA\" \/>\n<meta property=\"og:description\" content=\"[vc_row][vc_column][vc_column_text]Most popular Process Analytical Technology (PAT) Analyzer. This spectrometer can be used as free space or with fiber. The 4040 model has dual cooling for higher temperature applications. APPLICATIONS Blend Control: Real-time homogeneity monitoring and blending control process Drying process: [&hellip;]\" \/>\n<meta property=\"og:url\" content=\"https:\/\/www.intmega.com\/en\/products\/nir-spectrometers-and-acousto-optic-systems\/aotf-nir-spektrometers\/in-line-process\/luminar-4030-4040-free-space-analyzers\/\" \/>\n<meta property=\"og:site_name\" content=\"iNTMEGA\" \/>\n<meta property=\"article:modified_time\" content=\"2018-05-28T13:34:09+00:00\" \/>\n<meta property=\"og:image\" content=\"https:\/\/www.intmega.com\/wp-content\/uploads\/2018\/04\/luminar-4030-4040-serbest-alan-analizorleri-brimrose-intmega-1.jpg\" \/>\n\t<meta property=\"og:image:width\" content=\"670\" \/>\n\t<meta property=\"og:image:height\" content=\"670\" \/>\n\t<meta property=\"og:image:type\" content=\"image\/jpeg\" \/>\n<meta name=\"twitter:card\" content=\"summary_large_image\" \/>\n<meta name=\"twitter:site\" content=\"@intmega1993\" \/>\n<meta name=\"twitter:label1\" content=\"Est. reading time\" \/>\n\t<meta name=\"twitter:data1\" content=\"3 minutes\" \/>\n<script type=\"application\/ld+json\" class=\"yoast-schema-graph\">{\"@context\":\"https:\\\/\\\/schema.org\",\"@graph\":[{\"@type\":\"WebPage\",\"@id\":\"https:\\\/\\\/www.intmega.com\\\/en\\\/products\\\/nir-spectrometers-and-acousto-optic-systems\\\/aotf-nir-spektrometers\\\/in-line-process\\\/luminar-4030-4040-free-space-analyzers\\\/\",\"url\":\"https:\\\/\\\/www.intmega.com\\\/en\\\/products\\\/nir-spectrometers-and-acousto-optic-systems\\\/aotf-nir-spektrometers\\\/in-line-process\\\/luminar-4030-4040-free-space-analyzers\\\/\",\"name\":\"Luminar 4030\\\/4040 Free Space Analyzers - iNTMEGA\",\"isPartOf\":{\"@id\":\"https:\\\/\\\/www.intmega.com\\\/en\\\/#website\"},\"primaryImageOfPage\":{\"@id\":\"https:\\\/\\\/www.intmega.com\\\/en\\\/products\\\/nir-spectrometers-and-acousto-optic-systems\\\/aotf-nir-spektrometers\\\/in-line-process\\\/luminar-4030-4040-free-space-analyzers\\\/#primaryimage\"},\"image\":{\"@id\":\"https:\\\/\\\/www.intmega.com\\\/en\\\/products\\\/nir-spectrometers-and-acousto-optic-systems\\\/aotf-nir-spektrometers\\\/in-line-process\\\/luminar-4030-4040-free-space-analyzers\\\/#primaryimage\"},\"thumbnailUrl\":\"https:\\\/\\\/www.intmega.com\\\/wp-content\\\/uploads\\\/2018\\\/04\\\/luminar-4030-4040-serbest-alan-analizorleri-brimrose-intmega-1.jpg\",\"datePublished\":\"2018-04-12T14:12:02+00:00\",\"dateModified\":\"2018-05-28T13:34:09+00:00\",\"breadcrumb\":{\"@id\":\"https:\\\/\\\/www.intmega.com\\\/en\\\/products\\\/nir-spectrometers-and-acousto-optic-systems\\\/aotf-nir-spektrometers\\\/in-line-process\\\/luminar-4030-4040-free-space-analyzers\\\/#breadcrumb\"},\"inLanguage\":\"en-US\",\"potentialAction\":[{\"@type\":\"ReadAction\",\"target\":[\"https:\\\/\\\/www.intmega.com\\\/en\\\/products\\\/nir-spectrometers-and-acousto-optic-systems\\\/aotf-nir-spektrometers\\\/in-line-process\\\/luminar-4030-4040-free-space-analyzers\\\/\"]}]},{\"@type\":\"ImageObject\",\"inLanguage\":\"en-US\",\"@id\":\"https:\\\/\\\/www.intmega.com\\\/en\\\/products\\\/nir-spectrometers-and-acousto-optic-systems\\\/aotf-nir-spektrometers\\\/in-line-process\\\/luminar-4030-4040-free-space-analyzers\\\/#primaryimage\",\"url\":\"https:\\\/\\\/www.intmega.com\\\/wp-content\\\/uploads\\\/2018\\\/04\\\/luminar-4030-4040-serbest-alan-analizorleri-brimrose-intmega-1.jpg\",\"contentUrl\":\"https:\\\/\\\/www.intmega.com\\\/wp-content\\\/uploads\\\/2018\\\/04\\\/luminar-4030-4040-serbest-alan-analizorleri-brimrose-intmega-1.jpg\",\"width\":670,\"height\":670},{\"@type\":\"BreadcrumbList\",\"@id\":\"https:\\\/\\\/www.intmega.com\\\/en\\\/products\\\/nir-spectrometers-and-acousto-optic-systems\\\/aotf-nir-spektrometers\\\/in-line-process\\\/luminar-4030-4040-free-space-analyzers\\\/#breadcrumb\",\"itemListElement\":[{\"@type\":\"ListItem\",\"position\":1,\"name\":\"Ana sayfa\",\"item\":\"https:\\\/\\\/www.intmega.com\\\/en\\\/\"},{\"@type\":\"ListItem\",\"position\":2,\"name\":\"Products\",\"item\":\"https:\\\/\\\/www.intmega.com\\\/en\\\/products\\\/\"},{\"@type\":\"ListItem\",\"position\":3,\"name\":\"Luminar 4030\\\/4040 Free Space Analyzers\"}]},{\"@type\":\"WebSite\",\"@id\":\"https:\\\/\\\/www.intmega.com\\\/en\\\/#website\",\"url\":\"https:\\\/\\\/www.intmega.com\\\/en\\\/\",\"name\":\"iNTMEGA\",\"description\":\"Partik\u00fcl Say\u0131m Cihazlar\u0131\",\"publisher\":{\"@id\":\"https:\\\/\\\/www.intmega.com\\\/en\\\/#organization\"},\"potentialAction\":[{\"@type\":\"SearchAction\",\"target\":{\"@type\":\"EntryPoint\",\"urlTemplate\":\"https:\\\/\\\/www.intmega.com\\\/en\\\/?s={search_term_string}\"},\"query-input\":{\"@type\":\"PropertyValueSpecification\",\"valueRequired\":true,\"valueName\":\"search_term_string\"}}],\"inLanguage\":\"en-US\"},{\"@type\":\"Organization\",\"@id\":\"https:\\\/\\\/www.intmega.com\\\/en\\\/#organization\",\"name\":\"iNTMEGA\",\"url\":\"https:\\\/\\\/www.intmega.com\\\/en\\\/\",\"logo\":{\"@type\":\"ImageObject\",\"inLanguage\":\"en-US\",\"@id\":\"https:\\\/\\\/www.intmega.com\\\/en\\\/#\\\/schema\\\/logo\\\/image\\\/\",\"url\":\"https:\\\/\\\/www.intmega.com\\\/wp-content\\\/uploads\\\/2018\\\/05\\\/intmega-logo1.png\",\"contentUrl\":\"https:\\\/\\\/www.intmega.com\\\/wp-content\\\/uploads\\\/2018\\\/05\\\/intmega-logo1.png\",\"width\":377,\"height\":90,\"caption\":\"iNTMEGA\"},\"image\":{\"@id\":\"https:\\\/\\\/www.intmega.com\\\/en\\\/#\\\/schema\\\/logo\\\/image\\\/\"},\"sameAs\":[\"https:\\\/\\\/x.com\\\/intmega1993\",\"https:\\\/\\\/www.instagram.com\\\/intmega\\\/\",\"https:\\\/\\\/www.linkedin.com\\\/company\\\/intmega\\\/\",\"https:\\\/\\\/www.youtube.com\\\/channel\\\/UCpkJ10Pg0qMM7DWfZ2RGlPw?view_as=subscriber\"]}]}<\/script>\n<!-- \/ Yoast SEO plugin. -->","yoast_head_json":{"title":"Luminar 4030\/4040 Free Space Analyzers - iNTMEGA","robots":{"index":"index","follow":"follow","max-snippet":"max-snippet:-1","max-image-preview":"max-image-preview:large","max-video-preview":"max-video-preview:-1"},"canonical":"https:\/\/www.intmega.com\/en\/products\/nir-spectrometers-and-acousto-optic-systems\/aotf-nir-spektrometers\/in-line-process\/luminar-4030-4040-free-space-analyzers\/","og_locale":"en_US","og_type":"article","og_title":"Luminar 4030\/4040 Free Space Analyzers - iNTMEGA","og_description":"[vc_row][vc_column][vc_column_text]Most popular Process Analytical Technology (PAT) Analyzer. This spectrometer can be used as free space or with fiber. The 4040 model has dual cooling for higher temperature applications. APPLICATIONS Blend Control: Real-time homogeneity monitoring and blending control process Drying process: [&hellip;]","og_url":"https:\/\/www.intmega.com\/en\/products\/nir-spectrometers-and-acousto-optic-systems\/aotf-nir-spektrometers\/in-line-process\/luminar-4030-4040-free-space-analyzers\/","og_site_name":"iNTMEGA","article_modified_time":"2018-05-28T13:34:09+00:00","og_image":[{"width":670,"height":670,"url":"https:\/\/www.intmega.com\/wp-content\/uploads\/2018\/04\/luminar-4030-4040-serbest-alan-analizorleri-brimrose-intmega-1.jpg","type":"image\/jpeg"}],"twitter_card":"summary_large_image","twitter_site":"@intmega1993","twitter_misc":{"Est. reading time":"3 minutes"},"schema":{"@context":"https:\/\/schema.org","@graph":[{"@type":"WebPage","@id":"https:\/\/www.intmega.com\/en\/products\/nir-spectrometers-and-acousto-optic-systems\/aotf-nir-spektrometers\/in-line-process\/luminar-4030-4040-free-space-analyzers\/","url":"https:\/\/www.intmega.com\/en\/products\/nir-spectrometers-and-acousto-optic-systems\/aotf-nir-spektrometers\/in-line-process\/luminar-4030-4040-free-space-analyzers\/","name":"Luminar 4030\/4040 Free Space Analyzers - iNTMEGA","isPartOf":{"@id":"https:\/\/www.intmega.com\/en\/#website"},"primaryImageOfPage":{"@id":"https:\/\/www.intmega.com\/en\/products\/nir-spectrometers-and-acousto-optic-systems\/aotf-nir-spektrometers\/in-line-process\/luminar-4030-4040-free-space-analyzers\/#primaryimage"},"image":{"@id":"https:\/\/www.intmega.com\/en\/products\/nir-spectrometers-and-acousto-optic-systems\/aotf-nir-spektrometers\/in-line-process\/luminar-4030-4040-free-space-analyzers\/#primaryimage"},"thumbnailUrl":"https:\/\/www.intmega.com\/wp-content\/uploads\/2018\/04\/luminar-4030-4040-serbest-alan-analizorleri-brimrose-intmega-1.jpg","datePublished":"2018-04-12T14:12:02+00:00","dateModified":"2018-05-28T13:34:09+00:00","breadcrumb":{"@id":"https:\/\/www.intmega.com\/en\/products\/nir-spectrometers-and-acousto-optic-systems\/aotf-nir-spektrometers\/in-line-process\/luminar-4030-4040-free-space-analyzers\/#breadcrumb"},"inLanguage":"en-US","potentialAction":[{"@type":"ReadAction","target":["https:\/\/www.intmega.com\/en\/products\/nir-spectrometers-and-acousto-optic-systems\/aotf-nir-spektrometers\/in-line-process\/luminar-4030-4040-free-space-analyzers\/"]}]},{"@type":"ImageObject","inLanguage":"en-US","@id":"https:\/\/www.intmega.com\/en\/products\/nir-spectrometers-and-acousto-optic-systems\/aotf-nir-spektrometers\/in-line-process\/luminar-4030-4040-free-space-analyzers\/#primaryimage","url":"https:\/\/www.intmega.com\/wp-content\/uploads\/2018\/04\/luminar-4030-4040-serbest-alan-analizorleri-brimrose-intmega-1.jpg","contentUrl":"https:\/\/www.intmega.com\/wp-content\/uploads\/2018\/04\/luminar-4030-4040-serbest-alan-analizorleri-brimrose-intmega-1.jpg","width":670,"height":670},{"@type":"BreadcrumbList","@id":"https:\/\/www.intmega.com\/en\/products\/nir-spectrometers-and-acousto-optic-systems\/aotf-nir-spektrometers\/in-line-process\/luminar-4030-4040-free-space-analyzers\/#breadcrumb","itemListElement":[{"@type":"ListItem","position":1,"name":"Ana sayfa","item":"https:\/\/www.intmega.com\/en\/"},{"@type":"ListItem","position":2,"name":"Products","item":"https:\/\/www.intmega.com\/en\/products\/"},{"@type":"ListItem","position":3,"name":"Luminar 4030\/4040 Free Space Analyzers"}]},{"@type":"WebSite","@id":"https:\/\/www.intmega.com\/en\/#website","url":"https:\/\/www.intmega.com\/en\/","name":"iNTMEGA","description":"Partik\u00fcl Say\u0131m Cihazlar\u0131","publisher":{"@id":"https:\/\/www.intmega.com\/en\/#organization"},"potentialAction":[{"@type":"SearchAction","target":{"@type":"EntryPoint","urlTemplate":"https:\/\/www.intmega.com\/en\/?s={search_term_string}"},"query-input":{"@type":"PropertyValueSpecification","valueRequired":true,"valueName":"search_term_string"}}],"inLanguage":"en-US"},{"@type":"Organization","@id":"https:\/\/www.intmega.com\/en\/#organization","name":"iNTMEGA","url":"https:\/\/www.intmega.com\/en\/","logo":{"@type":"ImageObject","inLanguage":"en-US","@id":"https:\/\/www.intmega.com\/en\/#\/schema\/logo\/image\/","url":"https:\/\/www.intmega.com\/wp-content\/uploads\/2018\/05\/intmega-logo1.png","contentUrl":"https:\/\/www.intmega.com\/wp-content\/uploads\/2018\/05\/intmega-logo1.png","width":377,"height":90,"caption":"iNTMEGA"},"image":{"@id":"https:\/\/www.intmega.com\/en\/#\/schema\/logo\/image\/"},"sameAs":["https:\/\/x.com\/intmega1993","https:\/\/www.instagram.com\/intmega\/","https:\/\/www.linkedin.com\/company\/intmega\/","https:\/\/www.youtube.com\/channel\/UCpkJ10Pg0qMM7DWfZ2RGlPw?view_as=subscriber"]}]}},"_links":{"self":[{"href":"https:\/\/www.intmega.com\/en\/wp-json\/wp\/v2\/product\/356","targetHints":{"allow":["GET"]}}],"collection":[{"href":"https:\/\/www.intmega.com\/en\/wp-json\/wp\/v2\/product"}],"about":[{"href":"https:\/\/www.intmega.com\/en\/wp-json\/wp\/v2\/types\/product"}],"wp:featuredmedia":[{"embeddable":true,"href":"https:\/\/www.intmega.com\/en\/wp-json\/wp\/v2\/media\/1079"}],"wp:attachment":[{"href":"https:\/\/www.intmega.com\/en\/wp-json\/wp\/v2\/media?parent=356"}],"wp:term":[{"taxonomy":"product_brand","embeddable":true,"href":"https:\/\/www.intmega.com\/en\/wp-json\/wp\/v2\/product_brand?post=356"},{"taxonomy":"product_cat","embeddable":true,"href":"https:\/\/www.intmega.com\/en\/wp-json\/wp\/v2\/product_cat?post=356"},{"taxonomy":"product_tag","embeddable":true,"href":"https:\/\/www.intmega.com\/en\/wp-json\/wp\/v2\/product_tag?post=356"}],"curies":[{"name":"wp","href":"https:\/\/api.w.org\/{rel}","templated":true}]}}