{"id":353,"date":"2018-04-12T14:59:12","date_gmt":"2018-04-12T11:59:12","guid":{"rendered":"https:\/\/www.intmega.com\/urunler\/uncategorized\/pamas-waterviewer\/"},"modified":"2018-07-23T17:04:31","modified_gmt":"2018-07-23T14:04:31","slug":"pamas-waterviewer","status":"publish","type":"product","link":"https:\/\/www.intmega.com\/en\/products\/liquid-particle-counters\/water\/pamas-waterviewer\/","title":{"rendered":"PAMAS WaterViewer"},"content":{"rendered":"<div class=\"wpb-content-wrapper\"><p>[vc_row][vc_column][vc_column_text]<\/p>\n<h5><u>Online Particle Counter for Water Quality Control<\/u><\/h5>\n<p><strong>Particle measurement system with integrated sensor, flow control, and sampling system<\/strong><\/p>\n<p>The PAMAS WaterViewer is used as an online particle counter for low viscous liquids. The sample input for the standard system is 0.5 to 4 bar pressure, grab sampling or mixed system available on request. The PAMAS WaterViewer has been designed for a fully automated operation. Analogue and digital I\/O of external devices is also possible. Automated sensor cleaning removes minerals and most other deposits. A standard Multiplexer Unit contains 1 to 8 measuring point inputs. By combining 2 or more Multiplexer Units, one PAMAS WaterViewer system can be expanded to multiple measuring point inputs.<\/p>\n<p><strong>Applications:<\/strong><\/p>\n<p>Water quality control measurements for<\/p>\n<ul>\n<li>potable water<\/li>\n<li>waste water<\/li>\n<li>industrial water<\/li>\n<li>pool Water<\/li>\n<li>filter control<\/li>\n<li>coagulation (flocking) control<\/li>\n<\/ul>\n<p><strong>Standard features:<\/strong><\/p>\n<ul>\n<li>Programming capabilities make the system as versatile as a Programmable Logic Controller<\/li>\n<li>True single particle counting<\/li>\n<li>Fully automated operation<\/li>\n<li>Standard size range: 1-100 \u00b5m<\/li>\n<li>Particle concentrations from 0 up to 200,000 p\/ml<\/li>\n<li>Sensors with different size ranges available<\/li>\n<li>System easily connectable to analogue and digital devices<\/li>\n<li>Data transfer via ModBus<\/li>\n<\/ul>\n<p><strong>Optional features:<\/strong><\/p>\n<ul>\n<li>Networking capabilities<\/li>\n<li>Expandable to multiple waterlines using automatic multiplexer Unit<\/li>\n<li>Automated sensor cleaning<\/li>\n<li>Multiple analogue and digital data interface<\/li>\n<li>Status and alarms can be communicated over light signals or SMS alert<\/li>\n<\/ul>\n<p><strong>Particle Sensor<\/strong><\/p>\n<p>The system can be used with different sensors of the series PAMAS HCB-LD. The standard sensor PAMAS HCB-LD-50\/50 has a flow rate of 25 ml\/min and a size range of 1 to 100 \u00b5m.[\/vc_column_text][\/vc_column][\/vc_row][vc_section full_width=&#8221;stretch_row_content&#8221; css=&#8221;.vc_custom_1526477296013{margin-top: 30px !important;padding-left: 15px !important;}&#8221;][vc_row row_content_width=&#8221;grid&#8221; css=&#8221;.vc_custom_1527255752949{margin-bottom: 30px !important;}&#8221;][vc_column width=&#8221;1\/2&#8243;][\/vc_column][vc_column width=&#8221;1\/2&#8243;]<div class=\"mkdf-info-list\">\n    <div class=\"mkdf-info-list-inner\">\n        \n        <div class=\"mkdf-info-list-items\">\n                    <\/div>\n\n        <a itemprop=\"url\" href=\"\/en\/contact-us\/\" target=\"_self\"  class=\"mkdf-btn mkdf-btn-medium mkdf-btn-solid mkdf-btn-solid-dark mkdf-btn-icon mkdf-info-list-button\"  >    <span class=\"mkdf-btn-text\">Reach to Us<\/span>    <span class=\"mkdf-btn-icon-holder\">        <span class=\"mkdf-btn-icon-normal\" ><i class=\"mkdf-icon-ion-icon ion-chevron-right \" ><\/i><\/span>        <span class=\"mkdf-btn-icon-flip\" ><i class=\"mkdf-icon-ion-icon ion-chevron-right \" ><\/i><\/span>    <\/span><\/a>    <\/div>\n<\/div>[\/vc_column][\/vc_row][\/vc_section][vc_section full_width=&#8221;stretch_row_content&#8221; css=&#8221;.vc_custom_1527255115240{padding-bottom: 20px !important;background-color: #f3f3f3 !important;}&#8221;][vc_row row_content_width=&#8221;grid&#8221;][vc_column width=&#8221;1\/2&#8243; css=&#8221;.vc_custom_1527255049875{margin-bottom: 20px !important;}&#8221;][vc_video link=&#8221;https:\/\/www.youtube.com\/watch?v=SQwftmmfc38&#8243; el_width=&#8221;60&#8243; align=&#8221;center&#8221;][\/vc_column][vc_column width=&#8221;1\/2&#8243; css=&#8221;.vc_custom_1527255059331{margin-bottom: 20px !important;}&#8221;][vc_video link=&#8221;https:\/\/www.youtube.com\/watch?v=ErI80T6Roug&#8221; el_width=&#8221;60&#8243; align=&#8221;center&#8221;][\/vc_column][\/vc_row][\/vc_section]<\/p>\n<\/div>","protected":false},"excerpt":{"rendered":"<p>[vc_row][vc_column][vc_column_text] Online Particle Counter for Water Quality Control Particle measurement system with integrated sensor, flow control, and sampling system The PAMAS WaterViewer is used as an online particle counter for low viscous liquids. The sample input for the standard system [&hellip;]<\/p>\n","protected":false},"featured_media":1197,"template":"","meta":{"_monsterinsights_skip_tracking":false,"_monsterinsights_sitenote_active":false,"_monsterinsights_sitenote_note":"","_monsterinsights_sitenote_category":0},"product_brand":[],"product_cat":[37,34],"product_tag":[],"class_list":{"0":"post-353","1":"product","2":"type-product","3":"status-publish","4":"has-post-thumbnail","6":"product_cat-water","7":"product_cat-liquid-particle-counters","9":"first","10":"instock","11":"shipping-taxable","12":"product-type-simple"},"yoast_head":"<!-- This site is optimized with the Yoast SEO plugin v27.3 - https:\/\/yoast.com\/product\/yoast-seo-wordpress\/ -->\n<title>PAMAS WaterViewer - iNTMEGA<\/title>\n<meta name=\"robots\" content=\"index, follow, max-snippet:-1, max-image-preview:large, max-video-preview:-1\" \/>\n<link rel=\"canonical\" href=\"https:\/\/www.intmega.com\/en\/products\/liquid-particle-counters\/water\/pamas-waterviewer\/\" \/>\n<meta property=\"og:locale\" content=\"en_US\" \/>\n<meta property=\"og:type\" content=\"article\" \/>\n<meta property=\"og:title\" content=\"PAMAS WaterViewer - iNTMEGA\" \/>\n<meta property=\"og:description\" content=\"[vc_row][vc_column][vc_column_text] Online Particle Counter for Water Quality Control Particle measurement system with integrated sensor, flow control, and sampling system The PAMAS WaterViewer is used as an online particle counter for low viscous liquids. The sample input for the standard system [&hellip;]\" \/>\n<meta property=\"og:url\" content=\"https:\/\/www.intmega.com\/en\/products\/liquid-particle-counters\/water\/pamas-waterviewer\/\" \/>\n<meta property=\"og:site_name\" content=\"iNTMEGA\" \/>\n<meta property=\"article:modified_time\" content=\"2018-07-23T14:04:31+00:00\" \/>\n<meta property=\"og:image\" content=\"https:\/\/www.intmega.com\/wp-content\/uploads\/2018\/04\/pamas-waterviewer-intmega.jpg\" \/>\n\t<meta property=\"og:image:width\" content=\"600\" \/>\n\t<meta property=\"og:image:height\" content=\"676\" \/>\n\t<meta property=\"og:image:type\" content=\"image\/jpeg\" \/>\n<meta name=\"twitter:card\" content=\"summary_large_image\" \/>\n<meta name=\"twitter:site\" content=\"@intmega1993\" \/>\n<meta name=\"twitter:label1\" content=\"Est. reading time\" \/>\n\t<meta name=\"twitter:data1\" content=\"2 minutes\" \/>\n<script type=\"application\/ld+json\" class=\"yoast-schema-graph\">{\"@context\":\"https:\\\/\\\/schema.org\",\"@graph\":[{\"@type\":\"WebPage\",\"@id\":\"https:\\\/\\\/www.intmega.com\\\/en\\\/products\\\/liquid-particle-counters\\\/water\\\/pamas-waterviewer\\\/\",\"url\":\"https:\\\/\\\/www.intmega.com\\\/en\\\/products\\\/liquid-particle-counters\\\/water\\\/pamas-waterviewer\\\/\",\"name\":\"PAMAS WaterViewer - iNTMEGA\",\"isPartOf\":{\"@id\":\"https:\\\/\\\/www.intmega.com\\\/en\\\/#website\"},\"primaryImageOfPage\":{\"@id\":\"https:\\\/\\\/www.intmega.com\\\/en\\\/products\\\/liquid-particle-counters\\\/water\\\/pamas-waterviewer\\\/#primaryimage\"},\"image\":{\"@id\":\"https:\\\/\\\/www.intmega.com\\\/en\\\/products\\\/liquid-particle-counters\\\/water\\\/pamas-waterviewer\\\/#primaryimage\"},\"thumbnailUrl\":\"https:\\\/\\\/www.intmega.com\\\/wp-content\\\/uploads\\\/2018\\\/04\\\/pamas-waterviewer-intmega.jpg\",\"datePublished\":\"2018-04-12T11:59:12+00:00\",\"dateModified\":\"2018-07-23T14:04:31+00:00\",\"breadcrumb\":{\"@id\":\"https:\\\/\\\/www.intmega.com\\\/en\\\/products\\\/liquid-particle-counters\\\/water\\\/pamas-waterviewer\\\/#breadcrumb\"},\"inLanguage\":\"en-US\",\"potentialAction\":[{\"@type\":\"ReadAction\",\"target\":[\"https:\\\/\\\/www.intmega.com\\\/en\\\/products\\\/liquid-particle-counters\\\/water\\\/pamas-waterviewer\\\/\"]}]},{\"@type\":\"ImageObject\",\"inLanguage\":\"en-US\",\"@id\":\"https:\\\/\\\/www.intmega.com\\\/en\\\/products\\\/liquid-particle-counters\\\/water\\\/pamas-waterviewer\\\/#primaryimage\",\"url\":\"https:\\\/\\\/www.intmega.com\\\/wp-content\\\/uploads\\\/2018\\\/04\\\/pamas-waterviewer-intmega.jpg\",\"contentUrl\":\"https:\\\/\\\/www.intmega.com\\\/wp-content\\\/uploads\\\/2018\\\/04\\\/pamas-waterviewer-intmega.jpg\",\"width\":600,\"height\":676},{\"@type\":\"BreadcrumbList\",\"@id\":\"https:\\\/\\\/www.intmega.com\\\/en\\\/products\\\/liquid-particle-counters\\\/water\\\/pamas-waterviewer\\\/#breadcrumb\",\"itemListElement\":[{\"@type\":\"ListItem\",\"position\":1,\"name\":\"Ana sayfa\",\"item\":\"https:\\\/\\\/www.intmega.com\\\/en\\\/\"},{\"@type\":\"ListItem\",\"position\":2,\"name\":\"Products\",\"item\":\"https:\\\/\\\/www.intmega.com\\\/en\\\/products\\\/\"},{\"@type\":\"ListItem\",\"position\":3,\"name\":\"PAMAS WaterViewer\"}]},{\"@type\":\"WebSite\",\"@id\":\"https:\\\/\\\/www.intmega.com\\\/en\\\/#website\",\"url\":\"https:\\\/\\\/www.intmega.com\\\/en\\\/\",\"name\":\"iNTMEGA\",\"description\":\"Partik\u00fcl Say\u0131m Cihazlar\u0131\",\"publisher\":{\"@id\":\"https:\\\/\\\/www.intmega.com\\\/en\\\/#organization\"},\"potentialAction\":[{\"@type\":\"SearchAction\",\"target\":{\"@type\":\"EntryPoint\",\"urlTemplate\":\"https:\\\/\\\/www.intmega.com\\\/en\\\/?s={search_term_string}\"},\"query-input\":{\"@type\":\"PropertyValueSpecification\",\"valueRequired\":true,\"valueName\":\"search_term_string\"}}],\"inLanguage\":\"en-US\"},{\"@type\":\"Organization\",\"@id\":\"https:\\\/\\\/www.intmega.com\\\/en\\\/#organization\",\"name\":\"iNTMEGA\",\"url\":\"https:\\\/\\\/www.intmega.com\\\/en\\\/\",\"logo\":{\"@type\":\"ImageObject\",\"inLanguage\":\"en-US\",\"@id\":\"https:\\\/\\\/www.intmega.com\\\/en\\\/#\\\/schema\\\/logo\\\/image\\\/\",\"url\":\"https:\\\/\\\/www.intmega.com\\\/wp-content\\\/uploads\\\/2018\\\/05\\\/intmega-logo1.png\",\"contentUrl\":\"https:\\\/\\\/www.intmega.com\\\/wp-content\\\/uploads\\\/2018\\\/05\\\/intmega-logo1.png\",\"width\":377,\"height\":90,\"caption\":\"iNTMEGA\"},\"image\":{\"@id\":\"https:\\\/\\\/www.intmega.com\\\/en\\\/#\\\/schema\\\/logo\\\/image\\\/\"},\"sameAs\":[\"https:\\\/\\\/x.com\\\/intmega1993\",\"https:\\\/\\\/www.instagram.com\\\/intmega\\\/\",\"https:\\\/\\\/www.linkedin.com\\\/company\\\/intmega\\\/\",\"https:\\\/\\\/www.youtube.com\\\/channel\\\/UCpkJ10Pg0qMM7DWfZ2RGlPw?view_as=subscriber\"]}]}<\/script>\n<!-- \/ Yoast SEO plugin. -->","yoast_head_json":{"title":"PAMAS WaterViewer - iNTMEGA","robots":{"index":"index","follow":"follow","max-snippet":"max-snippet:-1","max-image-preview":"max-image-preview:large","max-video-preview":"max-video-preview:-1"},"canonical":"https:\/\/www.intmega.com\/en\/products\/liquid-particle-counters\/water\/pamas-waterviewer\/","og_locale":"en_US","og_type":"article","og_title":"PAMAS WaterViewer - iNTMEGA","og_description":"[vc_row][vc_column][vc_column_text] Online Particle Counter for Water Quality Control Particle measurement system with integrated sensor, flow control, and sampling system The PAMAS WaterViewer is used as an online particle counter for low viscous liquids. The sample input for the standard system [&hellip;]","og_url":"https:\/\/www.intmega.com\/en\/products\/liquid-particle-counters\/water\/pamas-waterviewer\/","og_site_name":"iNTMEGA","article_modified_time":"2018-07-23T14:04:31+00:00","og_image":[{"width":600,"height":676,"url":"https:\/\/www.intmega.com\/wp-content\/uploads\/2018\/04\/pamas-waterviewer-intmega.jpg","type":"image\/jpeg"}],"twitter_card":"summary_large_image","twitter_site":"@intmega1993","twitter_misc":{"Est. reading time":"2 minutes"},"schema":{"@context":"https:\/\/schema.org","@graph":[{"@type":"WebPage","@id":"https:\/\/www.intmega.com\/en\/products\/liquid-particle-counters\/water\/pamas-waterviewer\/","url":"https:\/\/www.intmega.com\/en\/products\/liquid-particle-counters\/water\/pamas-waterviewer\/","name":"PAMAS WaterViewer - iNTMEGA","isPartOf":{"@id":"https:\/\/www.intmega.com\/en\/#website"},"primaryImageOfPage":{"@id":"https:\/\/www.intmega.com\/en\/products\/liquid-particle-counters\/water\/pamas-waterviewer\/#primaryimage"},"image":{"@id":"https:\/\/www.intmega.com\/en\/products\/liquid-particle-counters\/water\/pamas-waterviewer\/#primaryimage"},"thumbnailUrl":"https:\/\/www.intmega.com\/wp-content\/uploads\/2018\/04\/pamas-waterviewer-intmega.jpg","datePublished":"2018-04-12T11:59:12+00:00","dateModified":"2018-07-23T14:04:31+00:00","breadcrumb":{"@id":"https:\/\/www.intmega.com\/en\/products\/liquid-particle-counters\/water\/pamas-waterviewer\/#breadcrumb"},"inLanguage":"en-US","potentialAction":[{"@type":"ReadAction","target":["https:\/\/www.intmega.com\/en\/products\/liquid-particle-counters\/water\/pamas-waterviewer\/"]}]},{"@type":"ImageObject","inLanguage":"en-US","@id":"https:\/\/www.intmega.com\/en\/products\/liquid-particle-counters\/water\/pamas-waterviewer\/#primaryimage","url":"https:\/\/www.intmega.com\/wp-content\/uploads\/2018\/04\/pamas-waterviewer-intmega.jpg","contentUrl":"https:\/\/www.intmega.com\/wp-content\/uploads\/2018\/04\/pamas-waterviewer-intmega.jpg","width":600,"height":676},{"@type":"BreadcrumbList","@id":"https:\/\/www.intmega.com\/en\/products\/liquid-particle-counters\/water\/pamas-waterviewer\/#breadcrumb","itemListElement":[{"@type":"ListItem","position":1,"name":"Ana sayfa","item":"https:\/\/www.intmega.com\/en\/"},{"@type":"ListItem","position":2,"name":"Products","item":"https:\/\/www.intmega.com\/en\/products\/"},{"@type":"ListItem","position":3,"name":"PAMAS WaterViewer"}]},{"@type":"WebSite","@id":"https:\/\/www.intmega.com\/en\/#website","url":"https:\/\/www.intmega.com\/en\/","name":"iNTMEGA","description":"Partik\u00fcl Say\u0131m Cihazlar\u0131","publisher":{"@id":"https:\/\/www.intmega.com\/en\/#organization"},"potentialAction":[{"@type":"SearchAction","target":{"@type":"EntryPoint","urlTemplate":"https:\/\/www.intmega.com\/en\/?s={search_term_string}"},"query-input":{"@type":"PropertyValueSpecification","valueRequired":true,"valueName":"search_term_string"}}],"inLanguage":"en-US"},{"@type":"Organization","@id":"https:\/\/www.intmega.com\/en\/#organization","name":"iNTMEGA","url":"https:\/\/www.intmega.com\/en\/","logo":{"@type":"ImageObject","inLanguage":"en-US","@id":"https:\/\/www.intmega.com\/en\/#\/schema\/logo\/image\/","url":"https:\/\/www.intmega.com\/wp-content\/uploads\/2018\/05\/intmega-logo1.png","contentUrl":"https:\/\/www.intmega.com\/wp-content\/uploads\/2018\/05\/intmega-logo1.png","width":377,"height":90,"caption":"iNTMEGA"},"image":{"@id":"https:\/\/www.intmega.com\/en\/#\/schema\/logo\/image\/"},"sameAs":["https:\/\/x.com\/intmega1993","https:\/\/www.instagram.com\/intmega\/","https:\/\/www.linkedin.com\/company\/intmega\/","https:\/\/www.youtube.com\/channel\/UCpkJ10Pg0qMM7DWfZ2RGlPw?view_as=subscriber"]}]}},"_links":{"self":[{"href":"https:\/\/www.intmega.com\/en\/wp-json\/wp\/v2\/product\/353","targetHints":{"allow":["GET"]}}],"collection":[{"href":"https:\/\/www.intmega.com\/en\/wp-json\/wp\/v2\/product"}],"about":[{"href":"https:\/\/www.intmega.com\/en\/wp-json\/wp\/v2\/types\/product"}],"wp:featuredmedia":[{"embeddable":true,"href":"https:\/\/www.intmega.com\/en\/wp-json\/wp\/v2\/media\/1197"}],"wp:attachment":[{"href":"https:\/\/www.intmega.com\/en\/wp-json\/wp\/v2\/media?parent=353"}],"wp:term":[{"taxonomy":"product_brand","embeddable":true,"href":"https:\/\/www.intmega.com\/en\/wp-json\/wp\/v2\/product_brand?post=353"},{"taxonomy":"product_cat","embeddable":true,"href":"https:\/\/www.intmega.com\/en\/wp-json\/wp\/v2\/product_cat?post=353"},{"taxonomy":"product_tag","embeddable":true,"href":"https:\/\/www.intmega.com\/en\/wp-json\/wp\/v2\/product_tag?post=353"}],"curies":[{"name":"wp","href":"https:\/\/api.w.org\/{rel}","templated":true}]}}