{"id":351,"date":"2018-04-12T14:51:22","date_gmt":"2018-04-12T11:51:22","guid":{"rendered":"https:\/\/www.intmega.com\/urunler\/uncategorized\/pamas-sbss\/"},"modified":"2018-07-23T16:50:47","modified_gmt":"2018-07-23T13:50:47","slug":"pamas-sbss","status":"publish","type":"product","link":"https:\/\/www.intmega.com\/en\/products\/liquid-particle-counters\/pharmaceutical-fluids\/pamas-sbss\/","title":{"rendered":"PAMAS SBSS"},"content":{"rendered":"<div class=\"wpb-content-wrapper\"><p>[vc_row][vc_column][vc_column_text]<\/p>\n<h5><u>Versatile Particle Counting and Analysing system for Liquid\u2019s laboratory measurement<\/u><\/h5>\n<p><strong>Syringe Bottle Sampling System<\/strong><\/p>\n<p>The PAMAS SBSS is a particle counting system for batch sampling. The PAMAS SBSS is the standard instrument used as a reference in many testing labs. The instrument may be programmed to measure a sample without the need of an operator, like pre-filling the internal dead volume, degassing the sample with vacuum, pressurising the sample for a number of measurement runs, and relieving pressure at the end. High accuracy and repeatability, fast purging and back flush possibility are the key benefits of the system.<\/p>\n<p>Laboratory particle counter up to 10 bar and up to 1600 cSt (22\u00b0C) with optional high pressure pump or with external pressure supply for the following applications:<\/p>\n<ul>\n<li>Hydraulic oils<\/li>\n<li>Insulation- and turbine oils<\/li>\n<li>Gear- and motor oils<\/li>\n<li>Water based hydraulic fluids<\/li>\n<li>Organic fluids or solvents<\/li>\n<li>Fluids with high vapour pressure<\/li>\n<li>Pharmaceutical fluids like infusion-solutions, water and parenteral<\/li>\n<\/ul>\n<p><strong>Optional: <\/strong><\/p>\n<p>Software according to USP, EP, BP, JP, KP. Instruments are continuously adapted to most recent standards and guidelines.<\/p>\n<p>Volumetric cell design of PAMAS sensors guarantees highest accuracy and resolution for best statistical information.<\/p>\n<ul>\n<li>5 \u00b5m sensitivity according to ISO 21501<\/li>\n<li>1 \u00b5m sensitivity according to ISO 4402<\/li>\n<li>5 \u00b5m(c) sensitivity according to ISO 11171<\/li>\n<\/ul>\n<p><strong>Volumetric particle sensors<\/strong><\/p>\n<p><strong>PAMAS HCB-LD-50\/50 <\/strong><br \/>\nSize range:<br \/>\n1 &#8211; 400 \u00b5m with calibration according to ISO 21501<br \/>\n1 &#8211; 100 \u00b5m with calibration according to ISO 4402<br \/>\n4 &#8211; 70 \u00b5m(c) with calibration according to ISO 11171<br \/>\nMax. particle concentration: 24,000 p\/ml at 25 ml\/min<\/p>\n<p><strong>PAMAS HCB-LD-25\/25<\/strong><br \/>\nSize range:<br \/>\n1 &#8211; 200 \u00b5m with calibration according to ISO 21501<br \/>\n1 &#8211; 100 \u00b5m with calibration according to ISO 4402<br \/>\n4 &#8211; 70 \u00b5m(c) with calibration according to ISO 11171<br \/>\nMax. particle concentration: 120,000 p\/ml at 25 ml\/min[\/vc_column_text][\/vc_column][\/vc_row][vc_section full_width=&#8221;stretch_row_content&#8221; css=&#8221;.vc_custom_1526477296013{margin-top: 30px !important;padding-left: 15px !important;}&#8221;][vc_row row_content_width=&#8221;grid&#8221; css=&#8221;.vc_custom_1527255752949{margin-bottom: 30px !important;}&#8221;][vc_column width=&#8221;1\/2&#8243;][\/vc_column][vc_column width=&#8221;1\/2&#8243;]<div class=\"mkdf-info-list\">\n    <div class=\"mkdf-info-list-inner\">\n        \n        <div class=\"mkdf-info-list-items\">\n                    <\/div>\n\n        <a itemprop=\"url\" href=\"\/en\/contact-us\/\" target=\"_self\"  class=\"mkdf-btn mkdf-btn-medium mkdf-btn-solid mkdf-btn-solid-dark mkdf-btn-icon mkdf-info-list-button\"  >    <span class=\"mkdf-btn-text\">Reach to Us<\/span>    <span class=\"mkdf-btn-icon-holder\">        <span class=\"mkdf-btn-icon-normal\" ><i class=\"mkdf-icon-ion-icon ion-chevron-right \" ><\/i><\/span>        <span class=\"mkdf-btn-icon-flip\" ><i class=\"mkdf-icon-ion-icon ion-chevron-right \" ><\/i><\/span>    <\/span><\/a>    <\/div>\n<\/div>[\/vc_column][\/vc_row][\/vc_section][vc_section full_width=&#8221;stretch_row_content&#8221; css=&#8221;.vc_custom_1527255115240{padding-bottom: 20px !important;background-color: #f3f3f3 !important;}&#8221;][vc_row row_content_width=&#8221;grid&#8221;][vc_column width=&#8221;1\/2&#8243; css=&#8221;.vc_custom_1527255049875{margin-bottom: 20px !important;}&#8221;][vc_video link=&#8221;https:\/\/www.youtube.com\/watch?v=SQwftmmfc38&#8243; el_width=&#8221;60&#8243; align=&#8221;center&#8221;][\/vc_column][vc_column width=&#8221;1\/2&#8243; css=&#8221;.vc_custom_1527255059331{margin-bottom: 20px !important;}&#8221;][vc_video link=&#8221;https:\/\/www.youtube.com\/watch?v=ErI80T6Roug&#8221; el_width=&#8221;60&#8243; align=&#8221;center&#8221;][\/vc_column][\/vc_row][\/vc_section]<\/p>\n<\/div>","protected":false},"excerpt":{"rendered":"<p>[vc_row][vc_column][vc_column_text] Versatile Particle Counting and Analysing system for Liquid\u2019s laboratory measurement Syringe Bottle Sampling System The PAMAS SBSS is a particle counting system for batch sampling. The PAMAS SBSS is the standard instrument used as a reference in many testing [&hellip;]<\/p>\n","protected":false},"featured_media":1193,"template":"","meta":{"_monsterinsights_skip_tracking":false,"_monsterinsights_sitenote_active":false,"_monsterinsights_sitenote_note":"","_monsterinsights_sitenote_category":0},"product_brand":[],"product_cat":[38,36,37,34],"product_tag":[],"class_list":{"0":"post-351","1":"product","2":"type-product","3":"status-publish","4":"has-post-thumbnail","6":"product_cat-industrial-cleaning-solvents","7":"product_cat-pharmaceutical-fluids","8":"product_cat-water","9":"product_cat-liquid-particle-counters","11":"first","12":"instock","13":"shipping-taxable","14":"product-type-simple"},"yoast_head":"<!-- This site is optimized with the Yoast SEO plugin v27.3 - https:\/\/yoast.com\/product\/yoast-seo-wordpress\/ -->\n<title>PAMAS SBSS - iNTMEGA<\/title>\n<meta name=\"robots\" content=\"index, follow, max-snippet:-1, max-image-preview:large, max-video-preview:-1\" \/>\n<link rel=\"canonical\" href=\"https:\/\/www.intmega.com\/en\/products\/liquid-particle-counters\/pharmaceutical-fluids\/pamas-sbss\/\" \/>\n<meta property=\"og:locale\" content=\"en_US\" \/>\n<meta property=\"og:type\" content=\"article\" \/>\n<meta property=\"og:title\" content=\"PAMAS SBSS - iNTMEGA\" \/>\n<meta property=\"og:description\" content=\"[vc_row][vc_column][vc_column_text] Versatile Particle Counting and Analysing system for Liquid\u2019s laboratory measurement Syringe Bottle Sampling System The PAMAS SBSS is a particle counting system for batch sampling. The PAMAS SBSS is the standard instrument used as a reference in many testing [&hellip;]\" \/>\n<meta property=\"og:url\" content=\"https:\/\/www.intmega.com\/en\/products\/liquid-particle-counters\/pharmaceutical-fluids\/pamas-sbss\/\" \/>\n<meta property=\"og:site_name\" content=\"iNTMEGA\" \/>\n<meta property=\"article:modified_time\" content=\"2018-07-23T13:50:47+00:00\" \/>\n<meta property=\"og:image\" content=\"https:\/\/www.intmega.com\/wp-content\/uploads\/2018\/04\/pamas-sbss-intmega.jpg\" \/>\n\t<meta property=\"og:image:width\" content=\"600\" \/>\n\t<meta property=\"og:image:height\" content=\"676\" \/>\n\t<meta property=\"og:image:type\" content=\"image\/jpeg\" \/>\n<meta name=\"twitter:card\" content=\"summary_large_image\" \/>\n<meta name=\"twitter:site\" content=\"@intmega1993\" \/>\n<meta name=\"twitter:label1\" content=\"Est. reading time\" \/>\n\t<meta name=\"twitter:data1\" content=\"2 minutes\" \/>\n<script type=\"application\/ld+json\" class=\"yoast-schema-graph\">{\"@context\":\"https:\\\/\\\/schema.org\",\"@graph\":[{\"@type\":\"WebPage\",\"@id\":\"https:\\\/\\\/www.intmega.com\\\/en\\\/products\\\/liquid-particle-counters\\\/pharmaceutical-fluids\\\/pamas-sbss\\\/\",\"url\":\"https:\\\/\\\/www.intmega.com\\\/en\\\/products\\\/liquid-particle-counters\\\/pharmaceutical-fluids\\\/pamas-sbss\\\/\",\"name\":\"PAMAS SBSS - iNTMEGA\",\"isPartOf\":{\"@id\":\"https:\\\/\\\/www.intmega.com\\\/en\\\/#website\"},\"primaryImageOfPage\":{\"@id\":\"https:\\\/\\\/www.intmega.com\\\/en\\\/products\\\/liquid-particle-counters\\\/pharmaceutical-fluids\\\/pamas-sbss\\\/#primaryimage\"},\"image\":{\"@id\":\"https:\\\/\\\/www.intmega.com\\\/en\\\/products\\\/liquid-particle-counters\\\/pharmaceutical-fluids\\\/pamas-sbss\\\/#primaryimage\"},\"thumbnailUrl\":\"https:\\\/\\\/www.intmega.com\\\/wp-content\\\/uploads\\\/2018\\\/04\\\/pamas-sbss-intmega.jpg\",\"datePublished\":\"2018-04-12T11:51:22+00:00\",\"dateModified\":\"2018-07-23T13:50:47+00:00\",\"breadcrumb\":{\"@id\":\"https:\\\/\\\/www.intmega.com\\\/en\\\/products\\\/liquid-particle-counters\\\/pharmaceutical-fluids\\\/pamas-sbss\\\/#breadcrumb\"},\"inLanguage\":\"en-US\",\"potentialAction\":[{\"@type\":\"ReadAction\",\"target\":[\"https:\\\/\\\/www.intmega.com\\\/en\\\/products\\\/liquid-particle-counters\\\/pharmaceutical-fluids\\\/pamas-sbss\\\/\"]}]},{\"@type\":\"ImageObject\",\"inLanguage\":\"en-US\",\"@id\":\"https:\\\/\\\/www.intmega.com\\\/en\\\/products\\\/liquid-particle-counters\\\/pharmaceutical-fluids\\\/pamas-sbss\\\/#primaryimage\",\"url\":\"https:\\\/\\\/www.intmega.com\\\/wp-content\\\/uploads\\\/2018\\\/04\\\/pamas-sbss-intmega.jpg\",\"contentUrl\":\"https:\\\/\\\/www.intmega.com\\\/wp-content\\\/uploads\\\/2018\\\/04\\\/pamas-sbss-intmega.jpg\",\"width\":600,\"height\":676},{\"@type\":\"BreadcrumbList\",\"@id\":\"https:\\\/\\\/www.intmega.com\\\/en\\\/products\\\/liquid-particle-counters\\\/pharmaceutical-fluids\\\/pamas-sbss\\\/#breadcrumb\",\"itemListElement\":[{\"@type\":\"ListItem\",\"position\":1,\"name\":\"Ana sayfa\",\"item\":\"https:\\\/\\\/www.intmega.com\\\/en\\\/\"},{\"@type\":\"ListItem\",\"position\":2,\"name\":\"Products\",\"item\":\"https:\\\/\\\/www.intmega.com\\\/en\\\/products\\\/\"},{\"@type\":\"ListItem\",\"position\":3,\"name\":\"PAMAS SBSS\"}]},{\"@type\":\"WebSite\",\"@id\":\"https:\\\/\\\/www.intmega.com\\\/en\\\/#website\",\"url\":\"https:\\\/\\\/www.intmega.com\\\/en\\\/\",\"name\":\"iNTMEGA\",\"description\":\"Partik\u00fcl Say\u0131m Cihazlar\u0131\",\"publisher\":{\"@id\":\"https:\\\/\\\/www.intmega.com\\\/en\\\/#organization\"},\"potentialAction\":[{\"@type\":\"SearchAction\",\"target\":{\"@type\":\"EntryPoint\",\"urlTemplate\":\"https:\\\/\\\/www.intmega.com\\\/en\\\/?s={search_term_string}\"},\"query-input\":{\"@type\":\"PropertyValueSpecification\",\"valueRequired\":true,\"valueName\":\"search_term_string\"}}],\"inLanguage\":\"en-US\"},{\"@type\":\"Organization\",\"@id\":\"https:\\\/\\\/www.intmega.com\\\/en\\\/#organization\",\"name\":\"iNTMEGA\",\"url\":\"https:\\\/\\\/www.intmega.com\\\/en\\\/\",\"logo\":{\"@type\":\"ImageObject\",\"inLanguage\":\"en-US\",\"@id\":\"https:\\\/\\\/www.intmega.com\\\/en\\\/#\\\/schema\\\/logo\\\/image\\\/\",\"url\":\"https:\\\/\\\/www.intmega.com\\\/wp-content\\\/uploads\\\/2018\\\/05\\\/intmega-logo1.png\",\"contentUrl\":\"https:\\\/\\\/www.intmega.com\\\/wp-content\\\/uploads\\\/2018\\\/05\\\/intmega-logo1.png\",\"width\":377,\"height\":90,\"caption\":\"iNTMEGA\"},\"image\":{\"@id\":\"https:\\\/\\\/www.intmega.com\\\/en\\\/#\\\/schema\\\/logo\\\/image\\\/\"},\"sameAs\":[\"https:\\\/\\\/x.com\\\/intmega1993\",\"https:\\\/\\\/www.instagram.com\\\/intmega\\\/\",\"https:\\\/\\\/www.linkedin.com\\\/company\\\/intmega\\\/\",\"https:\\\/\\\/www.youtube.com\\\/channel\\\/UCpkJ10Pg0qMM7DWfZ2RGlPw?view_as=subscriber\"]}]}<\/script>\n<!-- \/ Yoast SEO plugin. -->","yoast_head_json":{"title":"PAMAS SBSS - iNTMEGA","robots":{"index":"index","follow":"follow","max-snippet":"max-snippet:-1","max-image-preview":"max-image-preview:large","max-video-preview":"max-video-preview:-1"},"canonical":"https:\/\/www.intmega.com\/en\/products\/liquid-particle-counters\/pharmaceutical-fluids\/pamas-sbss\/","og_locale":"en_US","og_type":"article","og_title":"PAMAS SBSS - iNTMEGA","og_description":"[vc_row][vc_column][vc_column_text] Versatile Particle Counting and Analysing system for Liquid\u2019s laboratory measurement Syringe Bottle Sampling System The PAMAS SBSS is a particle counting system for batch sampling. The PAMAS SBSS is the standard instrument used as a reference in many testing [&hellip;]","og_url":"https:\/\/www.intmega.com\/en\/products\/liquid-particle-counters\/pharmaceutical-fluids\/pamas-sbss\/","og_site_name":"iNTMEGA","article_modified_time":"2018-07-23T13:50:47+00:00","og_image":[{"width":600,"height":676,"url":"https:\/\/www.intmega.com\/wp-content\/uploads\/2018\/04\/pamas-sbss-intmega.jpg","type":"image\/jpeg"}],"twitter_card":"summary_large_image","twitter_site":"@intmega1993","twitter_misc":{"Est. reading time":"2 minutes"},"schema":{"@context":"https:\/\/schema.org","@graph":[{"@type":"WebPage","@id":"https:\/\/www.intmega.com\/en\/products\/liquid-particle-counters\/pharmaceutical-fluids\/pamas-sbss\/","url":"https:\/\/www.intmega.com\/en\/products\/liquid-particle-counters\/pharmaceutical-fluids\/pamas-sbss\/","name":"PAMAS SBSS - iNTMEGA","isPartOf":{"@id":"https:\/\/www.intmega.com\/en\/#website"},"primaryImageOfPage":{"@id":"https:\/\/www.intmega.com\/en\/products\/liquid-particle-counters\/pharmaceutical-fluids\/pamas-sbss\/#primaryimage"},"image":{"@id":"https:\/\/www.intmega.com\/en\/products\/liquid-particle-counters\/pharmaceutical-fluids\/pamas-sbss\/#primaryimage"},"thumbnailUrl":"https:\/\/www.intmega.com\/wp-content\/uploads\/2018\/04\/pamas-sbss-intmega.jpg","datePublished":"2018-04-12T11:51:22+00:00","dateModified":"2018-07-23T13:50:47+00:00","breadcrumb":{"@id":"https:\/\/www.intmega.com\/en\/products\/liquid-particle-counters\/pharmaceutical-fluids\/pamas-sbss\/#breadcrumb"},"inLanguage":"en-US","potentialAction":[{"@type":"ReadAction","target":["https:\/\/www.intmega.com\/en\/products\/liquid-particle-counters\/pharmaceutical-fluids\/pamas-sbss\/"]}]},{"@type":"ImageObject","inLanguage":"en-US","@id":"https:\/\/www.intmega.com\/en\/products\/liquid-particle-counters\/pharmaceutical-fluids\/pamas-sbss\/#primaryimage","url":"https:\/\/www.intmega.com\/wp-content\/uploads\/2018\/04\/pamas-sbss-intmega.jpg","contentUrl":"https:\/\/www.intmega.com\/wp-content\/uploads\/2018\/04\/pamas-sbss-intmega.jpg","width":600,"height":676},{"@type":"BreadcrumbList","@id":"https:\/\/www.intmega.com\/en\/products\/liquid-particle-counters\/pharmaceutical-fluids\/pamas-sbss\/#breadcrumb","itemListElement":[{"@type":"ListItem","position":1,"name":"Ana sayfa","item":"https:\/\/www.intmega.com\/en\/"},{"@type":"ListItem","position":2,"name":"Products","item":"https:\/\/www.intmega.com\/en\/products\/"},{"@type":"ListItem","position":3,"name":"PAMAS SBSS"}]},{"@type":"WebSite","@id":"https:\/\/www.intmega.com\/en\/#website","url":"https:\/\/www.intmega.com\/en\/","name":"iNTMEGA","description":"Partik\u00fcl Say\u0131m Cihazlar\u0131","publisher":{"@id":"https:\/\/www.intmega.com\/en\/#organization"},"potentialAction":[{"@type":"SearchAction","target":{"@type":"EntryPoint","urlTemplate":"https:\/\/www.intmega.com\/en\/?s={search_term_string}"},"query-input":{"@type":"PropertyValueSpecification","valueRequired":true,"valueName":"search_term_string"}}],"inLanguage":"en-US"},{"@type":"Organization","@id":"https:\/\/www.intmega.com\/en\/#organization","name":"iNTMEGA","url":"https:\/\/www.intmega.com\/en\/","logo":{"@type":"ImageObject","inLanguage":"en-US","@id":"https:\/\/www.intmega.com\/en\/#\/schema\/logo\/image\/","url":"https:\/\/www.intmega.com\/wp-content\/uploads\/2018\/05\/intmega-logo1.png","contentUrl":"https:\/\/www.intmega.com\/wp-content\/uploads\/2018\/05\/intmega-logo1.png","width":377,"height":90,"caption":"iNTMEGA"},"image":{"@id":"https:\/\/www.intmega.com\/en\/#\/schema\/logo\/image\/"},"sameAs":["https:\/\/x.com\/intmega1993","https:\/\/www.instagram.com\/intmega\/","https:\/\/www.linkedin.com\/company\/intmega\/","https:\/\/www.youtube.com\/channel\/UCpkJ10Pg0qMM7DWfZ2RGlPw?view_as=subscriber"]}]}},"_links":{"self":[{"href":"https:\/\/www.intmega.com\/en\/wp-json\/wp\/v2\/product\/351","targetHints":{"allow":["GET"]}}],"collection":[{"href":"https:\/\/www.intmega.com\/en\/wp-json\/wp\/v2\/product"}],"about":[{"href":"https:\/\/www.intmega.com\/en\/wp-json\/wp\/v2\/types\/product"}],"wp:featuredmedia":[{"embeddable":true,"href":"https:\/\/www.intmega.com\/en\/wp-json\/wp\/v2\/media\/1193"}],"wp:attachment":[{"href":"https:\/\/www.intmega.com\/en\/wp-json\/wp\/v2\/media?parent=351"}],"wp:term":[{"taxonomy":"product_brand","embeddable":true,"href":"https:\/\/www.intmega.com\/en\/wp-json\/wp\/v2\/product_brand?post=351"},{"taxonomy":"product_cat","embeddable":true,"href":"https:\/\/www.intmega.com\/en\/wp-json\/wp\/v2\/product_cat?post=351"},{"taxonomy":"product_tag","embeddable":true,"href":"https:\/\/www.intmega.com\/en\/wp-json\/wp\/v2\/product_tag?post=351"}],"curies":[{"name":"wp","href":"https:\/\/api.w.org\/{rel}","templated":true}]}}