{"id":2307,"date":"2026-04-01T22:06:39","date_gmt":"2026-04-01T19:06:39","guid":{"rendered":"https:\/\/www.intmega.com\/urunler\/uncategorized\/laser-particle-sensor-w-built-in-pump\/"},"modified":"2026-04-02T12:43:49","modified_gmt":"2026-04-02T09:43:49","slug":"laser-particle-sensor-w-built-in-pump","status":"publish","type":"product","link":"https:\/\/www.intmega.com\/en\/products\/airbone-particle-counters\/laser-particle-sensor-w-built-in-pump\/","title":{"rendered":"Remote Laser Particle Sensor w\/ Built-In Pump"},"content":{"rendered":"<div class=\"wpb-content-wrapper\"><p>[vc_row][vc_column][vc_custom_heading text=&#8221;Model 3720-06&#8243; use_theme_fonts=&#8221;yes&#8221; css=&#8221;&#8221;][vc_column_text css=&#8221;&#8221;]<strong>Multi-Channel Particle Monitoring for Facility Applications<\/strong><\/p>\n<p>The Kanomax Laser Particle Sensor \u2013 Model 3720-06 with built-in pump is designed to integrate seamlessly into existing monitoring systems or to operate as a standalone unit for monitoring critical environments when connected to an alarm or controller.<\/p>\n<p>The device operates with a 1.0 CFM flow rate and supports up to 4 configurable channels, selectable from the following particle sizes:<br \/>\n0.3, 0.5, 0.7, 1.0, 3.0, 5.0, and 10 micrometers.[\/vc_column_text][\/vc_column][\/vc_row][vc_section full_width=&#8221;stretch_row_content&#8221; css=&#8221;.vc_custom_1774617511475{margin-top: 130px !important;}&#8221;][vc_row row_content_width=&#8221;grid&#8221;][vc_column][vc_row_inner css=&#8221;.vc_custom_1774617537568{padding-top: 60px !important;padding-bottom: 60px !important;}&#8221;][vc_column_inner width=&#8221;1\/2&#8243;][vc_custom_heading text=&#8221;Key Advantages&#8221; font_container=&#8221;tag:h3|text_align:left&#8221; use_theme_fonts=&#8221;yes&#8221; css=&#8221;&#8221;][vc_column_text css=&#8221;&#8221;]<\/p>\n<ul>\n<li data-section-id=\"1s9ovrw\" data-start=\"3986\" data-end=\"4020\">Up to 4-channel particle sensor<\/li>\n<li data-section-id=\"vn91c9\" data-start=\"4021\" data-end=\"4058\">Modbus communication via RS485 interface<\/li>\n<li data-section-id=\"13g79im\" data-start=\"4059\" data-end=\"4089\">Flexible 4\u201320 mA analog output<\/li>\n<li data-section-id=\"efyo9l\" data-start=\"4090\" data-end=\"4111\">1.0 CFM flow rate<\/li>\n<li data-section-id=\"1n8u69j\" data-start=\"4112\" data-end=\"4160\">Outputs particle counts, error status, and alarm signals<\/li>\n<li data-section-id=\"1yu0s3z\" data-start=\"4161\" data-end=\"4200\">Compatible with PLCs and data loggers<\/li>\n<li data-section-id=\"131g2lp\" data-start=\"4201\" data-end=\"4254\">Suitable for integration into process or building automation systems<\/li>\n<li data-section-id=\"mdq8fr\" data-start=\"4255\" data-end=\"4307\">Fully compliant with ISO 21501-4 and JIS B9921 standards<\/li>\n<li data-section-id=\"1bx38vk\" data-start=\"4308\" data-end=\"4359\">Power supply via network connection or AC adapter<\/li>\n<li data-section-id=\"1p54d6d\" data-start=\"4360\" data-end=\"4385\">Stainless steel housing<\/li>\n<li data-section-id=\"1aip5q1\" data-start=\"4386\" data-end=\"4403\">3-year warranty<\/li>\n<\/ul>\n<p>[\/vc_column_text][\/vc_column_inner][vc_column_inner width=&#8221;1\/2&#8243;][vc_custom_heading text=&#8221;Applications&#8221; font_container=&#8221;tag:h3|text_align:left&#8221; use_theme_fonts=&#8221;yes&#8221; css=&#8221;&#8221;][vc_column_text css=&#8221;&#8221;]<\/p>\n<ul>\n<li data-section-id=\"cs755z\" data-start=\"3848\" data-end=\"3873\">Facility particle monitoring<\/li>\n<li data-section-id=\"yxgzzw\" data-start=\"3874\" data-end=\"3902\">Hospital surgical rooms<\/li>\n<li data-section-id=\"6i28lb\" data-start=\"3903\" data-end=\"3923\">Cleanroom monitoring<\/li>\n<li data-section-id=\"wtui0p\" data-start=\"3924\" data-end=\"3950\">Building monitoring systems<\/li>\n<\/ul>\n<p>[\/vc_column_text][\/vc_column_inner][\/vc_row_inner][vc_row_inner][vc_column_inner width=&#8221;2\/3&#8243;][vc_custom_heading text=&#8221;Technical Specifications&#8221; font_container=&#8221;tag:h3|text_align:left&#8221; use_theme_fonts=&#8221;yes&#8221; css=&#8221;&#8221;][vc_column_text css=&#8221;&#8221;]<\/p>\n<table>\n<thead>\n<tr>\n<th>Feature<\/th>\n<th>Value<\/th>\n<\/tr>\n<\/thead>\n<tbody>\n<tr>\n<td>Model<\/td>\n<td>3720-06<\/td>\n<\/tr>\n<tr>\n<td>Particle Size Distribution<\/td>\n<td>Standard sizes: 0.5 and 5.0 microns<br \/>Optional sizes: 0.3, 0.5, 0.7, 1.0, 3.0, 5.0, 10.0 microns<br \/>*Choose up to 4 channels when placing an order<\/td>\n<\/tr>\n<tr>\n<td>Flow Rate<\/td>\n<td>28.3 L\/min (1 CFM)<\/td>\n<\/tr>\n<tr>\n<td>Optical Source<\/td>\n<td>Laser Diode<\/td>\n<\/tr>\n<tr>\n<td>Counting Efficiency<\/td>\n<td>Compliant with ISO 21501-4, JIS B 9921<\/td>\n<\/tr>\n<tr>\n<td>Max Detectable Concentration<\/td>\n<td>1,000,000 CNT\/ft\u00b3<\/td>\n<\/tr>\n<tr>\n<td>Setting Parameters<\/td>\n<td>Sampling Time: 1 to 60 seconds<br \/>Output Range Setting (per particle size):<br \/>Count: 0\u201310 CNT, 0\u2013100 CNT, 0\u20131,000 CNT, 0\u201310,000 CNT<br \/>Concentration: 0\u201310 CNT\/cf, 0\u2013100 CNT\/cf, 0\u20131,000 CNT\/cf, 0\u20131,000,000 CNT\/cf<br \/>0\u2013353 CNT\/m\u00b3, 0\u20133,530 CNT\/m\u00b3, 0\u201335,300 CNT\/m\u00b3, 0\u201335,300,000 CNT\/m\u00b3<\/td>\n<\/tr>\n<tr>\n<td>Sampling Pump<\/td>\n<td>Built-in Pump<\/td>\n<\/tr>\n<tr>\n<td>Interface<\/td>\n<td>Ethernet, RS485, Analog Output (4\u201320 mA)<\/td>\n<\/tr>\n<tr>\n<td>Communication<\/td>\n<td>Modbus RTU, Modbus TCP\/IP<\/td>\n<\/tr>\n<tr>\n<td>Power Supply<\/td>\n<td>1) DC Power Supply: DC 15\u201328V<br \/>2) AC Adapter: AC 100\u2013240V (50\u201360Hz), DC 12V<br \/>3) Power over Ethernet: 802.3bt (PoE++)<\/td>\n<\/tr>\n<tr>\n<td>Operating Environment<\/td>\n<td>10\u201330\u00b0C, 20\u201385% RH (Non-condensing)<\/td>\n<\/tr>\n<tr>\n<td>Storage Environment<\/td>\n<td>Temperature: -10 to 50\u00b0C, Humidity: \u226495% RH (Non-condensing)<\/td>\n<\/tr>\n<tr>\n<td>Dimensions<\/td>\n<td>180 \u00d7 110 \u00d7 190 mm<\/td>\n<\/tr>\n<tr>\n<td>Weight<\/td>\n<td>3.4 kg<\/td>\n<\/tr>\n<tr>\n<td>Standard Accessories<\/td>\n<td>User manual, AC adapter, Zero filter<\/td>\n<\/tr>\n<tr>\n<td>Optional Accessories<\/td>\n<td>USB-RS485 Converter (Model 3716A-20), Converter Connecting Cable (Model 3716A-21), Isokinetic Probe (Model 3910-07 1 CFM), IP65 Enclosure (Model 3720-23)<\/td>\n<\/tr>\n<\/tbody>\n<\/table>\n<p>[\/vc_column_text][\/vc_column_inner][\/vc_row_inner][\/vc_column][\/vc_row][\/vc_section][vc_row][vc_column][\/vc_column][\/vc_row]<\/p>\n<\/div>","protected":false},"excerpt":{"rendered":"<p>[vc_row][vc_column][vc_custom_heading text=&#8221;Model 3720-06&#8243; use_theme_fonts=&#8221;yes&#8221; css=&#8221;&#8221;][vc_column_text css=&#8221;&#8221;]Multi-Channel Particle Monitoring for Facility Applications The Kanomax Laser Particle Sensor \u2013 Model 3720-06 with built-in pump is designed to integrate seamlessly into existing monitoring systems or to operate as a standalone unit for monitoring [&hellip;]<\/p>\n","protected":false},"featured_media":2302,"template":"","meta":{"_monsterinsights_skip_tracking":false,"_monsterinsights_sitenote_active":false,"_monsterinsights_sitenote_note":"","_monsterinsights_sitenote_category":0},"product_brand":[],"product_cat":[107],"product_tag":[],"class_list":{"0":"post-2307","1":"product","2":"type-product","3":"status-publish","4":"has-post-thumbnail","6":"product_cat-airbone-particle-counters","8":"first","9":"instock","10":"shipping-taxable","11":"product-type-simple"},"yoast_head":"<!-- This site is optimized with the Yoast SEO plugin v27.3 - https:\/\/yoast.com\/product\/yoast-seo-wordpress\/ -->\n<title>Remote Laser Particle Sensor w\/ Built-In Pump - iNTMEGA<\/title>\n<meta name=\"robots\" content=\"index, follow, max-snippet:-1, max-image-preview:large, max-video-preview:-1\" \/>\n<link rel=\"canonical\" href=\"https:\/\/www.intmega.com\/en\/products\/airbone-particle-counters\/laser-particle-sensor-w-built-in-pump\/\" \/>\n<meta property=\"og:locale\" content=\"en_US\" \/>\n<meta property=\"og:type\" content=\"article\" \/>\n<meta property=\"og:title\" content=\"Remote Laser Particle Sensor w\/ Built-In Pump - iNTMEGA\" \/>\n<meta property=\"og:description\" content=\"[vc_row][vc_column][vc_custom_heading text=&#8221;Model 3720-06&#8243; use_theme_fonts=&#8221;yes&#8221; css=&#8221;&#8221;][vc_column_text css=&#8221;&#8221;]Multi-Channel Particle Monitoring for Facility Applications The Kanomax Laser Particle Sensor \u2013 Model 3720-06 with built-in pump is designed to integrate seamlessly into existing monitoring systems or to operate as a standalone unit for monitoring [&hellip;]\" \/>\n<meta property=\"og:url\" content=\"https:\/\/www.intmega.com\/en\/products\/airbone-particle-counters\/laser-particle-sensor-w-built-in-pump\/\" \/>\n<meta property=\"og:site_name\" content=\"iNTMEGA\" \/>\n<meta property=\"article:modified_time\" content=\"2026-04-02T09:43:49+00:00\" \/>\n<meta property=\"og:image\" content=\"https:\/\/www.intmega.com\/wp-content\/uploads\/2026\/04\/Laser-Particle-Sensor-Model-3720-06.png\" \/>\n\t<meta property=\"og:image:width\" content=\"1200\" \/>\n\t<meta property=\"og:image:height\" content=\"1200\" \/>\n\t<meta property=\"og:image:type\" content=\"image\/png\" \/>\n<meta name=\"twitter:card\" content=\"summary_large_image\" \/>\n<meta name=\"twitter:site\" content=\"@intmega1993\" \/>\n<meta name=\"twitter:label1\" content=\"Est. reading time\" \/>\n\t<meta name=\"twitter:data1\" content=\"2 minutes\" \/>\n<script type=\"application\/ld+json\" class=\"yoast-schema-graph\">{\"@context\":\"https:\\\/\\\/schema.org\",\"@graph\":[{\"@type\":\"WebPage\",\"@id\":\"https:\\\/\\\/www.intmega.com\\\/en\\\/products\\\/airbone-particle-counters\\\/laser-particle-sensor-w-built-in-pump\\\/\",\"url\":\"https:\\\/\\\/www.intmega.com\\\/en\\\/products\\\/airbone-particle-counters\\\/laser-particle-sensor-w-built-in-pump\\\/\",\"name\":\"Remote Laser Particle Sensor w\\\/ Built-In Pump - iNTMEGA\",\"isPartOf\":{\"@id\":\"https:\\\/\\\/www.intmega.com\\\/en\\\/#website\"},\"primaryImageOfPage\":{\"@id\":\"https:\\\/\\\/www.intmega.com\\\/en\\\/products\\\/airbone-particle-counters\\\/laser-particle-sensor-w-built-in-pump\\\/#primaryimage\"},\"image\":{\"@id\":\"https:\\\/\\\/www.intmega.com\\\/en\\\/products\\\/airbone-particle-counters\\\/laser-particle-sensor-w-built-in-pump\\\/#primaryimage\"},\"thumbnailUrl\":\"https:\\\/\\\/www.intmega.com\\\/wp-content\\\/uploads\\\/2026\\\/04\\\/Laser-Particle-Sensor-Model-3720-06.png\",\"datePublished\":\"2026-04-01T19:06:39+00:00\",\"dateModified\":\"2026-04-02T09:43:49+00:00\",\"breadcrumb\":{\"@id\":\"https:\\\/\\\/www.intmega.com\\\/en\\\/products\\\/airbone-particle-counters\\\/laser-particle-sensor-w-built-in-pump\\\/#breadcrumb\"},\"inLanguage\":\"en-US\",\"potentialAction\":[{\"@type\":\"ReadAction\",\"target\":[\"https:\\\/\\\/www.intmega.com\\\/en\\\/products\\\/airbone-particle-counters\\\/laser-particle-sensor-w-built-in-pump\\\/\"]}]},{\"@type\":\"ImageObject\",\"inLanguage\":\"en-US\",\"@id\":\"https:\\\/\\\/www.intmega.com\\\/en\\\/products\\\/airbone-particle-counters\\\/laser-particle-sensor-w-built-in-pump\\\/#primaryimage\",\"url\":\"https:\\\/\\\/www.intmega.com\\\/wp-content\\\/uploads\\\/2026\\\/04\\\/Laser-Particle-Sensor-Model-3720-06.png\",\"contentUrl\":\"https:\\\/\\\/www.intmega.com\\\/wp-content\\\/uploads\\\/2026\\\/04\\\/Laser-Particle-Sensor-Model-3720-06.png\",\"width\":1200,\"height\":1200},{\"@type\":\"BreadcrumbList\",\"@id\":\"https:\\\/\\\/www.intmega.com\\\/en\\\/products\\\/airbone-particle-counters\\\/laser-particle-sensor-w-built-in-pump\\\/#breadcrumb\",\"itemListElement\":[{\"@type\":\"ListItem\",\"position\":1,\"name\":\"Ana sayfa\",\"item\":\"https:\\\/\\\/www.intmega.com\\\/en\\\/\"},{\"@type\":\"ListItem\",\"position\":2,\"name\":\"Products\",\"item\":\"https:\\\/\\\/www.intmega.com\\\/en\\\/products\\\/\"},{\"@type\":\"ListItem\",\"position\":3,\"name\":\"Remote Laser Particle Sensor w\\\/ Built-In Pump\"}]},{\"@type\":\"WebSite\",\"@id\":\"https:\\\/\\\/www.intmega.com\\\/en\\\/#website\",\"url\":\"https:\\\/\\\/www.intmega.com\\\/en\\\/\",\"name\":\"iNTMEGA\",\"description\":\"Partik\u00fcl Say\u0131m Cihazlar\u0131\",\"publisher\":{\"@id\":\"https:\\\/\\\/www.intmega.com\\\/en\\\/#organization\"},\"potentialAction\":[{\"@type\":\"SearchAction\",\"target\":{\"@type\":\"EntryPoint\",\"urlTemplate\":\"https:\\\/\\\/www.intmega.com\\\/en\\\/?s={search_term_string}\"},\"query-input\":{\"@type\":\"PropertyValueSpecification\",\"valueRequired\":true,\"valueName\":\"search_term_string\"}}],\"inLanguage\":\"en-US\"},{\"@type\":\"Organization\",\"@id\":\"https:\\\/\\\/www.intmega.com\\\/en\\\/#organization\",\"name\":\"iNTMEGA\",\"url\":\"https:\\\/\\\/www.intmega.com\\\/en\\\/\",\"logo\":{\"@type\":\"ImageObject\",\"inLanguage\":\"en-US\",\"@id\":\"https:\\\/\\\/www.intmega.com\\\/en\\\/#\\\/schema\\\/logo\\\/image\\\/\",\"url\":\"https:\\\/\\\/www.intmega.com\\\/wp-content\\\/uploads\\\/2018\\\/05\\\/intmega-logo1.png\",\"contentUrl\":\"https:\\\/\\\/www.intmega.com\\\/wp-content\\\/uploads\\\/2018\\\/05\\\/intmega-logo1.png\",\"width\":377,\"height\":90,\"caption\":\"iNTMEGA\"},\"image\":{\"@id\":\"https:\\\/\\\/www.intmega.com\\\/en\\\/#\\\/schema\\\/logo\\\/image\\\/\"},\"sameAs\":[\"https:\\\/\\\/x.com\\\/intmega1993\",\"https:\\\/\\\/www.instagram.com\\\/intmega\\\/\",\"https:\\\/\\\/www.linkedin.com\\\/company\\\/intmega\\\/\",\"https:\\\/\\\/www.youtube.com\\\/channel\\\/UCpkJ10Pg0qMM7DWfZ2RGlPw?view_as=subscriber\"]}]}<\/script>\n<!-- \/ Yoast SEO plugin. -->","yoast_head_json":{"title":"Remote Laser Particle Sensor w\/ Built-In Pump - iNTMEGA","robots":{"index":"index","follow":"follow","max-snippet":"max-snippet:-1","max-image-preview":"max-image-preview:large","max-video-preview":"max-video-preview:-1"},"canonical":"https:\/\/www.intmega.com\/en\/products\/airbone-particle-counters\/laser-particle-sensor-w-built-in-pump\/","og_locale":"en_US","og_type":"article","og_title":"Remote Laser Particle Sensor w\/ Built-In Pump - iNTMEGA","og_description":"[vc_row][vc_column][vc_custom_heading text=&#8221;Model 3720-06&#8243; use_theme_fonts=&#8221;yes&#8221; css=&#8221;&#8221;][vc_column_text css=&#8221;&#8221;]Multi-Channel Particle Monitoring for Facility Applications The Kanomax Laser Particle Sensor \u2013 Model 3720-06 with built-in pump is designed to integrate seamlessly into existing monitoring systems or to operate as a standalone unit for monitoring [&hellip;]","og_url":"https:\/\/www.intmega.com\/en\/products\/airbone-particle-counters\/laser-particle-sensor-w-built-in-pump\/","og_site_name":"iNTMEGA","article_modified_time":"2026-04-02T09:43:49+00:00","og_image":[{"width":1200,"height":1200,"url":"https:\/\/www.intmega.com\/wp-content\/uploads\/2026\/04\/Laser-Particle-Sensor-Model-3720-06.png","type":"image\/png"}],"twitter_card":"summary_large_image","twitter_site":"@intmega1993","twitter_misc":{"Est. reading time":"2 minutes"},"schema":{"@context":"https:\/\/schema.org","@graph":[{"@type":"WebPage","@id":"https:\/\/www.intmega.com\/en\/products\/airbone-particle-counters\/laser-particle-sensor-w-built-in-pump\/","url":"https:\/\/www.intmega.com\/en\/products\/airbone-particle-counters\/laser-particle-sensor-w-built-in-pump\/","name":"Remote Laser Particle Sensor w\/ Built-In Pump - iNTMEGA","isPartOf":{"@id":"https:\/\/www.intmega.com\/en\/#website"},"primaryImageOfPage":{"@id":"https:\/\/www.intmega.com\/en\/products\/airbone-particle-counters\/laser-particle-sensor-w-built-in-pump\/#primaryimage"},"image":{"@id":"https:\/\/www.intmega.com\/en\/products\/airbone-particle-counters\/laser-particle-sensor-w-built-in-pump\/#primaryimage"},"thumbnailUrl":"https:\/\/www.intmega.com\/wp-content\/uploads\/2026\/04\/Laser-Particle-Sensor-Model-3720-06.png","datePublished":"2026-04-01T19:06:39+00:00","dateModified":"2026-04-02T09:43:49+00:00","breadcrumb":{"@id":"https:\/\/www.intmega.com\/en\/products\/airbone-particle-counters\/laser-particle-sensor-w-built-in-pump\/#breadcrumb"},"inLanguage":"en-US","potentialAction":[{"@type":"ReadAction","target":["https:\/\/www.intmega.com\/en\/products\/airbone-particle-counters\/laser-particle-sensor-w-built-in-pump\/"]}]},{"@type":"ImageObject","inLanguage":"en-US","@id":"https:\/\/www.intmega.com\/en\/products\/airbone-particle-counters\/laser-particle-sensor-w-built-in-pump\/#primaryimage","url":"https:\/\/www.intmega.com\/wp-content\/uploads\/2026\/04\/Laser-Particle-Sensor-Model-3720-06.png","contentUrl":"https:\/\/www.intmega.com\/wp-content\/uploads\/2026\/04\/Laser-Particle-Sensor-Model-3720-06.png","width":1200,"height":1200},{"@type":"BreadcrumbList","@id":"https:\/\/www.intmega.com\/en\/products\/airbone-particle-counters\/laser-particle-sensor-w-built-in-pump\/#breadcrumb","itemListElement":[{"@type":"ListItem","position":1,"name":"Ana sayfa","item":"https:\/\/www.intmega.com\/en\/"},{"@type":"ListItem","position":2,"name":"Products","item":"https:\/\/www.intmega.com\/en\/products\/"},{"@type":"ListItem","position":3,"name":"Remote Laser Particle Sensor w\/ Built-In Pump"}]},{"@type":"WebSite","@id":"https:\/\/www.intmega.com\/en\/#website","url":"https:\/\/www.intmega.com\/en\/","name":"iNTMEGA","description":"Partik\u00fcl Say\u0131m Cihazlar\u0131","publisher":{"@id":"https:\/\/www.intmega.com\/en\/#organization"},"potentialAction":[{"@type":"SearchAction","target":{"@type":"EntryPoint","urlTemplate":"https:\/\/www.intmega.com\/en\/?s={search_term_string}"},"query-input":{"@type":"PropertyValueSpecification","valueRequired":true,"valueName":"search_term_string"}}],"inLanguage":"en-US"},{"@type":"Organization","@id":"https:\/\/www.intmega.com\/en\/#organization","name":"iNTMEGA","url":"https:\/\/www.intmega.com\/en\/","logo":{"@type":"ImageObject","inLanguage":"en-US","@id":"https:\/\/www.intmega.com\/en\/#\/schema\/logo\/image\/","url":"https:\/\/www.intmega.com\/wp-content\/uploads\/2018\/05\/intmega-logo1.png","contentUrl":"https:\/\/www.intmega.com\/wp-content\/uploads\/2018\/05\/intmega-logo1.png","width":377,"height":90,"caption":"iNTMEGA"},"image":{"@id":"https:\/\/www.intmega.com\/en\/#\/schema\/logo\/image\/"},"sameAs":["https:\/\/x.com\/intmega1993","https:\/\/www.instagram.com\/intmega\/","https:\/\/www.linkedin.com\/company\/intmega\/","https:\/\/www.youtube.com\/channel\/UCpkJ10Pg0qMM7DWfZ2RGlPw?view_as=subscriber"]}]}},"_links":{"self":[{"href":"https:\/\/www.intmega.com\/en\/wp-json\/wp\/v2\/product\/2307","targetHints":{"allow":["GET"]}}],"collection":[{"href":"https:\/\/www.intmega.com\/en\/wp-json\/wp\/v2\/product"}],"about":[{"href":"https:\/\/www.intmega.com\/en\/wp-json\/wp\/v2\/types\/product"}],"wp:featuredmedia":[{"embeddable":true,"href":"https:\/\/www.intmega.com\/en\/wp-json\/wp\/v2\/media\/2302"}],"wp:attachment":[{"href":"https:\/\/www.intmega.com\/en\/wp-json\/wp\/v2\/media?parent=2307"}],"wp:term":[{"taxonomy":"product_brand","embeddable":true,"href":"https:\/\/www.intmega.com\/en\/wp-json\/wp\/v2\/product_brand?post=2307"},{"taxonomy":"product_cat","embeddable":true,"href":"https:\/\/www.intmega.com\/en\/wp-json\/wp\/v2\/product_cat?post=2307"},{"taxonomy":"product_tag","embeddable":true,"href":"https:\/\/www.intmega.com\/en\/wp-json\/wp\/v2\/product_tag?post=2307"}],"curies":[{"name":"wp","href":"https:\/\/api.w.org\/{rel}","templated":true}]}}