{"id":1569,"date":"2019-04-05T16:19:58","date_gmt":"2019-04-05T16:00:00","guid":{"rendered":"https:\/\/www.intmega.com\/?post_type=product&#038;p=1569"},"modified":"2019-04-05T19:00:01","modified_gmt":"2019-04-05T16:00:01","slug":"trendvision-chromatography-software","status":"publish","type":"product","link":"https:\/\/www.intmega.com\/en\/products\/gas-chromatographs\/trendvision-chromatography-software\/","title":{"rendered":"TrendVision Chromatography Software"},"content":{"rendered":"<div class=\"wpb-content-wrapper\"><p>[vc_row][vc_column][vc_column_text]The TrendVision Chromatography Software is a complete Chromatography Integration package that provides the Gas Chromatograph Operator with all the tools needed to interpret the Data and Results from the Chromatograph.<\/p>\n<p>It integrates all the instrument control, data handling, display, reporting and export functions needed in the usual industrial and laboratory environment into one package. The extended capabilities enable all Methods to be stored with valve timings so that the GC can operate in an automatic mode. Up to four GC channels are available and allow data from up to eight continuous Gas Analysers to be displayed within the Software. This means that third party equipment such as Moisture, O<sub>2<\/sub>\u00a0and CO<sub>2<\/sub>\u00a0analyser results can be displayed beside the data from the GC. This, in turn, provides the Operator with meaningful information that can be transmitted back to the Control Room or DCS if needed.<\/p>\n<p>TrendVision provides a unified chromatography method whereby all settings are contained in a single method, including event tables, calibration tables and integration settings. In addition, this software enables our GC systems to run in a fully unattended mode. It can also take control of the AGC Instruments GC systems and automatically perform the required analysis using the pre-programmed methods. This is coupled with the ability to send results back to a DCS or control room using fieldbus protocols or traditional 4-20 mA signalling. If On-Line operation is not required, then the software runs equally well in its Stand-Alone mode with the same functionality and ease of use.[\/vc_column_text][\/vc_column][\/vc_row][vc_section full_width=&#8221;stretch_row_content&#8221; css=&#8221;.vc_custom_1554467941824{margin-top: 20px !important;padding-bottom: 20px !important;background-color: #f3f3f3 !important;}&#8221;][vc_row css=&#8221;.vc_custom_1554455820111{margin-bottom: 20px !important;}&#8221;][vc_column][vc_column_text]This complete software package is available in two versions namely, <strong>TrendVision CLASSIC<\/strong> &amp;<strong> TrendVision PLUS.<\/strong><\/p>\n<p>TrendVision PLUS is the most recent release of the well-recognised Chromatography Data Capture Software from AGC Instruments. Rugged industrial level modular and scalable hardware is used with an Embedded Windows Operating System which is easy to use and set up. Once your system is installed, usage in the daily environment is very easy with minimal training required. It encompasses all the important functions required in this demanding gas analysis environment, enabling many standard features to be easily applied with the end products of excellent chromatography results and straightforward reporting.[\/vc_column_text][\/vc_column][\/vc_row][\/vc_section][vc_section full_width=&#8221;stretch_row_content&#8221; css=&#8221;.vc_custom_1554478607771{padding-left: 15px !important;}&#8221;][vc_row row_content_width=&#8221;grid&#8221; css=&#8221;.vc_custom_1527255752949{margin-bottom: 30px !important;}&#8221;][vc_column width=&#8221;1\/2&#8243;][\/vc_column][vc_column width=&#8221;1\/2&#8243;]<div class=\"mkdf-info-list\">\n    <div class=\"mkdf-info-list-inner\">\n        \n        <div class=\"mkdf-info-list-items\">\n                    <\/div>\n\n        <a itemprop=\"url\" href=\"\/en\/contact-us\/\" target=\"_self\"  class=\"mkdf-btn mkdf-btn-medium mkdf-btn-solid mkdf-btn-solid-dark mkdf-btn-icon mkdf-info-list-button\"  >    <span class=\"mkdf-btn-text\">Reach to Us<\/span>    <span class=\"mkdf-btn-icon-holder\">        <span class=\"mkdf-btn-icon-normal\" ><i class=\"mkdf-icon-ion-icon ion-chevron-right \" ><\/i><\/span>        <span class=\"mkdf-btn-icon-flip\" ><i class=\"mkdf-icon-ion-icon ion-chevron-right \" ><\/i><\/span>    <\/span><\/a>    <\/div>\n<\/div>[\/vc_column][\/vc_row][\/vc_section]<\/p>\n<\/div>","protected":false},"excerpt":{"rendered":"<p>[vc_row][vc_column][vc_column_text]The TrendVision Chromatography Software is a complete Chromatography Integration package that provides the Gas Chromatograph Operator with all the tools needed to interpret the Data and Results from the Chromatograph. It integrates all the instrument control, data handling, display, reporting [&hellip;]<\/p>\n","protected":false},"featured_media":1534,"template":"","meta":{"_monsterinsights_skip_tracking":false,"_monsterinsights_sitenote_active":false,"_monsterinsights_sitenote_note":"","_monsterinsights_sitenote_category":0},"product_brand":[],"product_cat":[99],"product_tag":[],"class_list":{"0":"post-1569","1":"product","2":"type-product","3":"status-publish","4":"has-post-thumbnail","6":"product_cat-gas-chromatographs","8":"first","9":"instock","10":"shipping-taxable","11":"product-type-simple"},"yoast_head":"<!-- This site is optimized with the Yoast SEO plugin v27.5 - https:\/\/yoast.com\/product\/yoast-seo-wordpress\/ -->\n<title>TrendVision Chromatography Software - iNTMEGA<\/title>\n<meta name=\"robots\" content=\"index, follow, max-snippet:-1, max-image-preview:large, max-video-preview:-1\" \/>\n<link rel=\"canonical\" href=\"https:\/\/www.intmega.com\/en\/products\/gas-chromatographs\/trendvision-chromatography-software\/\" \/>\n<meta property=\"og:locale\" content=\"en_US\" \/>\n<meta property=\"og:type\" content=\"article\" \/>\n<meta property=\"og:title\" content=\"TrendVision Chromatography Software - iNTMEGA\" \/>\n<meta property=\"og:description\" content=\"[vc_row][vc_column][vc_column_text]The TrendVision Chromatography Software is a complete Chromatography Integration package that provides the Gas Chromatograph Operator with all the tools needed to interpret the Data and Results from the Chromatograph. It integrates all the instrument control, data handling, display, reporting [&hellip;]\" \/>\n<meta property=\"og:url\" content=\"https:\/\/www.intmega.com\/en\/products\/gas-chromatographs\/trendvision-chromatography-software\/\" \/>\n<meta property=\"og:site_name\" content=\"iNTMEGA\" \/>\n<meta property=\"article:modified_time\" content=\"2019-04-05T16:00:01+00:00\" \/>\n<meta property=\"og:image\" content=\"https:\/\/www.intmega.com\/wp-content\/uploads\/2019\/04\/Untitled-8.png\" \/>\n\t<meta property=\"og:image:width\" content=\"731\" \/>\n\t<meta property=\"og:image:height\" content=\"731\" \/>\n\t<meta property=\"og:image:type\" content=\"image\/png\" \/>\n<meta name=\"twitter:card\" content=\"summary_large_image\" \/>\n<meta name=\"twitter:site\" content=\"@intmega1993\" \/>\n<meta name=\"twitter:label1\" content=\"Est. reading time\" \/>\n\t<meta name=\"twitter:data1\" content=\"2 minutes\" \/>\n<script type=\"application\/ld+json\" class=\"yoast-schema-graph\">{\"@context\":\"https:\\\/\\\/schema.org\",\"@graph\":[{\"@type\":\"WebPage\",\"@id\":\"https:\\\/\\\/www.intmega.com\\\/en\\\/products\\\/gas-chromatographs\\\/trendvision-chromatography-software\\\/\",\"url\":\"https:\\\/\\\/www.intmega.com\\\/en\\\/products\\\/gas-chromatographs\\\/trendvision-chromatography-software\\\/\",\"name\":\"TrendVision Chromatography Software - iNTMEGA\",\"isPartOf\":{\"@id\":\"https:\\\/\\\/www.intmega.com\\\/en\\\/#website\"},\"primaryImageOfPage\":{\"@id\":\"https:\\\/\\\/www.intmega.com\\\/en\\\/products\\\/gas-chromatographs\\\/trendvision-chromatography-software\\\/#primaryimage\"},\"image\":{\"@id\":\"https:\\\/\\\/www.intmega.com\\\/en\\\/products\\\/gas-chromatographs\\\/trendvision-chromatography-software\\\/#primaryimage\"},\"thumbnailUrl\":\"https:\\\/\\\/www.intmega.com\\\/wp-content\\\/uploads\\\/2019\\\/04\\\/Untitled-8.png\",\"datePublished\":\"2019-04-05T16:00:00+00:00\",\"dateModified\":\"2019-04-05T16:00:01+00:00\",\"breadcrumb\":{\"@id\":\"https:\\\/\\\/www.intmega.com\\\/en\\\/products\\\/gas-chromatographs\\\/trendvision-chromatography-software\\\/#breadcrumb\"},\"inLanguage\":\"en-US\",\"potentialAction\":[{\"@type\":\"ReadAction\",\"target\":[\"https:\\\/\\\/www.intmega.com\\\/en\\\/products\\\/gas-chromatographs\\\/trendvision-chromatography-software\\\/\"]}]},{\"@type\":\"ImageObject\",\"inLanguage\":\"en-US\",\"@id\":\"https:\\\/\\\/www.intmega.com\\\/en\\\/products\\\/gas-chromatographs\\\/trendvision-chromatography-software\\\/#primaryimage\",\"url\":\"https:\\\/\\\/www.intmega.com\\\/wp-content\\\/uploads\\\/2019\\\/04\\\/Untitled-8.png\",\"contentUrl\":\"https:\\\/\\\/www.intmega.com\\\/wp-content\\\/uploads\\\/2019\\\/04\\\/Untitled-8.png\",\"width\":731,\"height\":731},{\"@type\":\"BreadcrumbList\",\"@id\":\"https:\\\/\\\/www.intmega.com\\\/en\\\/products\\\/gas-chromatographs\\\/trendvision-chromatography-software\\\/#breadcrumb\",\"itemListElement\":[{\"@type\":\"ListItem\",\"position\":1,\"name\":\"Ana sayfa\",\"item\":\"https:\\\/\\\/www.intmega.com\\\/en\\\/\"},{\"@type\":\"ListItem\",\"position\":2,\"name\":\"Products\",\"item\":\"https:\\\/\\\/www.intmega.com\\\/en\\\/products\\\/\"},{\"@type\":\"ListItem\",\"position\":3,\"name\":\"TrendVision Chromatography Software\"}]},{\"@type\":\"WebSite\",\"@id\":\"https:\\\/\\\/www.intmega.com\\\/en\\\/#website\",\"url\":\"https:\\\/\\\/www.intmega.com\\\/en\\\/\",\"name\":\"iNTMEGA\",\"description\":\"Partik\u00fcl Say\u0131m Cihazlar\u0131\",\"publisher\":{\"@id\":\"https:\\\/\\\/www.intmega.com\\\/en\\\/#organization\"},\"potentialAction\":[{\"@type\":\"SearchAction\",\"target\":{\"@type\":\"EntryPoint\",\"urlTemplate\":\"https:\\\/\\\/www.intmega.com\\\/en\\\/?s={search_term_string}\"},\"query-input\":{\"@type\":\"PropertyValueSpecification\",\"valueRequired\":true,\"valueName\":\"search_term_string\"}}],\"inLanguage\":\"en-US\"},{\"@type\":\"Organization\",\"@id\":\"https:\\\/\\\/www.intmega.com\\\/en\\\/#organization\",\"name\":\"iNTMEGA\",\"url\":\"https:\\\/\\\/www.intmega.com\\\/en\\\/\",\"logo\":{\"@type\":\"ImageObject\",\"inLanguage\":\"en-US\",\"@id\":\"https:\\\/\\\/www.intmega.com\\\/en\\\/#\\\/schema\\\/logo\\\/image\\\/\",\"url\":\"https:\\\/\\\/www.intmega.com\\\/wp-content\\\/uploads\\\/2018\\\/05\\\/intmega-logo1.png\",\"contentUrl\":\"https:\\\/\\\/www.intmega.com\\\/wp-content\\\/uploads\\\/2018\\\/05\\\/intmega-logo1.png\",\"width\":377,\"height\":90,\"caption\":\"iNTMEGA\"},\"image\":{\"@id\":\"https:\\\/\\\/www.intmega.com\\\/en\\\/#\\\/schema\\\/logo\\\/image\\\/\"},\"sameAs\":[\"https:\\\/\\\/x.com\\\/intmega1993\",\"https:\\\/\\\/www.instagram.com\\\/intmega\\\/\",\"https:\\\/\\\/www.linkedin.com\\\/company\\\/intmega\\\/\",\"https:\\\/\\\/www.youtube.com\\\/channel\\\/UCpkJ10Pg0qMM7DWfZ2RGlPw?view_as=subscriber\"]}]}<\/script>\n<!-- \/ Yoast SEO plugin. -->","yoast_head_json":{"title":"TrendVision Chromatography Software - iNTMEGA","robots":{"index":"index","follow":"follow","max-snippet":"max-snippet:-1","max-image-preview":"max-image-preview:large","max-video-preview":"max-video-preview:-1"},"canonical":"https:\/\/www.intmega.com\/en\/products\/gas-chromatographs\/trendvision-chromatography-software\/","og_locale":"en_US","og_type":"article","og_title":"TrendVision Chromatography Software - iNTMEGA","og_description":"[vc_row][vc_column][vc_column_text]The TrendVision Chromatography Software is a complete Chromatography Integration package that provides the Gas Chromatograph Operator with all the tools needed to interpret the Data and Results from the Chromatograph. It integrates all the instrument control, data handling, display, reporting [&hellip;]","og_url":"https:\/\/www.intmega.com\/en\/products\/gas-chromatographs\/trendvision-chromatography-software\/","og_site_name":"iNTMEGA","article_modified_time":"2019-04-05T16:00:01+00:00","og_image":[{"width":731,"height":731,"url":"https:\/\/www.intmega.com\/wp-content\/uploads\/2019\/04\/Untitled-8.png","type":"image\/png"}],"twitter_card":"summary_large_image","twitter_site":"@intmega1993","twitter_misc":{"Est. reading time":"2 minutes"},"schema":{"@context":"https:\/\/schema.org","@graph":[{"@type":"WebPage","@id":"https:\/\/www.intmega.com\/en\/products\/gas-chromatographs\/trendvision-chromatography-software\/","url":"https:\/\/www.intmega.com\/en\/products\/gas-chromatographs\/trendvision-chromatography-software\/","name":"TrendVision Chromatography Software - iNTMEGA","isPartOf":{"@id":"https:\/\/www.intmega.com\/en\/#website"},"primaryImageOfPage":{"@id":"https:\/\/www.intmega.com\/en\/products\/gas-chromatographs\/trendvision-chromatography-software\/#primaryimage"},"image":{"@id":"https:\/\/www.intmega.com\/en\/products\/gas-chromatographs\/trendvision-chromatography-software\/#primaryimage"},"thumbnailUrl":"https:\/\/www.intmega.com\/wp-content\/uploads\/2019\/04\/Untitled-8.png","datePublished":"2019-04-05T16:00:00+00:00","dateModified":"2019-04-05T16:00:01+00:00","breadcrumb":{"@id":"https:\/\/www.intmega.com\/en\/products\/gas-chromatographs\/trendvision-chromatography-software\/#breadcrumb"},"inLanguage":"en-US","potentialAction":[{"@type":"ReadAction","target":["https:\/\/www.intmega.com\/en\/products\/gas-chromatographs\/trendvision-chromatography-software\/"]}]},{"@type":"ImageObject","inLanguage":"en-US","@id":"https:\/\/www.intmega.com\/en\/products\/gas-chromatographs\/trendvision-chromatography-software\/#primaryimage","url":"https:\/\/www.intmega.com\/wp-content\/uploads\/2019\/04\/Untitled-8.png","contentUrl":"https:\/\/www.intmega.com\/wp-content\/uploads\/2019\/04\/Untitled-8.png","width":731,"height":731},{"@type":"BreadcrumbList","@id":"https:\/\/www.intmega.com\/en\/products\/gas-chromatographs\/trendvision-chromatography-software\/#breadcrumb","itemListElement":[{"@type":"ListItem","position":1,"name":"Ana sayfa","item":"https:\/\/www.intmega.com\/en\/"},{"@type":"ListItem","position":2,"name":"Products","item":"https:\/\/www.intmega.com\/en\/products\/"},{"@type":"ListItem","position":3,"name":"TrendVision Chromatography Software"}]},{"@type":"WebSite","@id":"https:\/\/www.intmega.com\/en\/#website","url":"https:\/\/www.intmega.com\/en\/","name":"iNTMEGA","description":"Partik\u00fcl Say\u0131m Cihazlar\u0131","publisher":{"@id":"https:\/\/www.intmega.com\/en\/#organization"},"potentialAction":[{"@type":"SearchAction","target":{"@type":"EntryPoint","urlTemplate":"https:\/\/www.intmega.com\/en\/?s={search_term_string}"},"query-input":{"@type":"PropertyValueSpecification","valueRequired":true,"valueName":"search_term_string"}}],"inLanguage":"en-US"},{"@type":"Organization","@id":"https:\/\/www.intmega.com\/en\/#organization","name":"iNTMEGA","url":"https:\/\/www.intmega.com\/en\/","logo":{"@type":"ImageObject","inLanguage":"en-US","@id":"https:\/\/www.intmega.com\/en\/#\/schema\/logo\/image\/","url":"https:\/\/www.intmega.com\/wp-content\/uploads\/2018\/05\/intmega-logo1.png","contentUrl":"https:\/\/www.intmega.com\/wp-content\/uploads\/2018\/05\/intmega-logo1.png","width":377,"height":90,"caption":"iNTMEGA"},"image":{"@id":"https:\/\/www.intmega.com\/en\/#\/schema\/logo\/image\/"},"sameAs":["https:\/\/x.com\/intmega1993","https:\/\/www.instagram.com\/intmega\/","https:\/\/www.linkedin.com\/company\/intmega\/","https:\/\/www.youtube.com\/channel\/UCpkJ10Pg0qMM7DWfZ2RGlPw?view_as=subscriber"]}]}},"_links":{"self":[{"href":"https:\/\/www.intmega.com\/en\/wp-json\/wp\/v2\/product\/1569","targetHints":{"allow":["GET"]}}],"collection":[{"href":"https:\/\/www.intmega.com\/en\/wp-json\/wp\/v2\/product"}],"about":[{"href":"https:\/\/www.intmega.com\/en\/wp-json\/wp\/v2\/types\/product"}],"wp:featuredmedia":[{"embeddable":true,"href":"https:\/\/www.intmega.com\/en\/wp-json\/wp\/v2\/media\/1534"}],"wp:attachment":[{"href":"https:\/\/www.intmega.com\/en\/wp-json\/wp\/v2\/media?parent=1569"}],"wp:term":[{"taxonomy":"product_brand","embeddable":true,"href":"https:\/\/www.intmega.com\/en\/wp-json\/wp\/v2\/product_brand?post=1569"},{"taxonomy":"product_cat","embeddable":true,"href":"https:\/\/www.intmega.com\/en\/wp-json\/wp\/v2\/product_cat?post=1569"},{"taxonomy":"product_tag","embeddable":true,"href":"https:\/\/www.intmega.com\/en\/wp-json\/wp\/v2\/product_tag?post=1569"}],"curies":[{"name":"wp","href":"https:\/\/api.w.org\/{rel}","templated":true}]}}