{"id":1567,"date":"2019-04-05T12:25:22","date_gmt":"2019-04-05T15:54:39","guid":{"rendered":"https:\/\/www.intmega.com\/?post_type=product&#038;p=1567"},"modified":"2019-04-05T18:54:40","modified_gmt":"2019-04-05T15:54:40","slug":"novapro-pgc","status":"publish","type":"product","link":"https:\/\/www.intmega.com\/en\/products\/gas-chromatographs\/novapro-pgc\/","title":{"rendered":"NovaPRO PGC"},"content":{"rendered":"<div class=\"wpb-content-wrapper\"><p>[vc_row][vc_column][vc_column_text]Introducing the newest On-Line Gas Chromatograph for the Process market from AGC Instruments.<\/p>\n<p>The NovaPRO 9000 Process Gas Chromatograph (PGC) utilises the most up-to-date technology and systems available. This advanced PGC provides custom solutions for a wide range of industries and offers 24-hour monitoring and reporting as needed. Accurate readings are achieved using our range of proven detectors which have been perfected over 50 Years of experience.<\/p>\n<p>This ATEX approved PGC utilising a Purge method (EExP) conformity, is housed in a mild steel enclosure that is purged for use in the harshest of environments and suitable for use in Zone 1 and Zone 2 classified areas.<\/p>\n<p>Following the ATEX \u2013 EC type Certificate Number: T\u00dcV 03 ATEX 2095X, this pressurised enclosure is a versatile and customised solution where AGC can bring over 50 years of Gas Chromatograph experience to this market sector. Using a 12\u201d Full Colour Touch Screen with an integrated electronic controller and it is operated through a menu driven software interface. The versatility and efficiency displayed is second to none and all data is produced in real-time as Chromatograms, Digital Panel Meter or Trend-Line.<\/p>\n<p>The system that runs and interfaces with the NovaPRO 9000 is a highly intelligent platform that has been carefully designed through interaction with our customers. Based on the professional embedded operating system and run on a rugged industrial embedded computer solution, the TrendVision PRO chromatography software controls all aspects of the analytical and reporting requirements.<\/p>\n<p>With the NovaPRO 9000 Process GC, a vast range of analytical possibilities are found using the extensive experience of the AGC Instruments team of engineers. In-depth support and top class after sales care are paramount for all AGC product lines and are guaranteed with every NovaPRO 9000 PGC.[\/vc_column_text][\/vc_column][\/vc_row][vc_section full_width=&#8221;stretch_row_content&#8221; css=&#8221;.vc_custom_1554455907823{margin-top: 20px !important;padding-bottom: 20px !important;background-color: #f3f3f3 !important;}&#8221;][vc_row css=&#8221;.vc_custom_1554455820111{margin-bottom: 20px !important;}&#8221;][vc_column][vc_column_text]Up to two Detectors can be configured into a NovaPRO 9000 PGC system. The choice of detectors is: TCD, FID, FPD or DID. Other detectors will be added in due course.<br \/>\nThe range of Applications are limitless and most of our PGC Solutions will be found in markets such as Hydrogen, Hy\/CO, Iron &amp; Steel, Petrochemicals, Natural Gas, Synthetic Gas, Coal Gas, Refinery\u2026etc.<\/p>\n<p>Utilising the many years of GC experience that AGC Instruments has become familiar with, we have adopted our many unique offerings and incorporated them into the NovaPRO 9000 PGC.<\/p>\n<p>All fittings on our NovaPRO 9000 PGC are 1\/8\u201d Swagelok fittings which mean all our pipework (1\/8\u201d or 1\/16\u201d) have excellent seal rates and expect zero leaks.<br \/>\nCoupled with our TrendVision PRO Software, a perfect solution will deliver the results and standards that you as a customer would expect.[\/vc_column_text][\/vc_column][\/vc_row][\/vc_section][vc_section full_width=&#8221;stretch_row_content&#8221; css=&#8221;.vc_custom_1554478607771{padding-left: 15px !important;}&#8221;][vc_row row_content_width=&#8221;grid&#8221; css=&#8221;.vc_custom_1527255752949{margin-bottom: 30px !important;}&#8221;][vc_column width=&#8221;1\/2&#8243;][\/vc_column][vc_column width=&#8221;1\/2&#8243;]<div class=\"mkdf-info-list\">\n    <div class=\"mkdf-info-list-inner\">\n        \n        <div class=\"mkdf-info-list-items\">\n                    <\/div>\n\n        <a itemprop=\"url\" href=\"\/en\/contact-us\/\" target=\"_self\"  class=\"mkdf-btn mkdf-btn-medium mkdf-btn-solid mkdf-btn-solid-dark mkdf-btn-icon mkdf-info-list-button\"  >    <span class=\"mkdf-btn-text\">Reach to Us<\/span>    <span class=\"mkdf-btn-icon-holder\">        <span class=\"mkdf-btn-icon-normal\" ><i class=\"mkdf-icon-ion-icon ion-chevron-right \" ><\/i><\/span>        <span class=\"mkdf-btn-icon-flip\" ><i class=\"mkdf-icon-ion-icon ion-chevron-right \" ><\/i><\/span>    <\/span><\/a>    <\/div>\n<\/div>[\/vc_column][\/vc_row][\/vc_section]<\/p>\n<\/div>","protected":false},"excerpt":{"rendered":"<p>[vc_row][vc_column][vc_column_text]Introducing the newest On-Line Gas Chromatograph for the Process market from AGC Instruments. The NovaPRO 9000 Process Gas Chromatograph (PGC) utilises the most up-to-date technology and systems available. This advanced PGC provides custom solutions for a wide range of industries [&hellip;]<\/p>\n","protected":false},"featured_media":1594,"template":"","meta":{"_monsterinsights_skip_tracking":false,"_monsterinsights_sitenote_active":false,"_monsterinsights_sitenote_note":"","_monsterinsights_sitenote_category":0},"product_brand":[],"product_cat":[99],"product_tag":[],"class_list":{"0":"post-1567","1":"product","2":"type-product","3":"status-publish","4":"has-post-thumbnail","6":"product_cat-gas-chromatographs","8":"first","9":"instock","10":"shipping-taxable","11":"product-type-simple"},"yoast_head":"<!-- This site is optimized with the Yoast SEO plugin v27.3 - https:\/\/yoast.com\/product\/yoast-seo-wordpress\/ -->\n<title>NovaPRO PGC - iNTMEGA<\/title>\n<meta name=\"robots\" content=\"index, follow, max-snippet:-1, max-image-preview:large, max-video-preview:-1\" \/>\n<link rel=\"canonical\" href=\"https:\/\/www.intmega.com\/en\/products\/gas-chromatographs\/novapro-pgc\/\" \/>\n<meta property=\"og:locale\" content=\"en_US\" \/>\n<meta property=\"og:type\" content=\"article\" \/>\n<meta property=\"og:title\" content=\"NovaPRO PGC - iNTMEGA\" \/>\n<meta property=\"og:description\" content=\"[vc_row][vc_column][vc_column_text]Introducing the newest On-Line Gas Chromatograph for the Process market from AGC Instruments. The NovaPRO 9000 Process Gas Chromatograph (PGC) utilises the most up-to-date technology and systems available. This advanced PGC provides custom solutions for a wide range of industries [&hellip;]\" \/>\n<meta property=\"og:url\" content=\"https:\/\/www.intmega.com\/en\/products\/gas-chromatographs\/novapro-pgc\/\" \/>\n<meta property=\"og:site_name\" content=\"iNTMEGA\" \/>\n<meta property=\"article:modified_time\" content=\"2019-04-05T15:54:40+00:00\" \/>\n<meta property=\"og:image\" content=\"https:\/\/www.intmega.com\/wp-content\/uploads\/2019\/04\/AGC-NovaPRO-9000-PGC.jpg\" \/>\n\t<meta property=\"og:image:width\" content=\"910\" \/>\n\t<meta property=\"og:image:height\" content=\"910\" \/>\n\t<meta property=\"og:image:type\" content=\"image\/jpeg\" \/>\n<meta name=\"twitter:card\" content=\"summary_large_image\" \/>\n<meta name=\"twitter:site\" content=\"@intmega1993\" \/>\n<meta name=\"twitter:label1\" content=\"Est. reading time\" \/>\n\t<meta name=\"twitter:data1\" content=\"3 minutes\" \/>\n<script type=\"application\/ld+json\" class=\"yoast-schema-graph\">{\"@context\":\"https:\\\/\\\/schema.org\",\"@graph\":[{\"@type\":\"WebPage\",\"@id\":\"https:\\\/\\\/www.intmega.com\\\/en\\\/products\\\/gas-chromatographs\\\/novapro-pgc\\\/\",\"url\":\"https:\\\/\\\/www.intmega.com\\\/en\\\/products\\\/gas-chromatographs\\\/novapro-pgc\\\/\",\"name\":\"NovaPRO PGC - iNTMEGA\",\"isPartOf\":{\"@id\":\"https:\\\/\\\/www.intmega.com\\\/en\\\/#website\"},\"primaryImageOfPage\":{\"@id\":\"https:\\\/\\\/www.intmega.com\\\/en\\\/products\\\/gas-chromatographs\\\/novapro-pgc\\\/#primaryimage\"},\"image\":{\"@id\":\"https:\\\/\\\/www.intmega.com\\\/en\\\/products\\\/gas-chromatographs\\\/novapro-pgc\\\/#primaryimage\"},\"thumbnailUrl\":\"https:\\\/\\\/www.intmega.com\\\/wp-content\\\/uploads\\\/2019\\\/04\\\/AGC-NovaPRO-9000-PGC.jpg\",\"datePublished\":\"2019-04-05T15:54:39+00:00\",\"dateModified\":\"2019-04-05T15:54:40+00:00\",\"breadcrumb\":{\"@id\":\"https:\\\/\\\/www.intmega.com\\\/en\\\/products\\\/gas-chromatographs\\\/novapro-pgc\\\/#breadcrumb\"},\"inLanguage\":\"en-US\",\"potentialAction\":[{\"@type\":\"ReadAction\",\"target\":[\"https:\\\/\\\/www.intmega.com\\\/en\\\/products\\\/gas-chromatographs\\\/novapro-pgc\\\/\"]}]},{\"@type\":\"ImageObject\",\"inLanguage\":\"en-US\",\"@id\":\"https:\\\/\\\/www.intmega.com\\\/en\\\/products\\\/gas-chromatographs\\\/novapro-pgc\\\/#primaryimage\",\"url\":\"https:\\\/\\\/www.intmega.com\\\/wp-content\\\/uploads\\\/2019\\\/04\\\/AGC-NovaPRO-9000-PGC.jpg\",\"contentUrl\":\"https:\\\/\\\/www.intmega.com\\\/wp-content\\\/uploads\\\/2019\\\/04\\\/AGC-NovaPRO-9000-PGC.jpg\",\"width\":910,\"height\":910},{\"@type\":\"BreadcrumbList\",\"@id\":\"https:\\\/\\\/www.intmega.com\\\/en\\\/products\\\/gas-chromatographs\\\/novapro-pgc\\\/#breadcrumb\",\"itemListElement\":[{\"@type\":\"ListItem\",\"position\":1,\"name\":\"Ana sayfa\",\"item\":\"https:\\\/\\\/www.intmega.com\\\/en\\\/\"},{\"@type\":\"ListItem\",\"position\":2,\"name\":\"Products\",\"item\":\"https:\\\/\\\/www.intmega.com\\\/en\\\/products\\\/\"},{\"@type\":\"ListItem\",\"position\":3,\"name\":\"NovaPRO PGC\"}]},{\"@type\":\"WebSite\",\"@id\":\"https:\\\/\\\/www.intmega.com\\\/en\\\/#website\",\"url\":\"https:\\\/\\\/www.intmega.com\\\/en\\\/\",\"name\":\"iNTMEGA\",\"description\":\"Partik\u00fcl Say\u0131m Cihazlar\u0131\",\"publisher\":{\"@id\":\"https:\\\/\\\/www.intmega.com\\\/en\\\/#organization\"},\"potentialAction\":[{\"@type\":\"SearchAction\",\"target\":{\"@type\":\"EntryPoint\",\"urlTemplate\":\"https:\\\/\\\/www.intmega.com\\\/en\\\/?s={search_term_string}\"},\"query-input\":{\"@type\":\"PropertyValueSpecification\",\"valueRequired\":true,\"valueName\":\"search_term_string\"}}],\"inLanguage\":\"en-US\"},{\"@type\":\"Organization\",\"@id\":\"https:\\\/\\\/www.intmega.com\\\/en\\\/#organization\",\"name\":\"iNTMEGA\",\"url\":\"https:\\\/\\\/www.intmega.com\\\/en\\\/\",\"logo\":{\"@type\":\"ImageObject\",\"inLanguage\":\"en-US\",\"@id\":\"https:\\\/\\\/www.intmega.com\\\/en\\\/#\\\/schema\\\/logo\\\/image\\\/\",\"url\":\"https:\\\/\\\/www.intmega.com\\\/wp-content\\\/uploads\\\/2018\\\/05\\\/intmega-logo1.png\",\"contentUrl\":\"https:\\\/\\\/www.intmega.com\\\/wp-content\\\/uploads\\\/2018\\\/05\\\/intmega-logo1.png\",\"width\":377,\"height\":90,\"caption\":\"iNTMEGA\"},\"image\":{\"@id\":\"https:\\\/\\\/www.intmega.com\\\/en\\\/#\\\/schema\\\/logo\\\/image\\\/\"},\"sameAs\":[\"https:\\\/\\\/x.com\\\/intmega1993\",\"https:\\\/\\\/www.instagram.com\\\/intmega\\\/\",\"https:\\\/\\\/www.linkedin.com\\\/company\\\/intmega\\\/\",\"https:\\\/\\\/www.youtube.com\\\/channel\\\/UCpkJ10Pg0qMM7DWfZ2RGlPw?view_as=subscriber\"]}]}<\/script>\n<!-- \/ Yoast SEO plugin. -->","yoast_head_json":{"title":"NovaPRO PGC - iNTMEGA","robots":{"index":"index","follow":"follow","max-snippet":"max-snippet:-1","max-image-preview":"max-image-preview:large","max-video-preview":"max-video-preview:-1"},"canonical":"https:\/\/www.intmega.com\/en\/products\/gas-chromatographs\/novapro-pgc\/","og_locale":"en_US","og_type":"article","og_title":"NovaPRO PGC - iNTMEGA","og_description":"[vc_row][vc_column][vc_column_text]Introducing the newest On-Line Gas Chromatograph for the Process market from AGC Instruments. The NovaPRO 9000 Process Gas Chromatograph (PGC) utilises the most up-to-date technology and systems available. This advanced PGC provides custom solutions for a wide range of industries [&hellip;]","og_url":"https:\/\/www.intmega.com\/en\/products\/gas-chromatographs\/novapro-pgc\/","og_site_name":"iNTMEGA","article_modified_time":"2019-04-05T15:54:40+00:00","og_image":[{"width":910,"height":910,"url":"https:\/\/www.intmega.com\/wp-content\/uploads\/2019\/04\/AGC-NovaPRO-9000-PGC.jpg","type":"image\/jpeg"}],"twitter_card":"summary_large_image","twitter_site":"@intmega1993","twitter_misc":{"Est. reading time":"3 minutes"},"schema":{"@context":"https:\/\/schema.org","@graph":[{"@type":"WebPage","@id":"https:\/\/www.intmega.com\/en\/products\/gas-chromatographs\/novapro-pgc\/","url":"https:\/\/www.intmega.com\/en\/products\/gas-chromatographs\/novapro-pgc\/","name":"NovaPRO PGC - iNTMEGA","isPartOf":{"@id":"https:\/\/www.intmega.com\/en\/#website"},"primaryImageOfPage":{"@id":"https:\/\/www.intmega.com\/en\/products\/gas-chromatographs\/novapro-pgc\/#primaryimage"},"image":{"@id":"https:\/\/www.intmega.com\/en\/products\/gas-chromatographs\/novapro-pgc\/#primaryimage"},"thumbnailUrl":"https:\/\/www.intmega.com\/wp-content\/uploads\/2019\/04\/AGC-NovaPRO-9000-PGC.jpg","datePublished":"2019-04-05T15:54:39+00:00","dateModified":"2019-04-05T15:54:40+00:00","breadcrumb":{"@id":"https:\/\/www.intmega.com\/en\/products\/gas-chromatographs\/novapro-pgc\/#breadcrumb"},"inLanguage":"en-US","potentialAction":[{"@type":"ReadAction","target":["https:\/\/www.intmega.com\/en\/products\/gas-chromatographs\/novapro-pgc\/"]}]},{"@type":"ImageObject","inLanguage":"en-US","@id":"https:\/\/www.intmega.com\/en\/products\/gas-chromatographs\/novapro-pgc\/#primaryimage","url":"https:\/\/www.intmega.com\/wp-content\/uploads\/2019\/04\/AGC-NovaPRO-9000-PGC.jpg","contentUrl":"https:\/\/www.intmega.com\/wp-content\/uploads\/2019\/04\/AGC-NovaPRO-9000-PGC.jpg","width":910,"height":910},{"@type":"BreadcrumbList","@id":"https:\/\/www.intmega.com\/en\/products\/gas-chromatographs\/novapro-pgc\/#breadcrumb","itemListElement":[{"@type":"ListItem","position":1,"name":"Ana sayfa","item":"https:\/\/www.intmega.com\/en\/"},{"@type":"ListItem","position":2,"name":"Products","item":"https:\/\/www.intmega.com\/en\/products\/"},{"@type":"ListItem","position":3,"name":"NovaPRO PGC"}]},{"@type":"WebSite","@id":"https:\/\/www.intmega.com\/en\/#website","url":"https:\/\/www.intmega.com\/en\/","name":"iNTMEGA","description":"Partik\u00fcl Say\u0131m Cihazlar\u0131","publisher":{"@id":"https:\/\/www.intmega.com\/en\/#organization"},"potentialAction":[{"@type":"SearchAction","target":{"@type":"EntryPoint","urlTemplate":"https:\/\/www.intmega.com\/en\/?s={search_term_string}"},"query-input":{"@type":"PropertyValueSpecification","valueRequired":true,"valueName":"search_term_string"}}],"inLanguage":"en-US"},{"@type":"Organization","@id":"https:\/\/www.intmega.com\/en\/#organization","name":"iNTMEGA","url":"https:\/\/www.intmega.com\/en\/","logo":{"@type":"ImageObject","inLanguage":"en-US","@id":"https:\/\/www.intmega.com\/en\/#\/schema\/logo\/image\/","url":"https:\/\/www.intmega.com\/wp-content\/uploads\/2018\/05\/intmega-logo1.png","contentUrl":"https:\/\/www.intmega.com\/wp-content\/uploads\/2018\/05\/intmega-logo1.png","width":377,"height":90,"caption":"iNTMEGA"},"image":{"@id":"https:\/\/www.intmega.com\/en\/#\/schema\/logo\/image\/"},"sameAs":["https:\/\/x.com\/intmega1993","https:\/\/www.instagram.com\/intmega\/","https:\/\/www.linkedin.com\/company\/intmega\/","https:\/\/www.youtube.com\/channel\/UCpkJ10Pg0qMM7DWfZ2RGlPw?view_as=subscriber"]}]}},"_links":{"self":[{"href":"https:\/\/www.intmega.com\/en\/wp-json\/wp\/v2\/product\/1567","targetHints":{"allow":["GET"]}}],"collection":[{"href":"https:\/\/www.intmega.com\/en\/wp-json\/wp\/v2\/product"}],"about":[{"href":"https:\/\/www.intmega.com\/en\/wp-json\/wp\/v2\/types\/product"}],"wp:featuredmedia":[{"embeddable":true,"href":"https:\/\/www.intmega.com\/en\/wp-json\/wp\/v2\/media\/1594"}],"wp:attachment":[{"href":"https:\/\/www.intmega.com\/en\/wp-json\/wp\/v2\/media?parent=1567"}],"wp:term":[{"taxonomy":"product_brand","embeddable":true,"href":"https:\/\/www.intmega.com\/en\/wp-json\/wp\/v2\/product_brand?post=1567"},{"taxonomy":"product_cat","embeddable":true,"href":"https:\/\/www.intmega.com\/en\/wp-json\/wp\/v2\/product_cat?post=1567"},{"taxonomy":"product_tag","embeddable":true,"href":"https:\/\/www.intmega.com\/en\/wp-json\/wp\/v2\/product_tag?post=1567"}],"curies":[{"name":"wp","href":"https:\/\/api.w.org\/{rel}","templated":true}]}}