{"id":1565,"date":"2019-04-05T10:57:01","date_gmt":"2019-04-05T15:50:57","guid":{"rendered":"https:\/\/www.intmega.com\/?post_type=product&#038;p=1565"},"modified":"2019-04-05T18:50:57","modified_gmt":"2019-04-05T15:50:57","slug":"novachrom-gc-range","status":"publish","type":"product","link":"https:\/\/www.intmega.com\/en\/products\/gas-chromatographs\/novachrom-gc-range\/","title":{"rendered":"NovaCHROM GC Range"},"content":{"rendered":"<div class=\"wpb-content-wrapper\"><p>[vc_row][vc_column][vc_column_text]AGC Instruments introduces the new NovaCHROM range of Gas Chromatographs. The NovaCHROM GC is a culmination of years of experience in high sensitivity Gas Chromatography specific for the Analysis of impurities in a wide range of gas applications. This GC uses industry driven and proven methods of analysis for the quality control of gases using different detector technologies adapted to the required applications. The large colour interactive touch screen provides an easy-to-use user interface for guided functionality of the many features which enable the precise monitoring of applications. This ensures that the NovaCHROM GC provides a top class service to you at all times.<\/p>\n<p>Each NovaCHROM GC is equipped with specific chromatography components depending on the application. Moreover, the packed columns with their multiple column ovens and individual temperature controllers also maintain exceptional stability, sensitivity, accuracy and repeatability.<\/p>\n<p>With an optimised consumption of carrier and supply gases, the NovaCHROM also provides an economical platform with a low cost of ownership and long life span.<\/p>\n<p>The Integrated Diagnostics and Configurable Alarms Systems pinpoint any areas which require attention to allow swift identification and resolution of any process issues. With these features, the NovaCHROM can operate unattended for long periods of time. This makes this GC Platform very versatile and robust to meet the exacting needs of the operation.[\/vc_column_text][\/vc_column][\/vc_row][vc_section full_width=&#8221;stretch_row_content&#8221; css=&#8221;.vc_custom_1554455907823{margin-top: 20px !important;padding-bottom: 20px !important;background-color: #f3f3f3 !important;}&#8221;][vc_row css=&#8221;.vc_custom_1554455820111{margin-bottom: 20px !important;}&#8221;][vc_column][vc_column_text]The detectors available in the AGC NovaCHROM GC range are:<\/p>\n<p>NovaCHROM\u00a0<strong>1000<\/strong>\u00a0with Discharge Ionisation Detector (DID)<br \/>\nNovaCHROM\u00a0<strong>2000<\/strong>\u00a0with Argon Discharge Detector (ADD)<br \/>\nNovaCHROM\u00a0<strong>3000<\/strong>\u00a0with Flame Ionisation Detector (FID)<br \/>\nNovaCHROM\u00a0<strong>4000\u00a0<\/strong>with Thermal Conductivity Detector (TCD)<br \/>\nNovaCHROM\u00a0<strong>5000<\/strong>\u00a0with Flame Photometric Detector (FPD)[\/vc_column_text][\/vc_column][\/vc_row][\/vc_section][vc_section full_width=&#8221;stretch_row_content&#8221; css=&#8221;.vc_custom_1554478607771{padding-left: 15px !important;}&#8221;][vc_row row_content_width=&#8221;grid&#8221; css=&#8221;.vc_custom_1527255752949{margin-bottom: 30px !important;}&#8221;][vc_column width=&#8221;1\/2&#8243;][\/vc_column][vc_column width=&#8221;1\/2&#8243;]<div class=\"mkdf-info-list\">\n    <div class=\"mkdf-info-list-inner\">\n        \n        <div class=\"mkdf-info-list-items\">\n                    <\/div>\n\n        <a itemprop=\"url\" href=\"\/en\/contact-us\/\" target=\"_self\"  class=\"mkdf-btn mkdf-btn-medium mkdf-btn-solid mkdf-btn-solid-dark mkdf-btn-icon mkdf-info-list-button\"  >    <span class=\"mkdf-btn-text\">Reach to Us<\/span>    <span class=\"mkdf-btn-icon-holder\">        <span class=\"mkdf-btn-icon-normal\" ><i class=\"mkdf-icon-ion-icon ion-chevron-right \" ><\/i><\/span>        <span class=\"mkdf-btn-icon-flip\" ><i class=\"mkdf-icon-ion-icon ion-chevron-right \" ><\/i><\/span>    <\/span><\/a>    <\/div>\n<\/div>[\/vc_column][\/vc_row][\/vc_section]<\/p>\n<\/div>","protected":false},"excerpt":{"rendered":"<p>[vc_row][vc_column][vc_column_text]AGC Instruments introduces the new NovaCHROM range of Gas Chromatographs. The NovaCHROM GC is a culmination of years of experience in high sensitivity Gas Chromatography specific for the Analysis of impurities in a wide range of gas applications. This GC [&hellip;]<\/p>\n","protected":false},"featured_media":1507,"template":"","meta":{"_monsterinsights_skip_tracking":false,"_monsterinsights_sitenote_active":false,"_monsterinsights_sitenote_note":"","_monsterinsights_sitenote_category":0},"product_brand":[],"product_cat":[99],"product_tag":[],"class_list":{"0":"post-1565","1":"product","2":"type-product","3":"status-publish","4":"has-post-thumbnail","6":"product_cat-gas-chromatographs","8":"first","9":"instock","10":"shipping-taxable","11":"product-type-simple"},"yoast_head":"<!-- This site is optimized with the Yoast SEO plugin v27.5 - https:\/\/yoast.com\/product\/yoast-seo-wordpress\/ -->\n<title>NovaCHROM GC Range - iNTMEGA<\/title>\n<meta name=\"robots\" content=\"index, follow, max-snippet:-1, max-image-preview:large, max-video-preview:-1\" \/>\n<link rel=\"canonical\" href=\"https:\/\/www.intmega.com\/en\/products\/gas-chromatographs\/novachrom-gc-range\/\" \/>\n<meta property=\"og:locale\" content=\"en_US\" \/>\n<meta property=\"og:type\" content=\"article\" \/>\n<meta property=\"og:title\" content=\"NovaCHROM GC Range - iNTMEGA\" \/>\n<meta property=\"og:description\" content=\"[vc_row][vc_column][vc_column_text]AGC Instruments introduces the new NovaCHROM range of Gas Chromatographs. The NovaCHROM GC is a culmination of years of experience in high sensitivity Gas Chromatography specific for the Analysis of impurities in a wide range of gas applications. This GC [&hellip;]\" \/>\n<meta property=\"og:url\" content=\"https:\/\/www.intmega.com\/en\/products\/gas-chromatographs\/novachrom-gc-range\/\" \/>\n<meta property=\"og:site_name\" content=\"iNTMEGA\" \/>\n<meta property=\"og:image\" content=\"https:\/\/www.intmega.com\/wp-content\/uploads\/2019\/04\/50458-8431661.jpg\" \/>\n\t<meta property=\"og:image:width\" content=\"1500\" \/>\n\t<meta property=\"og:image:height\" content=\"1500\" \/>\n\t<meta property=\"og:image:type\" content=\"image\/jpeg\" \/>\n<meta name=\"twitter:card\" content=\"summary_large_image\" \/>\n<meta name=\"twitter:site\" content=\"@intmega1993\" \/>\n<meta name=\"twitter:label1\" content=\"Est. reading time\" \/>\n\t<meta name=\"twitter:data1\" content=\"2 minutes\" \/>\n<script type=\"application\/ld+json\" class=\"yoast-schema-graph\">{\"@context\":\"https:\\\/\\\/schema.org\",\"@graph\":[{\"@type\":\"WebPage\",\"@id\":\"https:\\\/\\\/www.intmega.com\\\/en\\\/products\\\/gas-chromatographs\\\/novachrom-gc-range\\\/\",\"url\":\"https:\\\/\\\/www.intmega.com\\\/en\\\/products\\\/gas-chromatographs\\\/novachrom-gc-range\\\/\",\"name\":\"NovaCHROM GC Range - iNTMEGA\",\"isPartOf\":{\"@id\":\"https:\\\/\\\/www.intmega.com\\\/en\\\/#website\"},\"primaryImageOfPage\":{\"@id\":\"https:\\\/\\\/www.intmega.com\\\/en\\\/products\\\/gas-chromatographs\\\/novachrom-gc-range\\\/#primaryimage\"},\"image\":{\"@id\":\"https:\\\/\\\/www.intmega.com\\\/en\\\/products\\\/gas-chromatographs\\\/novachrom-gc-range\\\/#primaryimage\"},\"thumbnailUrl\":\"https:\\\/\\\/www.intmega.com\\\/wp-content\\\/uploads\\\/2019\\\/04\\\/50458-8431661.jpg\",\"datePublished\":\"2019-04-05T15:50:57+00:00\",\"breadcrumb\":{\"@id\":\"https:\\\/\\\/www.intmega.com\\\/en\\\/products\\\/gas-chromatographs\\\/novachrom-gc-range\\\/#breadcrumb\"},\"inLanguage\":\"en-US\",\"potentialAction\":[{\"@type\":\"ReadAction\",\"target\":[\"https:\\\/\\\/www.intmega.com\\\/en\\\/products\\\/gas-chromatographs\\\/novachrom-gc-range\\\/\"]}]},{\"@type\":\"ImageObject\",\"inLanguage\":\"en-US\",\"@id\":\"https:\\\/\\\/www.intmega.com\\\/en\\\/products\\\/gas-chromatographs\\\/novachrom-gc-range\\\/#primaryimage\",\"url\":\"https:\\\/\\\/www.intmega.com\\\/wp-content\\\/uploads\\\/2019\\\/04\\\/50458-8431661.jpg\",\"contentUrl\":\"https:\\\/\\\/www.intmega.com\\\/wp-content\\\/uploads\\\/2019\\\/04\\\/50458-8431661.jpg\",\"width\":1500,\"height\":1500},{\"@type\":\"BreadcrumbList\",\"@id\":\"https:\\\/\\\/www.intmega.com\\\/en\\\/products\\\/gas-chromatographs\\\/novachrom-gc-range\\\/#breadcrumb\",\"itemListElement\":[{\"@type\":\"ListItem\",\"position\":1,\"name\":\"Ana sayfa\",\"item\":\"https:\\\/\\\/www.intmega.com\\\/en\\\/\"},{\"@type\":\"ListItem\",\"position\":2,\"name\":\"Products\",\"item\":\"https:\\\/\\\/www.intmega.com\\\/en\\\/products\\\/\"},{\"@type\":\"ListItem\",\"position\":3,\"name\":\"NovaCHROM GC Range\"}]},{\"@type\":\"WebSite\",\"@id\":\"https:\\\/\\\/www.intmega.com\\\/en\\\/#website\",\"url\":\"https:\\\/\\\/www.intmega.com\\\/en\\\/\",\"name\":\"iNTMEGA\",\"description\":\"Partik\u00fcl Say\u0131m Cihazlar\u0131\",\"publisher\":{\"@id\":\"https:\\\/\\\/www.intmega.com\\\/en\\\/#organization\"},\"potentialAction\":[{\"@type\":\"SearchAction\",\"target\":{\"@type\":\"EntryPoint\",\"urlTemplate\":\"https:\\\/\\\/www.intmega.com\\\/en\\\/?s={search_term_string}\"},\"query-input\":{\"@type\":\"PropertyValueSpecification\",\"valueRequired\":true,\"valueName\":\"search_term_string\"}}],\"inLanguage\":\"en-US\"},{\"@type\":\"Organization\",\"@id\":\"https:\\\/\\\/www.intmega.com\\\/en\\\/#organization\",\"name\":\"iNTMEGA\",\"url\":\"https:\\\/\\\/www.intmega.com\\\/en\\\/\",\"logo\":{\"@type\":\"ImageObject\",\"inLanguage\":\"en-US\",\"@id\":\"https:\\\/\\\/www.intmega.com\\\/en\\\/#\\\/schema\\\/logo\\\/image\\\/\",\"url\":\"https:\\\/\\\/www.intmega.com\\\/wp-content\\\/uploads\\\/2018\\\/05\\\/intmega-logo1.png\",\"contentUrl\":\"https:\\\/\\\/www.intmega.com\\\/wp-content\\\/uploads\\\/2018\\\/05\\\/intmega-logo1.png\",\"width\":377,\"height\":90,\"caption\":\"iNTMEGA\"},\"image\":{\"@id\":\"https:\\\/\\\/www.intmega.com\\\/en\\\/#\\\/schema\\\/logo\\\/image\\\/\"},\"sameAs\":[\"https:\\\/\\\/x.com\\\/intmega1993\",\"https:\\\/\\\/www.instagram.com\\\/intmega\\\/\",\"https:\\\/\\\/www.linkedin.com\\\/company\\\/intmega\\\/\",\"https:\\\/\\\/www.youtube.com\\\/channel\\\/UCpkJ10Pg0qMM7DWfZ2RGlPw?view_as=subscriber\"]}]}<\/script>\n<!-- \/ Yoast SEO plugin. -->","yoast_head_json":{"title":"NovaCHROM GC Range - iNTMEGA","robots":{"index":"index","follow":"follow","max-snippet":"max-snippet:-1","max-image-preview":"max-image-preview:large","max-video-preview":"max-video-preview:-1"},"canonical":"https:\/\/www.intmega.com\/en\/products\/gas-chromatographs\/novachrom-gc-range\/","og_locale":"en_US","og_type":"article","og_title":"NovaCHROM GC Range - iNTMEGA","og_description":"[vc_row][vc_column][vc_column_text]AGC Instruments introduces the new NovaCHROM range of Gas Chromatographs. The NovaCHROM GC is a culmination of years of experience in high sensitivity Gas Chromatography specific for the Analysis of impurities in a wide range of gas applications. This GC [&hellip;]","og_url":"https:\/\/www.intmega.com\/en\/products\/gas-chromatographs\/novachrom-gc-range\/","og_site_name":"iNTMEGA","og_image":[{"width":1500,"height":1500,"url":"https:\/\/www.intmega.com\/wp-content\/uploads\/2019\/04\/50458-8431661.jpg","type":"image\/jpeg"}],"twitter_card":"summary_large_image","twitter_site":"@intmega1993","twitter_misc":{"Est. reading time":"2 minutes"},"schema":{"@context":"https:\/\/schema.org","@graph":[{"@type":"WebPage","@id":"https:\/\/www.intmega.com\/en\/products\/gas-chromatographs\/novachrom-gc-range\/","url":"https:\/\/www.intmega.com\/en\/products\/gas-chromatographs\/novachrom-gc-range\/","name":"NovaCHROM GC Range - iNTMEGA","isPartOf":{"@id":"https:\/\/www.intmega.com\/en\/#website"},"primaryImageOfPage":{"@id":"https:\/\/www.intmega.com\/en\/products\/gas-chromatographs\/novachrom-gc-range\/#primaryimage"},"image":{"@id":"https:\/\/www.intmega.com\/en\/products\/gas-chromatographs\/novachrom-gc-range\/#primaryimage"},"thumbnailUrl":"https:\/\/www.intmega.com\/wp-content\/uploads\/2019\/04\/50458-8431661.jpg","datePublished":"2019-04-05T15:50:57+00:00","breadcrumb":{"@id":"https:\/\/www.intmega.com\/en\/products\/gas-chromatographs\/novachrom-gc-range\/#breadcrumb"},"inLanguage":"en-US","potentialAction":[{"@type":"ReadAction","target":["https:\/\/www.intmega.com\/en\/products\/gas-chromatographs\/novachrom-gc-range\/"]}]},{"@type":"ImageObject","inLanguage":"en-US","@id":"https:\/\/www.intmega.com\/en\/products\/gas-chromatographs\/novachrom-gc-range\/#primaryimage","url":"https:\/\/www.intmega.com\/wp-content\/uploads\/2019\/04\/50458-8431661.jpg","contentUrl":"https:\/\/www.intmega.com\/wp-content\/uploads\/2019\/04\/50458-8431661.jpg","width":1500,"height":1500},{"@type":"BreadcrumbList","@id":"https:\/\/www.intmega.com\/en\/products\/gas-chromatographs\/novachrom-gc-range\/#breadcrumb","itemListElement":[{"@type":"ListItem","position":1,"name":"Ana sayfa","item":"https:\/\/www.intmega.com\/en\/"},{"@type":"ListItem","position":2,"name":"Products","item":"https:\/\/www.intmega.com\/en\/products\/"},{"@type":"ListItem","position":3,"name":"NovaCHROM GC Range"}]},{"@type":"WebSite","@id":"https:\/\/www.intmega.com\/en\/#website","url":"https:\/\/www.intmega.com\/en\/","name":"iNTMEGA","description":"Partik\u00fcl Say\u0131m Cihazlar\u0131","publisher":{"@id":"https:\/\/www.intmega.com\/en\/#organization"},"potentialAction":[{"@type":"SearchAction","target":{"@type":"EntryPoint","urlTemplate":"https:\/\/www.intmega.com\/en\/?s={search_term_string}"},"query-input":{"@type":"PropertyValueSpecification","valueRequired":true,"valueName":"search_term_string"}}],"inLanguage":"en-US"},{"@type":"Organization","@id":"https:\/\/www.intmega.com\/en\/#organization","name":"iNTMEGA","url":"https:\/\/www.intmega.com\/en\/","logo":{"@type":"ImageObject","inLanguage":"en-US","@id":"https:\/\/www.intmega.com\/en\/#\/schema\/logo\/image\/","url":"https:\/\/www.intmega.com\/wp-content\/uploads\/2018\/05\/intmega-logo1.png","contentUrl":"https:\/\/www.intmega.com\/wp-content\/uploads\/2018\/05\/intmega-logo1.png","width":377,"height":90,"caption":"iNTMEGA"},"image":{"@id":"https:\/\/www.intmega.com\/en\/#\/schema\/logo\/image\/"},"sameAs":["https:\/\/x.com\/intmega1993","https:\/\/www.instagram.com\/intmega\/","https:\/\/www.linkedin.com\/company\/intmega\/","https:\/\/www.youtube.com\/channel\/UCpkJ10Pg0qMM7DWfZ2RGlPw?view_as=subscriber"]}]}},"_links":{"self":[{"href":"https:\/\/www.intmega.com\/en\/wp-json\/wp\/v2\/product\/1565","targetHints":{"allow":["GET"]}}],"collection":[{"href":"https:\/\/www.intmega.com\/en\/wp-json\/wp\/v2\/product"}],"about":[{"href":"https:\/\/www.intmega.com\/en\/wp-json\/wp\/v2\/types\/product"}],"wp:featuredmedia":[{"embeddable":true,"href":"https:\/\/www.intmega.com\/en\/wp-json\/wp\/v2\/media\/1507"}],"wp:attachment":[{"href":"https:\/\/www.intmega.com\/en\/wp-json\/wp\/v2\/media?parent=1565"}],"wp:term":[{"taxonomy":"product_brand","embeddable":true,"href":"https:\/\/www.intmega.com\/en\/wp-json\/wp\/v2\/product_brand?post=1565"},{"taxonomy":"product_cat","embeddable":true,"href":"https:\/\/www.intmega.com\/en\/wp-json\/wp\/v2\/product_cat?post=1565"},{"taxonomy":"product_tag","embeddable":true,"href":"https:\/\/www.intmega.com\/en\/wp-json\/wp\/v2\/product_tag?post=1565"}],"curies":[{"name":"wp","href":"https:\/\/api.w.org\/{rel}","templated":true}]}}