{"id":1556,"date":"2019-04-05T16:07:38","date_gmt":"2019-04-05T15:29:14","guid":{"rendered":"https:\/\/www.intmega.com\/?post_type=product&#038;p=1556"},"modified":"2019-04-05T18:35:43","modified_gmt":"2019-04-05T15:35:43","slug":"23-series-total-hydrocarbon-analyser","status":"publish","type":"product","link":"https:\/\/www.intmega.com\/en\/products\/gas-chromatographs\/23-series-total-hydrocarbon-analyser\/","title":{"rendered":"23 Series Total Hydrocarbon Analyser"},"content":{"rendered":"<div class=\"wpb-content-wrapper\"><p>[vc_row][vc_column][vc_column_text]The\u00a0<strong>Series 23<\/strong>\u00a0uses the Flame Ionisation Detector (FID), which measures Hydrocarbons present in a sample stream.<\/p>\n<p>The family of Total Hydrocarbon Gas Analysers is now available in a newly designed format and offers three variations.<\/p>\n<div class=\"su-table su-table-responsive\">\n<table>\n<tbody>\n<tr class=\"su-even\">\n<td><strong>Series 2300<\/strong><\/td>\n<td><strong>% to ppm levels<\/strong><\/td>\n<\/tr>\n<tr>\n<td><strong>Series 2400<\/strong><\/td>\n<td><strong>ppm levels<\/strong><\/td>\n<\/tr>\n<tr class=\"su-even\">\n<td><strong>Series 2500<\/strong><\/td>\n<td><strong>THC plus CO\/CO<sub>2<\/sub><\/strong><\/td>\n<\/tr>\n<\/tbody>\n<\/table>\n<\/div>\n<p>After a very successful life in the Analog domain, we are happy to release the new digital Gas Analyser which will measure your Total Hydrocarbons in a Gas Stream.<\/p>\n<p>Using the latest technology, which allows the operator to interact with the analyser via 5.7\u201d QVGA touchscreen display; this analyser will provide excellent results and provides extra layers of features previously not enjoyed with older models.<\/p>\n<p>Using Flow Control devices on the Sample Line, with a three-way solenoid bank within, a customer has excellent control and unattended operation of Zero, Sample and Span of the instrument.[\/vc_column_text][\/vc_column][\/vc_row][vc_section full_width=&#8221;stretch_row_content&#8221; css=&#8221;.vc_custom_1554467941824{margin-top: 20px !important;padding-bottom: 20px !important;background-color: #f3f3f3 !important;}&#8221;][vc_row css=&#8221;.vc_custom_1554455820111{margin-bottom: 20px !important;}&#8221;][vc_column css=&#8221;.vc_custom_1554478543122{border-radius: 35px !important;}&#8221;][vc_column_text]Applications range from the on-line THC measurement in Industrial Gas production or to monitor THC in Ar \/ Air \/ O<sub>2<\/sub>, N<sub>2<\/sub>\u00a0in Air Separation Units (plants) to Fence-line monitoring at industrial sites.[\/vc_column_text][\/vc_column][\/vc_row][\/vc_section][vc_section full_width=&#8221;stretch_row_content&#8221; css=&#8221;.vc_custom_1554478439542{padding-left: 15px !important;}&#8221;][vc_row row_content_width=&#8221;grid&#8221; css=&#8221;.vc_custom_1527255752949{margin-bottom: 30px !important;}&#8221;][vc_column width=&#8221;1\/2&#8243;][\/vc_column][vc_column width=&#8221;1\/2&#8243;]<div class=\"mkdf-info-list\">\n    <div class=\"mkdf-info-list-inner\">\n        \n        <div class=\"mkdf-info-list-items\">\n                    <\/div>\n\n        <a itemprop=\"url\" href=\"\/en\/contact-us\/\" target=\"_self\"  class=\"mkdf-btn mkdf-btn-medium mkdf-btn-solid mkdf-btn-solid-dark mkdf-btn-icon mkdf-info-list-button\"  >    <span class=\"mkdf-btn-text\">Reach to Us<\/span>    <span class=\"mkdf-btn-icon-holder\">        <span class=\"mkdf-btn-icon-normal\" ><i class=\"mkdf-icon-ion-icon ion-chevron-right \" ><\/i><\/span>        <span class=\"mkdf-btn-icon-flip\" ><i class=\"mkdf-icon-ion-icon ion-chevron-right \" ><\/i><\/span>    <\/span><\/a>    <\/div>\n<\/div>[\/vc_column][\/vc_row][\/vc_section]<\/p>\n<\/div>","protected":false},"excerpt":{"rendered":"<p>[vc_row][vc_column][vc_column_text]The\u00a0Series 23\u00a0uses the Flame Ionisation Detector (FID), which measures Hydrocarbons present in a sample stream. The family of Total Hydrocarbon Gas Analysers is now available in a newly designed format and offers three variations. Series 2300 % to ppm levels [&hellip;]<\/p>\n","protected":false},"featured_media":1600,"template":"","meta":{"_monsterinsights_skip_tracking":false,"_monsterinsights_sitenote_active":false,"_monsterinsights_sitenote_note":"","_monsterinsights_sitenote_category":0},"product_brand":[],"product_cat":[99],"product_tag":[],"class_list":{"0":"post-1556","1":"product","2":"type-product","3":"status-publish","4":"has-post-thumbnail","6":"product_cat-gas-chromatographs","8":"first","9":"instock","10":"shipping-taxable","11":"product-type-simple"},"yoast_head":"<!-- This site is optimized with the Yoast SEO plugin v27.3 - https:\/\/yoast.com\/product\/yoast-seo-wordpress\/ -->\n<title>23 Series Total Hydrocarbon Analyser - iNTMEGA<\/title>\n<meta name=\"robots\" content=\"index, follow, max-snippet:-1, max-image-preview:large, max-video-preview:-1\" \/>\n<link rel=\"canonical\" href=\"https:\/\/www.intmega.com\/en\/products\/gas-chromatographs\/23-series-total-hydrocarbon-analyser\/\" \/>\n<meta property=\"og:locale\" content=\"en_US\" \/>\n<meta property=\"og:type\" content=\"article\" \/>\n<meta property=\"og:title\" content=\"23 Series Total Hydrocarbon Analyser - iNTMEGA\" \/>\n<meta property=\"og:description\" content=\"[vc_row][vc_column][vc_column_text]The\u00a0Series 23\u00a0uses the Flame Ionisation Detector (FID), which measures Hydrocarbons present in a sample stream. The family of Total Hydrocarbon Gas Analysers is now available in a newly designed format and offers three variations. Series 2300 % to ppm levels [&hellip;]\" \/>\n<meta property=\"og:url\" content=\"https:\/\/www.intmega.com\/en\/products\/gas-chromatographs\/23-series-total-hydrocarbon-analyser\/\" \/>\n<meta property=\"og:site_name\" content=\"iNTMEGA\" \/>\n<meta property=\"article:modified_time\" content=\"2019-04-05T15:35:43+00:00\" \/>\n<meta property=\"og:image\" content=\"https:\/\/www.intmega.com\/wp-content\/uploads\/2019\/04\/AGC-NovaSTREAM-23-Analyser-1.jpg\" \/>\n\t<meta property=\"og:image:width\" content=\"910\" \/>\n\t<meta property=\"og:image:height\" content=\"910\" \/>\n\t<meta property=\"og:image:type\" content=\"image\/jpeg\" \/>\n<meta name=\"twitter:card\" content=\"summary_large_image\" \/>\n<meta name=\"twitter:site\" content=\"@intmega1993\" \/>\n<meta name=\"twitter:label1\" content=\"Est. reading time\" \/>\n\t<meta name=\"twitter:data1\" content=\"1 minute\" \/>\n<script type=\"application\/ld+json\" class=\"yoast-schema-graph\">{\"@context\":\"https:\\\/\\\/schema.org\",\"@graph\":[{\"@type\":\"WebPage\",\"@id\":\"https:\\\/\\\/www.intmega.com\\\/en\\\/products\\\/gas-chromatographs\\\/23-series-total-hydrocarbon-analyser\\\/\",\"url\":\"https:\\\/\\\/www.intmega.com\\\/en\\\/products\\\/gas-chromatographs\\\/23-series-total-hydrocarbon-analyser\\\/\",\"name\":\"23 Series Total Hydrocarbon Analyser - iNTMEGA\",\"isPartOf\":{\"@id\":\"https:\\\/\\\/www.intmega.com\\\/en\\\/#website\"},\"primaryImageOfPage\":{\"@id\":\"https:\\\/\\\/www.intmega.com\\\/en\\\/products\\\/gas-chromatographs\\\/23-series-total-hydrocarbon-analyser\\\/#primaryimage\"},\"image\":{\"@id\":\"https:\\\/\\\/www.intmega.com\\\/en\\\/products\\\/gas-chromatographs\\\/23-series-total-hydrocarbon-analyser\\\/#primaryimage\"},\"thumbnailUrl\":\"https:\\\/\\\/www.intmega.com\\\/wp-content\\\/uploads\\\/2019\\\/04\\\/AGC-NovaSTREAM-23-Analyser-1.jpg\",\"datePublished\":\"2019-04-05T15:29:14+00:00\",\"dateModified\":\"2019-04-05T15:35:43+00:00\",\"breadcrumb\":{\"@id\":\"https:\\\/\\\/www.intmega.com\\\/en\\\/products\\\/gas-chromatographs\\\/23-series-total-hydrocarbon-analyser\\\/#breadcrumb\"},\"inLanguage\":\"en-US\",\"potentialAction\":[{\"@type\":\"ReadAction\",\"target\":[\"https:\\\/\\\/www.intmega.com\\\/en\\\/products\\\/gas-chromatographs\\\/23-series-total-hydrocarbon-analyser\\\/\"]}]},{\"@type\":\"ImageObject\",\"inLanguage\":\"en-US\",\"@id\":\"https:\\\/\\\/www.intmega.com\\\/en\\\/products\\\/gas-chromatographs\\\/23-series-total-hydrocarbon-analyser\\\/#primaryimage\",\"url\":\"https:\\\/\\\/www.intmega.com\\\/wp-content\\\/uploads\\\/2019\\\/04\\\/AGC-NovaSTREAM-23-Analyser-1.jpg\",\"contentUrl\":\"https:\\\/\\\/www.intmega.com\\\/wp-content\\\/uploads\\\/2019\\\/04\\\/AGC-NovaSTREAM-23-Analyser-1.jpg\",\"width\":910,\"height\":910},{\"@type\":\"BreadcrumbList\",\"@id\":\"https:\\\/\\\/www.intmega.com\\\/en\\\/products\\\/gas-chromatographs\\\/23-series-total-hydrocarbon-analyser\\\/#breadcrumb\",\"itemListElement\":[{\"@type\":\"ListItem\",\"position\":1,\"name\":\"Ana sayfa\",\"item\":\"https:\\\/\\\/www.intmega.com\\\/en\\\/\"},{\"@type\":\"ListItem\",\"position\":2,\"name\":\"Products\",\"item\":\"https:\\\/\\\/www.intmega.com\\\/en\\\/products\\\/\"},{\"@type\":\"ListItem\",\"position\":3,\"name\":\"23 Series Total Hydrocarbon Analyser\"}]},{\"@type\":\"WebSite\",\"@id\":\"https:\\\/\\\/www.intmega.com\\\/en\\\/#website\",\"url\":\"https:\\\/\\\/www.intmega.com\\\/en\\\/\",\"name\":\"iNTMEGA\",\"description\":\"Partik\u00fcl Say\u0131m Cihazlar\u0131\",\"publisher\":{\"@id\":\"https:\\\/\\\/www.intmega.com\\\/en\\\/#organization\"},\"potentialAction\":[{\"@type\":\"SearchAction\",\"target\":{\"@type\":\"EntryPoint\",\"urlTemplate\":\"https:\\\/\\\/www.intmega.com\\\/en\\\/?s={search_term_string}\"},\"query-input\":{\"@type\":\"PropertyValueSpecification\",\"valueRequired\":true,\"valueName\":\"search_term_string\"}}],\"inLanguage\":\"en-US\"},{\"@type\":\"Organization\",\"@id\":\"https:\\\/\\\/www.intmega.com\\\/en\\\/#organization\",\"name\":\"iNTMEGA\",\"url\":\"https:\\\/\\\/www.intmega.com\\\/en\\\/\",\"logo\":{\"@type\":\"ImageObject\",\"inLanguage\":\"en-US\",\"@id\":\"https:\\\/\\\/www.intmega.com\\\/en\\\/#\\\/schema\\\/logo\\\/image\\\/\",\"url\":\"https:\\\/\\\/www.intmega.com\\\/wp-content\\\/uploads\\\/2018\\\/05\\\/intmega-logo1.png\",\"contentUrl\":\"https:\\\/\\\/www.intmega.com\\\/wp-content\\\/uploads\\\/2018\\\/05\\\/intmega-logo1.png\",\"width\":377,\"height\":90,\"caption\":\"iNTMEGA\"},\"image\":{\"@id\":\"https:\\\/\\\/www.intmega.com\\\/en\\\/#\\\/schema\\\/logo\\\/image\\\/\"},\"sameAs\":[\"https:\\\/\\\/x.com\\\/intmega1993\",\"https:\\\/\\\/www.instagram.com\\\/intmega\\\/\",\"https:\\\/\\\/www.linkedin.com\\\/company\\\/intmega\\\/\",\"https:\\\/\\\/www.youtube.com\\\/channel\\\/UCpkJ10Pg0qMM7DWfZ2RGlPw?view_as=subscriber\"]}]}<\/script>\n<!-- \/ Yoast SEO plugin. -->","yoast_head_json":{"title":"23 Series Total Hydrocarbon Analyser - iNTMEGA","robots":{"index":"index","follow":"follow","max-snippet":"max-snippet:-1","max-image-preview":"max-image-preview:large","max-video-preview":"max-video-preview:-1"},"canonical":"https:\/\/www.intmega.com\/en\/products\/gas-chromatographs\/23-series-total-hydrocarbon-analyser\/","og_locale":"en_US","og_type":"article","og_title":"23 Series Total Hydrocarbon Analyser - iNTMEGA","og_description":"[vc_row][vc_column][vc_column_text]The\u00a0Series 23\u00a0uses the Flame Ionisation Detector (FID), which measures Hydrocarbons present in a sample stream. The family of Total Hydrocarbon Gas Analysers is now available in a newly designed format and offers three variations. Series 2300 % to ppm levels [&hellip;]","og_url":"https:\/\/www.intmega.com\/en\/products\/gas-chromatographs\/23-series-total-hydrocarbon-analyser\/","og_site_name":"iNTMEGA","article_modified_time":"2019-04-05T15:35:43+00:00","og_image":[{"width":910,"height":910,"url":"https:\/\/www.intmega.com\/wp-content\/uploads\/2019\/04\/AGC-NovaSTREAM-23-Analyser-1.jpg","type":"image\/jpeg"}],"twitter_card":"summary_large_image","twitter_site":"@intmega1993","twitter_misc":{"Est. reading time":"1 minute"},"schema":{"@context":"https:\/\/schema.org","@graph":[{"@type":"WebPage","@id":"https:\/\/www.intmega.com\/en\/products\/gas-chromatographs\/23-series-total-hydrocarbon-analyser\/","url":"https:\/\/www.intmega.com\/en\/products\/gas-chromatographs\/23-series-total-hydrocarbon-analyser\/","name":"23 Series Total Hydrocarbon Analyser - iNTMEGA","isPartOf":{"@id":"https:\/\/www.intmega.com\/en\/#website"},"primaryImageOfPage":{"@id":"https:\/\/www.intmega.com\/en\/products\/gas-chromatographs\/23-series-total-hydrocarbon-analyser\/#primaryimage"},"image":{"@id":"https:\/\/www.intmega.com\/en\/products\/gas-chromatographs\/23-series-total-hydrocarbon-analyser\/#primaryimage"},"thumbnailUrl":"https:\/\/www.intmega.com\/wp-content\/uploads\/2019\/04\/AGC-NovaSTREAM-23-Analyser-1.jpg","datePublished":"2019-04-05T15:29:14+00:00","dateModified":"2019-04-05T15:35:43+00:00","breadcrumb":{"@id":"https:\/\/www.intmega.com\/en\/products\/gas-chromatographs\/23-series-total-hydrocarbon-analyser\/#breadcrumb"},"inLanguage":"en-US","potentialAction":[{"@type":"ReadAction","target":["https:\/\/www.intmega.com\/en\/products\/gas-chromatographs\/23-series-total-hydrocarbon-analyser\/"]}]},{"@type":"ImageObject","inLanguage":"en-US","@id":"https:\/\/www.intmega.com\/en\/products\/gas-chromatographs\/23-series-total-hydrocarbon-analyser\/#primaryimage","url":"https:\/\/www.intmega.com\/wp-content\/uploads\/2019\/04\/AGC-NovaSTREAM-23-Analyser-1.jpg","contentUrl":"https:\/\/www.intmega.com\/wp-content\/uploads\/2019\/04\/AGC-NovaSTREAM-23-Analyser-1.jpg","width":910,"height":910},{"@type":"BreadcrumbList","@id":"https:\/\/www.intmega.com\/en\/products\/gas-chromatographs\/23-series-total-hydrocarbon-analyser\/#breadcrumb","itemListElement":[{"@type":"ListItem","position":1,"name":"Ana sayfa","item":"https:\/\/www.intmega.com\/en\/"},{"@type":"ListItem","position":2,"name":"Products","item":"https:\/\/www.intmega.com\/en\/products\/"},{"@type":"ListItem","position":3,"name":"23 Series Total Hydrocarbon Analyser"}]},{"@type":"WebSite","@id":"https:\/\/www.intmega.com\/en\/#website","url":"https:\/\/www.intmega.com\/en\/","name":"iNTMEGA","description":"Partik\u00fcl Say\u0131m Cihazlar\u0131","publisher":{"@id":"https:\/\/www.intmega.com\/en\/#organization"},"potentialAction":[{"@type":"SearchAction","target":{"@type":"EntryPoint","urlTemplate":"https:\/\/www.intmega.com\/en\/?s={search_term_string}"},"query-input":{"@type":"PropertyValueSpecification","valueRequired":true,"valueName":"search_term_string"}}],"inLanguage":"en-US"},{"@type":"Organization","@id":"https:\/\/www.intmega.com\/en\/#organization","name":"iNTMEGA","url":"https:\/\/www.intmega.com\/en\/","logo":{"@type":"ImageObject","inLanguage":"en-US","@id":"https:\/\/www.intmega.com\/en\/#\/schema\/logo\/image\/","url":"https:\/\/www.intmega.com\/wp-content\/uploads\/2018\/05\/intmega-logo1.png","contentUrl":"https:\/\/www.intmega.com\/wp-content\/uploads\/2018\/05\/intmega-logo1.png","width":377,"height":90,"caption":"iNTMEGA"},"image":{"@id":"https:\/\/www.intmega.com\/en\/#\/schema\/logo\/image\/"},"sameAs":["https:\/\/x.com\/intmega1993","https:\/\/www.instagram.com\/intmega\/","https:\/\/www.linkedin.com\/company\/intmega\/","https:\/\/www.youtube.com\/channel\/UCpkJ10Pg0qMM7DWfZ2RGlPw?view_as=subscriber"]}]}},"_links":{"self":[{"href":"https:\/\/www.intmega.com\/en\/wp-json\/wp\/v2\/product\/1556","targetHints":{"allow":["GET"]}}],"collection":[{"href":"https:\/\/www.intmega.com\/en\/wp-json\/wp\/v2\/product"}],"about":[{"href":"https:\/\/www.intmega.com\/en\/wp-json\/wp\/v2\/types\/product"}],"wp:featuredmedia":[{"embeddable":true,"href":"https:\/\/www.intmega.com\/en\/wp-json\/wp\/v2\/media\/1600"}],"wp:attachment":[{"href":"https:\/\/www.intmega.com\/en\/wp-json\/wp\/v2\/media?parent=1556"}],"wp:term":[{"taxonomy":"product_brand","embeddable":true,"href":"https:\/\/www.intmega.com\/en\/wp-json\/wp\/v2\/product_brand?post=1556"},{"taxonomy":"product_cat","embeddable":true,"href":"https:\/\/www.intmega.com\/en\/wp-json\/wp\/v2\/product_cat?post=1556"},{"taxonomy":"product_tag","embeddable":true,"href":"https:\/\/www.intmega.com\/en\/wp-json\/wp\/v2\/product_tag?post=1556"}],"curies":[{"name":"wp","href":"https:\/\/api.w.org\/{rel}","templated":true}]}}