{"id":1269,"date":"2018-04-12T17:39:19","date_gmt":"2018-04-12T14:39:19","guid":{"rendered":"https:\/\/www.intmega.com\/urunler\/uncategorized\/lab-coats\/"},"modified":"2018-05-29T15:22:11","modified_gmt":"2018-05-29T12:22:11","slug":"lab-coats","status":"publish","type":"product","link":"https:\/\/www.intmega.com\/en\/products\/cleanroom-apparel\/lab-coats\/","title":{"rendered":"Lab Coats"},"content":{"rendered":"<div class=\"wpb-content-wrapper\"><p>[vc_row][vc_column][vc_column_text]An elite selection of lab coats and protective apparel to get their job done.\u00a0 Lab coats, by Fashion Seal Healthcare\u00ae, are packed with features including:<\/p>\n<ul>\n<li>Pockets for all of your electronics<\/li>\n<li>Color options<\/li>\n<li>Specialty coats<\/li>\n<li>Wide range of lengths &amp; sizes<\/li>\n<li>Protective coats<\/li>\n<li>Women&#8217;s, Men&#8217;s &amp; Unisex styles<\/li>\n<li>And so much more!<\/li>\n<\/ul>\n<p>Personalize your lab coat with embroidery featuring your name or company logo for that added touch.[\/vc_column_text][\/vc_column][\/vc_row][vc_row css=&#8221;.vc_custom_1527595434689{padding-top: 40px !important;}&#8221;][vc_column width=&#8221;1\/2&#8243;]<a itemprop=\"url\" href=\"https:\/\/drive.google.com\/open?id=0ByNNM-920m6_SzdvZ0RsbEJSWGM\" target=\"_blank\"  class=\"mkdf-btn mkdf-btn-medium mkdf-btn-solid mkdf-btn-solid-dark mkdf-btn-icon\"  >\n    <span class=\"mkdf-btn-text\">Download Catalog (PDF)<\/span>\n    <span class=\"mkdf-btn-icon-holder\">\n        <span class=\"mkdf-btn-icon-normal\" ><i class=\"mkdf-icon-font-awesome fa fa-download \" ><\/i><\/span>\n        <span class=\"mkdf-btn-icon-flip\" ><i class=\"mkdf-icon-font-awesome fa fa-download \" ><\/i><\/span>\n    <\/span>\n<\/a>[\/vc_column][vc_column width=&#8221;1\/2&#8243;]<a itemprop=\"url\" href=\"https:\/\/www.intmega.com\/en\/contact-us\/\" target=\"_self\"  class=\"mkdf-btn mkdf-btn-medium mkdf-btn-solid mkdf-btn-solid-dark mkdf-btn-icon\"  >\n    <span class=\"mkdf-btn-text\">Reach to Us<\/span>\n    <span class=\"mkdf-btn-icon-holder\">\n        <span class=\"mkdf-btn-icon-normal\" ><i class=\"mkdf-icon-font-awesome fa fa-arrow-right \" ><\/i><\/span>\n        <span class=\"mkdf-btn-icon-flip\" ><i class=\"mkdf-icon-font-awesome fa fa-arrow-right \" ><\/i><\/span>\n    <\/span>\n<\/a>[\/vc_column][\/vc_row]<\/p>\n<\/div>","protected":false},"excerpt":{"rendered":"<p>[vc_row][vc_column][vc_column_text]An elite selection of lab coats and protective apparel to get their job done.\u00a0 Lab coats, by Fashion Seal Healthcare\u00ae, are packed with features including: Pockets for all of your electronics Color options Specialty coats Wide range of lengths &amp; [&hellip;]<\/p>\n","protected":false},"featured_media":1286,"template":"","meta":{"_monsterinsights_skip_tracking":false,"_monsterinsights_sitenote_active":false,"_monsterinsights_sitenote_note":"","_monsterinsights_sitenote_category":0},"product_brand":[],"product_cat":[35],"product_tag":[],"class_list":{"0":"post-1269","1":"product","2":"type-product","3":"status-publish","4":"has-post-thumbnail","6":"product_cat-cleanroom-apparel","8":"first","9":"instock","10":"shipping-taxable","11":"product-type-simple"},"yoast_head":"<!-- This site is optimized with the Yoast SEO plugin v27.3 - https:\/\/yoast.com\/product\/yoast-seo-wordpress\/ -->\n<title>Lab Coats - iNTMEGA<\/title>\n<meta name=\"robots\" content=\"index, follow, max-snippet:-1, max-image-preview:large, max-video-preview:-1\" \/>\n<link rel=\"canonical\" href=\"https:\/\/www.intmega.com\/en\/products\/cleanroom-apparel\/lab-coats\/\" \/>\n<meta property=\"og:locale\" content=\"en_US\" \/>\n<meta property=\"og:type\" content=\"article\" \/>\n<meta property=\"og:title\" content=\"Lab Coats - iNTMEGA\" \/>\n<meta property=\"og:description\" content=\"[vc_row][vc_column][vc_column_text]An elite selection of lab coats and protective apparel to get their job done.\u00a0 Lab coats, by Fashion Seal Healthcare\u00ae, are packed with features including: Pockets for all of your electronics Color options Specialty coats Wide range of lengths &amp; [&hellip;]\" \/>\n<meta property=\"og:url\" content=\"https:\/\/www.intmega.com\/en\/products\/cleanroom-apparel\/lab-coats\/\" \/>\n<meta property=\"og:site_name\" content=\"iNTMEGA\" \/>\n<meta property=\"article:modified_time\" content=\"2018-05-29T12:22:11+00:00\" \/>\n<meta property=\"og:image\" content=\"https:\/\/www.intmega.com\/wp-content\/uploads\/2018\/04\/laboratuvat-onlukleri-cat-intmega-1.jpg\" \/>\n\t<meta property=\"og:image:width\" content=\"604\" \/>\n\t<meta property=\"og:image:height\" content=\"604\" \/>\n\t<meta property=\"og:image:type\" content=\"image\/jpeg\" \/>\n<meta name=\"twitter:card\" content=\"summary_large_image\" \/>\n<meta name=\"twitter:site\" content=\"@intmega1993\" \/>\n<meta name=\"twitter:label1\" content=\"Est. reading time\" \/>\n\t<meta name=\"twitter:data1\" content=\"1 minute\" \/>\n<script type=\"application\/ld+json\" class=\"yoast-schema-graph\">{\"@context\":\"https:\\\/\\\/schema.org\",\"@graph\":[{\"@type\":\"WebPage\",\"@id\":\"https:\\\/\\\/www.intmega.com\\\/en\\\/products\\\/cleanroom-apparel\\\/lab-coats\\\/\",\"url\":\"https:\\\/\\\/www.intmega.com\\\/en\\\/products\\\/cleanroom-apparel\\\/lab-coats\\\/\",\"name\":\"Lab Coats - iNTMEGA\",\"isPartOf\":{\"@id\":\"https:\\\/\\\/www.intmega.com\\\/en\\\/#website\"},\"primaryImageOfPage\":{\"@id\":\"https:\\\/\\\/www.intmega.com\\\/en\\\/products\\\/cleanroom-apparel\\\/lab-coats\\\/#primaryimage\"},\"image\":{\"@id\":\"https:\\\/\\\/www.intmega.com\\\/en\\\/products\\\/cleanroom-apparel\\\/lab-coats\\\/#primaryimage\"},\"thumbnailUrl\":\"https:\\\/\\\/www.intmega.com\\\/wp-content\\\/uploads\\\/2018\\\/04\\\/laboratuvat-onlukleri-cat-intmega-1.jpg\",\"datePublished\":\"2018-04-12T14:39:19+00:00\",\"dateModified\":\"2018-05-29T12:22:11+00:00\",\"breadcrumb\":{\"@id\":\"https:\\\/\\\/www.intmega.com\\\/en\\\/products\\\/cleanroom-apparel\\\/lab-coats\\\/#breadcrumb\"},\"inLanguage\":\"en-US\",\"potentialAction\":[{\"@type\":\"ReadAction\",\"target\":[\"https:\\\/\\\/www.intmega.com\\\/en\\\/products\\\/cleanroom-apparel\\\/lab-coats\\\/\"]}]},{\"@type\":\"ImageObject\",\"inLanguage\":\"en-US\",\"@id\":\"https:\\\/\\\/www.intmega.com\\\/en\\\/products\\\/cleanroom-apparel\\\/lab-coats\\\/#primaryimage\",\"url\":\"https:\\\/\\\/www.intmega.com\\\/wp-content\\\/uploads\\\/2018\\\/04\\\/laboratuvat-onlukleri-cat-intmega-1.jpg\",\"contentUrl\":\"https:\\\/\\\/www.intmega.com\\\/wp-content\\\/uploads\\\/2018\\\/04\\\/laboratuvat-onlukleri-cat-intmega-1.jpg\",\"width\":604,\"height\":604},{\"@type\":\"BreadcrumbList\",\"@id\":\"https:\\\/\\\/www.intmega.com\\\/en\\\/products\\\/cleanroom-apparel\\\/lab-coats\\\/#breadcrumb\",\"itemListElement\":[{\"@type\":\"ListItem\",\"position\":1,\"name\":\"Ana sayfa\",\"item\":\"https:\\\/\\\/www.intmega.com\\\/en\\\/\"},{\"@type\":\"ListItem\",\"position\":2,\"name\":\"Products\",\"item\":\"https:\\\/\\\/www.intmega.com\\\/en\\\/products\\\/\"},{\"@type\":\"ListItem\",\"position\":3,\"name\":\"Lab Coats\"}]},{\"@type\":\"WebSite\",\"@id\":\"https:\\\/\\\/www.intmega.com\\\/en\\\/#website\",\"url\":\"https:\\\/\\\/www.intmega.com\\\/en\\\/\",\"name\":\"iNTMEGA\",\"description\":\"Partik\u00fcl Say\u0131m Cihazlar\u0131\",\"publisher\":{\"@id\":\"https:\\\/\\\/www.intmega.com\\\/en\\\/#organization\"},\"potentialAction\":[{\"@type\":\"SearchAction\",\"target\":{\"@type\":\"EntryPoint\",\"urlTemplate\":\"https:\\\/\\\/www.intmega.com\\\/en\\\/?s={search_term_string}\"},\"query-input\":{\"@type\":\"PropertyValueSpecification\",\"valueRequired\":true,\"valueName\":\"search_term_string\"}}],\"inLanguage\":\"en-US\"},{\"@type\":\"Organization\",\"@id\":\"https:\\\/\\\/www.intmega.com\\\/en\\\/#organization\",\"name\":\"iNTMEGA\",\"url\":\"https:\\\/\\\/www.intmega.com\\\/en\\\/\",\"logo\":{\"@type\":\"ImageObject\",\"inLanguage\":\"en-US\",\"@id\":\"https:\\\/\\\/www.intmega.com\\\/en\\\/#\\\/schema\\\/logo\\\/image\\\/\",\"url\":\"https:\\\/\\\/www.intmega.com\\\/wp-content\\\/uploads\\\/2018\\\/05\\\/intmega-logo1.png\",\"contentUrl\":\"https:\\\/\\\/www.intmega.com\\\/wp-content\\\/uploads\\\/2018\\\/05\\\/intmega-logo1.png\",\"width\":377,\"height\":90,\"caption\":\"iNTMEGA\"},\"image\":{\"@id\":\"https:\\\/\\\/www.intmega.com\\\/en\\\/#\\\/schema\\\/logo\\\/image\\\/\"},\"sameAs\":[\"https:\\\/\\\/x.com\\\/intmega1993\",\"https:\\\/\\\/www.instagram.com\\\/intmega\\\/\",\"https:\\\/\\\/www.linkedin.com\\\/company\\\/intmega\\\/\",\"https:\\\/\\\/www.youtube.com\\\/channel\\\/UCpkJ10Pg0qMM7DWfZ2RGlPw?view_as=subscriber\"]}]}<\/script>\n<!-- \/ Yoast SEO plugin. -->","yoast_head_json":{"title":"Lab Coats - iNTMEGA","robots":{"index":"index","follow":"follow","max-snippet":"max-snippet:-1","max-image-preview":"max-image-preview:large","max-video-preview":"max-video-preview:-1"},"canonical":"https:\/\/www.intmega.com\/en\/products\/cleanroom-apparel\/lab-coats\/","og_locale":"en_US","og_type":"article","og_title":"Lab Coats - iNTMEGA","og_description":"[vc_row][vc_column][vc_column_text]An elite selection of lab coats and protective apparel to get their job done.\u00a0 Lab coats, by Fashion Seal Healthcare\u00ae, are packed with features including: Pockets for all of your electronics Color options Specialty coats Wide range of lengths &amp; [&hellip;]","og_url":"https:\/\/www.intmega.com\/en\/products\/cleanroom-apparel\/lab-coats\/","og_site_name":"iNTMEGA","article_modified_time":"2018-05-29T12:22:11+00:00","og_image":[{"width":604,"height":604,"url":"https:\/\/www.intmega.com\/wp-content\/uploads\/2018\/04\/laboratuvat-onlukleri-cat-intmega-1.jpg","type":"image\/jpeg"}],"twitter_card":"summary_large_image","twitter_site":"@intmega1993","twitter_misc":{"Est. reading time":"1 minute"},"schema":{"@context":"https:\/\/schema.org","@graph":[{"@type":"WebPage","@id":"https:\/\/www.intmega.com\/en\/products\/cleanroom-apparel\/lab-coats\/","url":"https:\/\/www.intmega.com\/en\/products\/cleanroom-apparel\/lab-coats\/","name":"Lab Coats - iNTMEGA","isPartOf":{"@id":"https:\/\/www.intmega.com\/en\/#website"},"primaryImageOfPage":{"@id":"https:\/\/www.intmega.com\/en\/products\/cleanroom-apparel\/lab-coats\/#primaryimage"},"image":{"@id":"https:\/\/www.intmega.com\/en\/products\/cleanroom-apparel\/lab-coats\/#primaryimage"},"thumbnailUrl":"https:\/\/www.intmega.com\/wp-content\/uploads\/2018\/04\/laboratuvat-onlukleri-cat-intmega-1.jpg","datePublished":"2018-04-12T14:39:19+00:00","dateModified":"2018-05-29T12:22:11+00:00","breadcrumb":{"@id":"https:\/\/www.intmega.com\/en\/products\/cleanroom-apparel\/lab-coats\/#breadcrumb"},"inLanguage":"en-US","potentialAction":[{"@type":"ReadAction","target":["https:\/\/www.intmega.com\/en\/products\/cleanroom-apparel\/lab-coats\/"]}]},{"@type":"ImageObject","inLanguage":"en-US","@id":"https:\/\/www.intmega.com\/en\/products\/cleanroom-apparel\/lab-coats\/#primaryimage","url":"https:\/\/www.intmega.com\/wp-content\/uploads\/2018\/04\/laboratuvat-onlukleri-cat-intmega-1.jpg","contentUrl":"https:\/\/www.intmega.com\/wp-content\/uploads\/2018\/04\/laboratuvat-onlukleri-cat-intmega-1.jpg","width":604,"height":604},{"@type":"BreadcrumbList","@id":"https:\/\/www.intmega.com\/en\/products\/cleanroom-apparel\/lab-coats\/#breadcrumb","itemListElement":[{"@type":"ListItem","position":1,"name":"Ana sayfa","item":"https:\/\/www.intmega.com\/en\/"},{"@type":"ListItem","position":2,"name":"Products","item":"https:\/\/www.intmega.com\/en\/products\/"},{"@type":"ListItem","position":3,"name":"Lab Coats"}]},{"@type":"WebSite","@id":"https:\/\/www.intmega.com\/en\/#website","url":"https:\/\/www.intmega.com\/en\/","name":"iNTMEGA","description":"Partik\u00fcl Say\u0131m Cihazlar\u0131","publisher":{"@id":"https:\/\/www.intmega.com\/en\/#organization"},"potentialAction":[{"@type":"SearchAction","target":{"@type":"EntryPoint","urlTemplate":"https:\/\/www.intmega.com\/en\/?s={search_term_string}"},"query-input":{"@type":"PropertyValueSpecification","valueRequired":true,"valueName":"search_term_string"}}],"inLanguage":"en-US"},{"@type":"Organization","@id":"https:\/\/www.intmega.com\/en\/#organization","name":"iNTMEGA","url":"https:\/\/www.intmega.com\/en\/","logo":{"@type":"ImageObject","inLanguage":"en-US","@id":"https:\/\/www.intmega.com\/en\/#\/schema\/logo\/image\/","url":"https:\/\/www.intmega.com\/wp-content\/uploads\/2018\/05\/intmega-logo1.png","contentUrl":"https:\/\/www.intmega.com\/wp-content\/uploads\/2018\/05\/intmega-logo1.png","width":377,"height":90,"caption":"iNTMEGA"},"image":{"@id":"https:\/\/www.intmega.com\/en\/#\/schema\/logo\/image\/"},"sameAs":["https:\/\/x.com\/intmega1993","https:\/\/www.instagram.com\/intmega\/","https:\/\/www.linkedin.com\/company\/intmega\/","https:\/\/www.youtube.com\/channel\/UCpkJ10Pg0qMM7DWfZ2RGlPw?view_as=subscriber"]}]}},"_links":{"self":[{"href":"https:\/\/www.intmega.com\/en\/wp-json\/wp\/v2\/product\/1269","targetHints":{"allow":["GET"]}}],"collection":[{"href":"https:\/\/www.intmega.com\/en\/wp-json\/wp\/v2\/product"}],"about":[{"href":"https:\/\/www.intmega.com\/en\/wp-json\/wp\/v2\/types\/product"}],"wp:featuredmedia":[{"embeddable":true,"href":"https:\/\/www.intmega.com\/en\/wp-json\/wp\/v2\/media\/1286"}],"wp:attachment":[{"href":"https:\/\/www.intmega.com\/en\/wp-json\/wp\/v2\/media?parent=1269"}],"wp:term":[{"taxonomy":"product_brand","embeddable":true,"href":"https:\/\/www.intmega.com\/en\/wp-json\/wp\/v2\/product_brand?post=1269"},{"taxonomy":"product_cat","embeddable":true,"href":"https:\/\/www.intmega.com\/en\/wp-json\/wp\/v2\/product_cat?post=1269"},{"taxonomy":"product_tag","embeddable":true,"href":"https:\/\/www.intmega.com\/en\/wp-json\/wp\/v2\/product_tag?post=1269"}],"curies":[{"name":"wp","href":"https:\/\/api.w.org\/{rel}","templated":true}]}}