{"id":386,"date":"2018-04-18T12:03:02","date_gmt":"2018-04-18T09:03:02","guid":{"rendered":"https:\/\/www.intmega.com\/?page_id=386"},"modified":"2026-03-29T10:14:29","modified_gmt":"2026-03-29T07:14:29","slug":"about-us","status":"publish","type":"page","link":"https:\/\/www.intmega.com\/en\/about-us\/","title":{"rendered":"About Us"},"content":{"rendered":"<div class=\"wpb-content-wrapper\"><p>[vc_section css=&#8221;.vc_custom_1524079097111{background-color: #f7f7f7 !important;}&#8221;][vc_row row_content_width=&#8221;grid&#8221; css=&#8221;.vc_custom_1524043920471{padding-top: 50px !important;padding-bottom: 21px !important;}&#8221;][vc_column width=&#8221;1\/2&#8243;][vc_single_image image=&#8221;269&#8243; img_size=&#8221;full&#8221;][vc_empty_space][\/vc_column][vc_column width=&#8221;1\/2&#8243;][vc_column_text]iNTMEGA was founded in 1993 by Atalay Gen\u00e7ler, who brought particle counter to Turkey for the first time in order to bring the high-tech products needed by the industry to the local businesses.iNTMEGA, as an authorized<\/p>\n<p>Turkey and Regional distributor of world leader producers is an effective solution partner with advanced technology products and services offered to various sectors and institutions such as pharmaceutical industry, electronics, automotive, food, defense industry, aviation and space industry, hospitals, ARGE centers and universities.<\/p>\n<p>iNTMEGA provides domestic and international sales of high-tech precision measurement and analysis instruments and systems, supply of equipment consumables, periodical maintenance \/ repair and calibration services uninterruptedly and single-handedly with its expert technical staff and state-of-the-art equipment from its center in Istanbul.[\/vc_column_text][\/vc_column][\/vc_row][vc_row row_content_width=&#8221;grid&#8221; css=&#8221;.vc_custom_1524041886199{padding-bottom: 30px !important;}&#8221;][vc_column][vc_column_text]iNTMEGA, in the 25 years since its establishment, as the distributor of the most rigid and reliable device\u2019s manufacturers, has always undertaken the responsibility of the devices they\u2019ve supplied. The company continues to develop its standard of service at the manufacturer level with its experienced colleagues who have worked with them for many years, with the corporate culture they\u2019ve formed and with the experience gain with their valuable customers.[\/vc_column_text][\/vc_column][\/vc_row][\/vc_section][vc_section css=&#8221;.vc_custom_1524072997403{padding-bottom: 60px !important;}&#8221;][vc_row row_content_width=&#8221;grid&#8221;][vc_column][vc_custom_heading text=&#8221;The Distributorship brands:&#8221; font_container=&#8221;tag:h3|text_align:left&#8221; use_theme_fonts=&#8221;yes&#8221;][\/vc_column][\/vc_row][vc_row row_content_width=&#8221;grid&#8221; css=&#8221;.vc_custom_1524058943017{padding-top: 30px !important;padding-bottom: 30px !important;}&#8221;][vc_column width=&#8221;1\/2&#8243;][vc_single_image image=&#8221;2267&#8243; img_size=&#8221;280&#215;61&#8243; css=&#8221;&#8221;][vc_column_text css=&#8221;&#8221;]<strong>Kanomax (USA)<\/strong><\/p>\n<p><em><strong>Distributorship of E-MENA (North Africa, Middle East, Turkic Republics) Region<\/strong><\/em><\/p>\n<p>Kanomax is a globally recognized manufacturer that develops high-precision measurement technologies in the fields of particle measurement and fluid dynamics. Headquartered in Japan, the Kanomax Group leverages over 80 years of experience to deliver advanced solutions in environmental measurement, cleanroom control, and industrial process optimization.[\/vc_column_text][\/vc_column][vc_column width=&#8221;1\/2&#8243;][vc_single_image image=&#8221;448&#8243; img_size=&#8221;full&#8221;][vc_column_text]<strong>Pamas (Germany)<\/strong><\/p>\n<p><em><strong>Distributorship of Turkey<\/strong><\/em><\/p>\n<p>Founded in 1992, PAMAS develops and manufactures liquid particle counters to measure particulate contamination in liquids. The highly sophisticated optical sensors are manufactured at the company plant in Germany. Due to its own department for Research and Development, PAMAS is market leader in high-quality liquid particle counters for contamination control and size distribution analysis with high accuracy and reproducibility.[\/vc_column_text][\/vc_column][\/vc_row][vc_row row_content_width=&#8221;grid&#8221;][vc_column width=&#8221;1\/3&#8243;][vc_single_image image=&#8221;461&#8243; img_size=&#8221;full&#8221;][vc_column_text]<strong>Brimrose (USA)<\/strong><\/p>\n<p><em><strong>Distributorship of Turkey<\/strong><\/em><\/p>\n<p>Established in 1980 by Dr. Ronald Rosemeier, Brimrose Corp is a designer and manufacturer of high quality, ruggedized acousto-optic components, near infrared (NIR) spectrometers, hyperspectral imagers and tunable light sources. Nasa\u2019s research on the surface of Mars has chosen Brimrose\u2019s high-tech analysis equipment.[\/vc_column_text][\/vc_column][vc_column width=&#8221;1\/3&#8243;][vc_single_image image=&#8221;463&#8243; img_size=&#8221;full&#8221;][vc_column_text]<strong>AGC Instruments (Ireland)<\/strong><\/p>\n<p><em><strong>Distributorship of Turkey<\/strong><\/em><\/p>\n<p>AGC Instruments with over 50 years\u2019 experience in providing \u201cTotal Gas Analysis Solutions\u201d, is a leading European manufacturer and AGC ensures an analytical solution that meets the needs and a system that is easy to use and understand. Manufactures Gas Chromatographs, Process Gas Chromatographs and Gas Analysers to all users requiring a quality control or identification of their gas stream. The analytical solutions are used in a wide variety of Industries, ranging from the Industrial Gas\/Specialty Gas\/Bulk Gas\/Corrosive Gas to Petrochemical Industry to the Refinery Industry.[\/vc_column_text][\/vc_column][vc_column width=&#8221;1\/3&#8243;][vc_single_image image=&#8221;465&#8243; img_size=&#8221;full&#8221;][vc_column_text]<strong>Worklon \u2013 Superior Uniform Group (USA)<\/strong><\/p>\n<p><em><strong>Distributorship of Turkey<\/strong><\/em><\/p>\n<p>Superior Uniform Group\u00ae designs and manufactures employee uniforms, image apparel, scrubs and patient apparel.<br \/>Their award-winning uniform programs and image apparel solutions, give employees an image that matches their professionalism.[\/vc_column_text][\/vc_column][\/vc_row][\/vc_section][vc_section css=&#8221;.vc_custom_1524079147097{background-color: #f7f7f7 !important;}&#8221;][vc_row row_content_width=&#8221;grid&#8221;][vc_column][vc_masonry_media_grid grid_id=&#8221;vc_gid:1774603855455-96affa134bb6b5b2ca99936ceba9dd6c-10&#8243; include=&#8221;151,175,173,171,169,167,165,163,161,159,157,155,153&#8243;][\/vc_column][\/vc_row][\/vc_section][vc_row row_content_width=&#8221;grid&#8221; simple_background_color=&#8221;#43d5cb&#8221; css=&#8221;.vc_custom_1524079185265{padding-top: 37px !important;}&#8221;][vc_column]<div class=\"mkdf-call-to-action-holder  mkdf-normal-layout mkdf-content-in-grid no-proportion\">\n\t<div class=\"mkdf-cta-inner  mkdf-grid\">\n\t\t<div class=\"mkdf-cta-text-holder\">\n\t\t\t<div class=\"mkdf-cta-text\"><span style=\"color: #ffffff;\">Would you like to know more about our company?<\/span><\/div>\n\t\t<\/div>\n\t\t<div class=\"mkdf-cta-button-holder\" >\n\t\t\t\t\t\t<div class=\"mkdf-cta-button\"><a itemprop=\"url\" href=\"\/en\/contact-us\/\" target=\"_self\"  class=\"mkdf-btn mkdf-btn-medium mkdf-btn-solid mkdf-btn-solid-light mkdf-btn-icon\"  >    <span class=\"mkdf-btn-text\">Contact Us<\/span>    <span class=\"mkdf-btn-icon-holder\">        <span class=\"mkdf-btn-icon-normal\" ><i class=\"mkdf-icon-ion-icon ion-chevron-right \" ><\/i><\/span>        <span class=\"mkdf-btn-icon-flip\" ><i class=\"mkdf-icon-ion-icon ion-chevron-right \" ><\/i><\/span>    <\/span><\/a><\/div>\n\t\t<\/div>\n\t<\/div>\n<\/div>[\/vc_column][\/vc_row]<\/p>\n<\/div>","protected":false},"excerpt":{"rendered":"<p>[vc_section css=&#8221;.vc_custom_1524079097111{background-color: #f7f7f7 !important;}&#8221;][vc_row row_content_width=&#8221;grid&#8221; css=&#8221;.vc_custom_1524043920471{padding-top: 50px !important;padding-bottom: 21px !important;}&#8221;][vc_column width=&#8221;1\/2&#8243;][vc_single_image image=&#8221;269&#8243; img_size=&#8221;full&#8221;][vc_empty_space][\/vc_column][vc_column width=&#8221;1\/2&#8243;][vc_column_text]iNTMEGA was founded in 1993 by Atalay Gen\u00e7ler, who brought particle counter to Turkey for the first time in order to bring the high-tech products needed by [&hellip;]<\/p>\n","protected":false},"author":1,"featured_media":0,"parent":0,"menu_order":0,"comment_status":"closed","ping_status":"closed","template":"full-width.php","meta":{"_monsterinsights_skip_tracking":false,"_monsterinsights_sitenote_active":false,"_monsterinsights_sitenote_note":"","_monsterinsights_sitenote_category":0,"footnotes":""},"class_list":["post-386","page","type-page","status-publish","hentry"],"yoast_head":"<!-- This site is optimized with the Yoast SEO plugin v27.3 - https:\/\/yoast.com\/product\/yoast-seo-wordpress\/ -->\n<title>About Us - iNTMEGA<\/title>\n<meta name=\"robots\" content=\"index, follow, max-snippet:-1, max-image-preview:large, max-video-preview:-1\" \/>\n<link rel=\"canonical\" href=\"https:\/\/www.intmega.com\/en\/about-us\/\" \/>\n<meta property=\"og:locale\" content=\"en_US\" \/>\n<meta property=\"og:type\" content=\"article\" \/>\n<meta property=\"og:title\" content=\"About Us - iNTMEGA\" \/>\n<meta property=\"og:description\" content=\"[vc_section css=&#8221;.vc_custom_1524079097111{background-color: #f7f7f7 !important;}&#8221;][vc_row row_content_width=&#8221;grid&#8221; css=&#8221;.vc_custom_1524043920471{padding-top: 50px !important;padding-bottom: 21px !important;}&#8221;][vc_column width=&#8221;1\/2&#8243;][vc_single_image image=&#8221;269&#8243; img_size=&#8221;full&#8221;][vc_empty_space][\/vc_column][vc_column width=&#8221;1\/2&#8243;][vc_column_text]iNTMEGA was founded in 1993 by Atalay Gen\u00e7ler, who brought particle counter to Turkey for the first time in order to bring the high-tech products needed by [&hellip;]\" \/>\n<meta property=\"og:url\" content=\"https:\/\/www.intmega.com\/en\/about-us\/\" \/>\n<meta property=\"og:site_name\" content=\"iNTMEGA\" \/>\n<meta property=\"article:modified_time\" content=\"2026-03-29T07:14:29+00:00\" \/>\n<meta name=\"twitter:card\" content=\"summary_large_image\" \/>\n<meta name=\"twitter:site\" content=\"@intmega1993\" \/>\n<meta name=\"twitter:label1\" content=\"Est. reading time\" \/>\n\t<meta name=\"twitter:data1\" content=\"4 minutes\" \/>\n<script type=\"application\/ld+json\" class=\"yoast-schema-graph\">{\"@context\":\"https:\\\/\\\/schema.org\",\"@graph\":[{\"@type\":\"WebPage\",\"@id\":\"https:\\\/\\\/www.intmega.com\\\/en\\\/about-us\\\/\",\"url\":\"https:\\\/\\\/www.intmega.com\\\/en\\\/about-us\\\/\",\"name\":\"About Us - iNTMEGA\",\"isPartOf\":{\"@id\":\"https:\\\/\\\/www.intmega.com\\\/en\\\/#website\"},\"datePublished\":\"2018-04-18T09:03:02+00:00\",\"dateModified\":\"2026-03-29T07:14:29+00:00\",\"breadcrumb\":{\"@id\":\"https:\\\/\\\/www.intmega.com\\\/en\\\/about-us\\\/#breadcrumb\"},\"inLanguage\":\"en-US\",\"potentialAction\":[{\"@type\":\"ReadAction\",\"target\":[\"https:\\\/\\\/www.intmega.com\\\/en\\\/about-us\\\/\"]}]},{\"@type\":\"BreadcrumbList\",\"@id\":\"https:\\\/\\\/www.intmega.com\\\/en\\\/about-us\\\/#breadcrumb\",\"itemListElement\":[{\"@type\":\"ListItem\",\"position\":1,\"name\":\"Ana sayfa\",\"item\":\"https:\\\/\\\/www.intmega.com\\\/en\\\/\"},{\"@type\":\"ListItem\",\"position\":2,\"name\":\"About Us\"}]},{\"@type\":\"WebSite\",\"@id\":\"https:\\\/\\\/www.intmega.com\\\/en\\\/#website\",\"url\":\"https:\\\/\\\/www.intmega.com\\\/en\\\/\",\"name\":\"iNTMEGA\",\"description\":\"Partik\u00fcl Say\u0131m Cihazlar\u0131\",\"publisher\":{\"@id\":\"https:\\\/\\\/www.intmega.com\\\/en\\\/#organization\"},\"potentialAction\":[{\"@type\":\"SearchAction\",\"target\":{\"@type\":\"EntryPoint\",\"urlTemplate\":\"https:\\\/\\\/www.intmega.com\\\/en\\\/?s={search_term_string}\"},\"query-input\":{\"@type\":\"PropertyValueSpecification\",\"valueRequired\":true,\"valueName\":\"search_term_string\"}}],\"inLanguage\":\"en-US\"},{\"@type\":\"Organization\",\"@id\":\"https:\\\/\\\/www.intmega.com\\\/en\\\/#organization\",\"name\":\"iNTMEGA\",\"url\":\"https:\\\/\\\/www.intmega.com\\\/en\\\/\",\"logo\":{\"@type\":\"ImageObject\",\"inLanguage\":\"en-US\",\"@id\":\"https:\\\/\\\/www.intmega.com\\\/en\\\/#\\\/schema\\\/logo\\\/image\\\/\",\"url\":\"https:\\\/\\\/www.intmega.com\\\/wp-content\\\/uploads\\\/2018\\\/05\\\/intmega-logo1.png\",\"contentUrl\":\"https:\\\/\\\/www.intmega.com\\\/wp-content\\\/uploads\\\/2018\\\/05\\\/intmega-logo1.png\",\"width\":377,\"height\":90,\"caption\":\"iNTMEGA\"},\"image\":{\"@id\":\"https:\\\/\\\/www.intmega.com\\\/en\\\/#\\\/schema\\\/logo\\\/image\\\/\"},\"sameAs\":[\"https:\\\/\\\/x.com\\\/intmega1993\",\"https:\\\/\\\/www.instagram.com\\\/intmega\\\/\",\"https:\\\/\\\/www.linkedin.com\\\/company\\\/intmega\\\/\",\"https:\\\/\\\/www.youtube.com\\\/channel\\\/UCpkJ10Pg0qMM7DWfZ2RGlPw?view_as=subscriber\"]}]}<\/script>\n<!-- \/ Yoast SEO plugin. -->","yoast_head_json":{"title":"About Us - iNTMEGA","robots":{"index":"index","follow":"follow","max-snippet":"max-snippet:-1","max-image-preview":"max-image-preview:large","max-video-preview":"max-video-preview:-1"},"canonical":"https:\/\/www.intmega.com\/en\/about-us\/","og_locale":"en_US","og_type":"article","og_title":"About Us - iNTMEGA","og_description":"[vc_section css=&#8221;.vc_custom_1524079097111{background-color: #f7f7f7 !important;}&#8221;][vc_row row_content_width=&#8221;grid&#8221; css=&#8221;.vc_custom_1524043920471{padding-top: 50px !important;padding-bottom: 21px !important;}&#8221;][vc_column width=&#8221;1\/2&#8243;][vc_single_image image=&#8221;269&#8243; img_size=&#8221;full&#8221;][vc_empty_space][\/vc_column][vc_column width=&#8221;1\/2&#8243;][vc_column_text]iNTMEGA was founded in 1993 by Atalay Gen\u00e7ler, who brought particle counter to Turkey for the first time in order to bring the high-tech products needed by [&hellip;]","og_url":"https:\/\/www.intmega.com\/en\/about-us\/","og_site_name":"iNTMEGA","article_modified_time":"2026-03-29T07:14:29+00:00","twitter_card":"summary_large_image","twitter_site":"@intmega1993","twitter_misc":{"Est. reading time":"4 minutes"},"schema":{"@context":"https:\/\/schema.org","@graph":[{"@type":"WebPage","@id":"https:\/\/www.intmega.com\/en\/about-us\/","url":"https:\/\/www.intmega.com\/en\/about-us\/","name":"About Us - iNTMEGA","isPartOf":{"@id":"https:\/\/www.intmega.com\/en\/#website"},"datePublished":"2018-04-18T09:03:02+00:00","dateModified":"2026-03-29T07:14:29+00:00","breadcrumb":{"@id":"https:\/\/www.intmega.com\/en\/about-us\/#breadcrumb"},"inLanguage":"en-US","potentialAction":[{"@type":"ReadAction","target":["https:\/\/www.intmega.com\/en\/about-us\/"]}]},{"@type":"BreadcrumbList","@id":"https:\/\/www.intmega.com\/en\/about-us\/#breadcrumb","itemListElement":[{"@type":"ListItem","position":1,"name":"Ana sayfa","item":"https:\/\/www.intmega.com\/en\/"},{"@type":"ListItem","position":2,"name":"About Us"}]},{"@type":"WebSite","@id":"https:\/\/www.intmega.com\/en\/#website","url":"https:\/\/www.intmega.com\/en\/","name":"iNTMEGA","description":"Partik\u00fcl Say\u0131m Cihazlar\u0131","publisher":{"@id":"https:\/\/www.intmega.com\/en\/#organization"},"potentialAction":[{"@type":"SearchAction","target":{"@type":"EntryPoint","urlTemplate":"https:\/\/www.intmega.com\/en\/?s={search_term_string}"},"query-input":{"@type":"PropertyValueSpecification","valueRequired":true,"valueName":"search_term_string"}}],"inLanguage":"en-US"},{"@type":"Organization","@id":"https:\/\/www.intmega.com\/en\/#organization","name":"iNTMEGA","url":"https:\/\/www.intmega.com\/en\/","logo":{"@type":"ImageObject","inLanguage":"en-US","@id":"https:\/\/www.intmega.com\/en\/#\/schema\/logo\/image\/","url":"https:\/\/www.intmega.com\/wp-content\/uploads\/2018\/05\/intmega-logo1.png","contentUrl":"https:\/\/www.intmega.com\/wp-content\/uploads\/2018\/05\/intmega-logo1.png","width":377,"height":90,"caption":"iNTMEGA"},"image":{"@id":"https:\/\/www.intmega.com\/en\/#\/schema\/logo\/image\/"},"sameAs":["https:\/\/x.com\/intmega1993","https:\/\/www.instagram.com\/intmega\/","https:\/\/www.linkedin.com\/company\/intmega\/","https:\/\/www.youtube.com\/channel\/UCpkJ10Pg0qMM7DWfZ2RGlPw?view_as=subscriber"]}]}},"_links":{"self":[{"href":"https:\/\/www.intmega.com\/en\/wp-json\/wp\/v2\/pages\/386","targetHints":{"allow":["GET"]}}],"collection":[{"href":"https:\/\/www.intmega.com\/en\/wp-json\/wp\/v2\/pages"}],"about":[{"href":"https:\/\/www.intmega.com\/en\/wp-json\/wp\/v2\/types\/page"}],"author":[{"embeddable":true,"href":"https:\/\/www.intmega.com\/en\/wp-json\/wp\/v2\/users\/1"}],"replies":[{"embeddable":true,"href":"https:\/\/www.intmega.com\/en\/wp-json\/wp\/v2\/comments?post=386"}],"version-history":[{"count":38,"href":"https:\/\/www.intmega.com\/en\/wp-json\/wp\/v2\/pages\/386\/revisions"}],"predecessor-version":[{"id":2294,"href":"https:\/\/www.intmega.com\/en\/wp-json\/wp\/v2\/pages\/386\/revisions\/2294"}],"wp:attachment":[{"href":"https:\/\/www.intmega.com\/en\/wp-json\/wp\/v2\/media?parent=386"}],"curies":[{"name":"wp","href":"https:\/\/api.w.org\/{rel}","templated":true}]}}