{"id":1257,"date":"2018-05-23T18:30:46","date_gmt":"2018-05-23T15:30:46","guid":{"rendered":"https:\/\/www.intmega.com\/?page_id=1257"},"modified":"2018-05-23T18:30:46","modified_gmt":"2018-05-23T15:30:46","slug":"references","status":"publish","type":"page","link":"https:\/\/www.intmega.com\/en\/about-us\/references\/","title":{"rendered":"References"},"content":{"rendered":"<div class=\"wpb-content-wrapper\"><p>[vc_section][vc_row][vc_column][vc_gallery type=&#8221;image_grid&#8221; images=&#8221;1019,1017,1015,1013,1011,1009,1007,1005,1003,1001,997,999,995,815,813,811,993,991,989,987,985,983,981,979,977,975,973,971,969,967,965,963,961,959,957,955,951,953,949,947,945,943,941,939,937,935,933,931,929,927,925,923,919,921,917,915,913,911,909,907,905,903,901,899,897,895,893,891,889,887,885,883,881,879,877,875,873,871,869,865,867,863,859,861,857,855,853,851,849,847,845,843,841,839,837,835,833,831,827,829,825,823,821,819,817,809&#8243; img_size=&#8221;full&#8221;][\/vc_column][\/vc_row][\/vc_section][vc_row row_content_width=&#8221;grid&#8221; simple_background_color=&#8221;#43d5cb&#8221; css=&#8221;.vc_custom_1524079185265{padding-top: 37px !important;}&#8221;][vc_column]<div class=\"mkdf-call-to-action-holder  mkdf-normal-layout mkdf-content-in-grid no-proportion\">\n\t<div class=\"mkdf-cta-inner  mkdf-grid\">\n\t\t<div class=\"mkdf-cta-text-holder\">\n\t\t\t<div class=\"mkdf-cta-text\"><span style=\"color: #ffffff;\">Would you like to get more info about us?<\/span><\/div>\n\t\t<\/div>\n\t\t<div class=\"mkdf-cta-button-holder\" >\n\t\t\t\t\t\t<div class=\"mkdf-cta-button\"><a itemprop=\"url\" href=\"\/en\/contact\/\" target=\"_self\"  class=\"mkdf-btn mkdf-btn-medium mkdf-btn-solid mkdf-btn-solid-light mkdf-btn-icon\"  >    <span class=\"mkdf-btn-text\">Bize Ula\u015f\u0131n<\/span>    <span class=\"mkdf-btn-icon-holder\">        <span class=\"mkdf-btn-icon-normal\" ><i class=\"mkdf-icon-ion-icon ion-chevron-right \" ><\/i><\/span>        <span class=\"mkdf-btn-icon-flip\" ><i class=\"mkdf-icon-ion-icon ion-chevron-right \" ><\/i><\/span>    <\/span><\/a><\/div>\n\t\t<\/div>\n\t<\/div>\n<\/div>[\/vc_column][\/vc_row]<\/p>\n<\/div>","protected":false},"excerpt":{"rendered":"<p>[vc_section][vc_row][vc_column][vc_gallery type=&#8221;image_grid&#8221; images=&#8221;1019,1017,1015,1013,1011,1009,1007,1005,1003,1001,997,999,995,815,813,811,993,991,989,987,985,983,981,979,977,975,973,971,969,967,965,963,961,959,957,955,951,953,949,947,945,943,941,939,937,935,933,931,929,927,925,923,919,921,917,915,913,911,909,907,905,903,901,899,897,895,893,891,889,887,885,883,881,879,877,875,873,871,869,865,867,863,859,861,857,855,853,851,849,847,845,843,841,839,837,835,833,831,827,829,825,823,821,819,817,809&#8243; img_size=&#8221;full&#8221;][\/vc_column][\/vc_row][\/vc_section][vc_row row_content_width=&#8221;grid&#8221; simple_background_color=&#8221;#43d5cb&#8221; css=&#8221;.vc_custom_1524079185265{padding-top: 37px !important;}&#8221;][vc_column][\/vc_column][\/vc_row]<\/p>\n","protected":false},"author":1,"featured_media":0,"parent":386,"menu_order":0,"comment_status":"closed","ping_status":"closed","template":"","meta":{"_monsterinsights_skip_tracking":false,"_monsterinsights_sitenote_active":false,"_monsterinsights_sitenote_note":"","_monsterinsights_sitenote_category":0,"footnotes":""},"class_list":["post-1257","page","type-page","status-publish","hentry"],"yoast_head":"<!-- This site is optimized with the Yoast SEO plugin v27.3 - https:\/\/yoast.com\/product\/yoast-seo-wordpress\/ -->\n<title>References - iNTMEGA<\/title>\n<meta name=\"robots\" content=\"index, follow, max-snippet:-1, max-image-preview:large, max-video-preview:-1\" \/>\n<link rel=\"canonical\" href=\"https:\/\/www.intmega.com\/en\/about-us\/references\/\" \/>\n<meta property=\"og:locale\" content=\"en_US\" \/>\n<meta property=\"og:type\" content=\"article\" \/>\n<meta property=\"og:title\" content=\"References - iNTMEGA\" \/>\n<meta property=\"og:description\" content=\"[vc_section][vc_row][vc_column][vc_gallery type=&#8221;image_grid&#8221; images=&#8221;1019,1017,1015,1013,1011,1009,1007,1005,1003,1001,997,999,995,815,813,811,993,991,989,987,985,983,981,979,977,975,973,971,969,967,965,963,961,959,957,955,951,953,949,947,945,943,941,939,937,935,933,931,929,927,925,923,919,921,917,915,913,911,909,907,905,903,901,899,897,895,893,891,889,887,885,883,881,879,877,875,873,871,869,865,867,863,859,861,857,855,853,851,849,847,845,843,841,839,837,835,833,831,827,829,825,823,821,819,817,809&#8243; img_size=&#8221;full&#8221;][\/vc_column][\/vc_row][\/vc_section][vc_row row_content_width=&#8221;grid&#8221; simple_background_color=&#8221;#43d5cb&#8221; css=&#8221;.vc_custom_1524079185265{padding-top: 37px !important;}&#8221;][vc_column][\/vc_column][\/vc_row]\" \/>\n<meta property=\"og:url\" content=\"https:\/\/www.intmega.com\/en\/about-us\/references\/\" \/>\n<meta property=\"og:site_name\" content=\"iNTMEGA\" \/>\n<meta name=\"twitter:card\" content=\"summary_large_image\" \/>\n<meta name=\"twitter:site\" content=\"@intmega1993\" \/>\n<script type=\"application\/ld+json\" class=\"yoast-schema-graph\">{\"@context\":\"https:\\\/\\\/schema.org\",\"@graph\":[{\"@type\":\"WebPage\",\"@id\":\"https:\\\/\\\/www.intmega.com\\\/en\\\/about-us\\\/references\\\/\",\"url\":\"https:\\\/\\\/www.intmega.com\\\/en\\\/about-us\\\/references\\\/\",\"name\":\"References - iNTMEGA\",\"isPartOf\":{\"@id\":\"https:\\\/\\\/www.intmega.com\\\/en\\\/#website\"},\"datePublished\":\"2018-05-23T15:30:46+00:00\",\"breadcrumb\":{\"@id\":\"https:\\\/\\\/www.intmega.com\\\/en\\\/about-us\\\/references\\\/#breadcrumb\"},\"inLanguage\":\"en-US\",\"potentialAction\":[{\"@type\":\"ReadAction\",\"target\":[\"https:\\\/\\\/www.intmega.com\\\/en\\\/about-us\\\/references\\\/\"]}]},{\"@type\":\"BreadcrumbList\",\"@id\":\"https:\\\/\\\/www.intmega.com\\\/en\\\/about-us\\\/references\\\/#breadcrumb\",\"itemListElement\":[{\"@type\":\"ListItem\",\"position\":1,\"name\":\"Ana sayfa\",\"item\":\"https:\\\/\\\/www.intmega.com\\\/en\\\/\"},{\"@type\":\"ListItem\",\"position\":2,\"name\":\"About Us\",\"item\":\"https:\\\/\\\/www.intmega.com\\\/en\\\/about-us\\\/\"},{\"@type\":\"ListItem\",\"position\":3,\"name\":\"References\"}]},{\"@type\":\"WebSite\",\"@id\":\"https:\\\/\\\/www.intmega.com\\\/en\\\/#website\",\"url\":\"https:\\\/\\\/www.intmega.com\\\/en\\\/\",\"name\":\"iNTMEGA\",\"description\":\"Partik\u00fcl Say\u0131m Cihazlar\u0131\",\"publisher\":{\"@id\":\"https:\\\/\\\/www.intmega.com\\\/en\\\/#organization\"},\"potentialAction\":[{\"@type\":\"SearchAction\",\"target\":{\"@type\":\"EntryPoint\",\"urlTemplate\":\"https:\\\/\\\/www.intmega.com\\\/en\\\/?s={search_term_string}\"},\"query-input\":{\"@type\":\"PropertyValueSpecification\",\"valueRequired\":true,\"valueName\":\"search_term_string\"}}],\"inLanguage\":\"en-US\"},{\"@type\":\"Organization\",\"@id\":\"https:\\\/\\\/www.intmega.com\\\/en\\\/#organization\",\"name\":\"iNTMEGA\",\"url\":\"https:\\\/\\\/www.intmega.com\\\/en\\\/\",\"logo\":{\"@type\":\"ImageObject\",\"inLanguage\":\"en-US\",\"@id\":\"https:\\\/\\\/www.intmega.com\\\/en\\\/#\\\/schema\\\/logo\\\/image\\\/\",\"url\":\"https:\\\/\\\/www.intmega.com\\\/wp-content\\\/uploads\\\/2018\\\/05\\\/intmega-logo1.png\",\"contentUrl\":\"https:\\\/\\\/www.intmega.com\\\/wp-content\\\/uploads\\\/2018\\\/05\\\/intmega-logo1.png\",\"width\":377,\"height\":90,\"caption\":\"iNTMEGA\"},\"image\":{\"@id\":\"https:\\\/\\\/www.intmega.com\\\/en\\\/#\\\/schema\\\/logo\\\/image\\\/\"},\"sameAs\":[\"https:\\\/\\\/x.com\\\/intmega1993\",\"https:\\\/\\\/www.instagram.com\\\/intmega\\\/\",\"https:\\\/\\\/www.linkedin.com\\\/company\\\/intmega\\\/\",\"https:\\\/\\\/www.youtube.com\\\/channel\\\/UCpkJ10Pg0qMM7DWfZ2RGlPw?view_as=subscriber\"]}]}<\/script>\n<!-- \/ Yoast SEO plugin. -->","yoast_head_json":{"title":"References - iNTMEGA","robots":{"index":"index","follow":"follow","max-snippet":"max-snippet:-1","max-image-preview":"max-image-preview:large","max-video-preview":"max-video-preview:-1"},"canonical":"https:\/\/www.intmega.com\/en\/about-us\/references\/","og_locale":"en_US","og_type":"article","og_title":"References - iNTMEGA","og_description":"[vc_section][vc_row][vc_column][vc_gallery type=&#8221;image_grid&#8221; images=&#8221;1019,1017,1015,1013,1011,1009,1007,1005,1003,1001,997,999,995,815,813,811,993,991,989,987,985,983,981,979,977,975,973,971,969,967,965,963,961,959,957,955,951,953,949,947,945,943,941,939,937,935,933,931,929,927,925,923,919,921,917,915,913,911,909,907,905,903,901,899,897,895,893,891,889,887,885,883,881,879,877,875,873,871,869,865,867,863,859,861,857,855,853,851,849,847,845,843,841,839,837,835,833,831,827,829,825,823,821,819,817,809&#8243; img_size=&#8221;full&#8221;][\/vc_column][\/vc_row][\/vc_section][vc_row row_content_width=&#8221;grid&#8221; simple_background_color=&#8221;#43d5cb&#8221; css=&#8221;.vc_custom_1524079185265{padding-top: 37px !important;}&#8221;][vc_column][\/vc_column][\/vc_row]","og_url":"https:\/\/www.intmega.com\/en\/about-us\/references\/","og_site_name":"iNTMEGA","twitter_card":"summary_large_image","twitter_site":"@intmega1993","schema":{"@context":"https:\/\/schema.org","@graph":[{"@type":"WebPage","@id":"https:\/\/www.intmega.com\/en\/about-us\/references\/","url":"https:\/\/www.intmega.com\/en\/about-us\/references\/","name":"References - iNTMEGA","isPartOf":{"@id":"https:\/\/www.intmega.com\/en\/#website"},"datePublished":"2018-05-23T15:30:46+00:00","breadcrumb":{"@id":"https:\/\/www.intmega.com\/en\/about-us\/references\/#breadcrumb"},"inLanguage":"en-US","potentialAction":[{"@type":"ReadAction","target":["https:\/\/www.intmega.com\/en\/about-us\/references\/"]}]},{"@type":"BreadcrumbList","@id":"https:\/\/www.intmega.com\/en\/about-us\/references\/#breadcrumb","itemListElement":[{"@type":"ListItem","position":1,"name":"Ana sayfa","item":"https:\/\/www.intmega.com\/en\/"},{"@type":"ListItem","position":2,"name":"About Us","item":"https:\/\/www.intmega.com\/en\/about-us\/"},{"@type":"ListItem","position":3,"name":"References"}]},{"@type":"WebSite","@id":"https:\/\/www.intmega.com\/en\/#website","url":"https:\/\/www.intmega.com\/en\/","name":"iNTMEGA","description":"Partik\u00fcl Say\u0131m Cihazlar\u0131","publisher":{"@id":"https:\/\/www.intmega.com\/en\/#organization"},"potentialAction":[{"@type":"SearchAction","target":{"@type":"EntryPoint","urlTemplate":"https:\/\/www.intmega.com\/en\/?s={search_term_string}"},"query-input":{"@type":"PropertyValueSpecification","valueRequired":true,"valueName":"search_term_string"}}],"inLanguage":"en-US"},{"@type":"Organization","@id":"https:\/\/www.intmega.com\/en\/#organization","name":"iNTMEGA","url":"https:\/\/www.intmega.com\/en\/","logo":{"@type":"ImageObject","inLanguage":"en-US","@id":"https:\/\/www.intmega.com\/en\/#\/schema\/logo\/image\/","url":"https:\/\/www.intmega.com\/wp-content\/uploads\/2018\/05\/intmega-logo1.png","contentUrl":"https:\/\/www.intmega.com\/wp-content\/uploads\/2018\/05\/intmega-logo1.png","width":377,"height":90,"caption":"iNTMEGA"},"image":{"@id":"https:\/\/www.intmega.com\/en\/#\/schema\/logo\/image\/"},"sameAs":["https:\/\/x.com\/intmega1993","https:\/\/www.instagram.com\/intmega\/","https:\/\/www.linkedin.com\/company\/intmega\/","https:\/\/www.youtube.com\/channel\/UCpkJ10Pg0qMM7DWfZ2RGlPw?view_as=subscriber"]}]}},"_links":{"self":[{"href":"https:\/\/www.intmega.com\/en\/wp-json\/wp\/v2\/pages\/1257","targetHints":{"allow":["GET"]}}],"collection":[{"href":"https:\/\/www.intmega.com\/en\/wp-json\/wp\/v2\/pages"}],"about":[{"href":"https:\/\/www.intmega.com\/en\/wp-json\/wp\/v2\/types\/page"}],"author":[{"embeddable":true,"href":"https:\/\/www.intmega.com\/en\/wp-json\/wp\/v2\/users\/1"}],"replies":[{"embeddable":true,"href":"https:\/\/www.intmega.com\/en\/wp-json\/wp\/v2\/comments?post=1257"}],"version-history":[{"count":1,"href":"https:\/\/www.intmega.com\/en\/wp-json\/wp\/v2\/pages\/1257\/revisions"}],"predecessor-version":[{"id":1258,"href":"https:\/\/www.intmega.com\/en\/wp-json\/wp\/v2\/pages\/1257\/revisions\/1258"}],"up":[{"embeddable":true,"href":"https:\/\/www.intmega.com\/en\/wp-json\/wp\/v2\/pages\/386"}],"wp:attachment":[{"href":"https:\/\/www.intmega.com\/en\/wp-json\/wp\/v2\/media?parent=1257"}],"curies":[{"name":"wp","href":"https:\/\/api.w.org\/{rel}","templated":true}]}}